{"id":714,"date":"2015-12-08T09:54:28","date_gmt":"2015-12-08T09:54:28","guid":{"rendered":"https:\/\/www.halalguda.com\/tr\/proizvodnja\/"},"modified":"2016-07-05T07:09:16","modified_gmt":"2016-07-05T07:09:16","slug":"proizvodnja","status":"publish","type":"page","link":"https:\/\/www.halalguda.com\/tr\/proizvodnja\/","title":{"rendered":"\u0130malat"},"content":{"rendered":"<section class=\"av_textblock_section\"  itemscope=\"itemscope\" itemtype=\"https:\/\/schema.org\/CreativeWork\" ><div class='avia_textblock subheader'   itemprop=\"text\" ><h1 style=\"text-align: center;\">\u0130malat<\/h1>\n<p style=\"text-align: center;\">D\u00f6ner \u015fi\u015f- d\u00f6ner kebap \u00fcretim prosed\u00fcr\u00fcne dikkatle bak\u0131n ve sizin ve m\u00fc\u015fterileriniz i\u00e7in en iyi se\u00e7imin neden oldu\u011funu ke\u015ffedin.<\/p>\n<\/div><\/section>\n<\/div><\/div><\/div><!-- close content main div --><\/div><\/div><div id='av_section_1' class='avia-section main_color avia-section-no-padding avia-shadow avia-bg-style-scroll   container_wrap fullsize'   ><div class='container' ><div class='template-page content  av-content-full alpha units'><div class='post-entry post-entry-type-page post-entry-714'><div class='entry-content-wrapper clearfix'>\n<div class='flex_column_table av-equal-height-column-flextable' ><div class=\"flex_column av_one_fourth  no_margin flex_column_table_cell av-equal-height-column av-align-middle av-zero-column-padding first   \" style='border-radius:0px; '><div class='avia-image-container  av-styling-no-styling    avia-align-center '  itemscope=\"itemscope\" itemtype=\"https:\/\/schema.org\/ImageObject\"  ><div class='avia-image-container-inner'><img class='avia_image ' src='https:\/\/static.halalguda.com\/uploads\/proizvodnja_1.png' alt='' title='proizvodnja_1'   itemprop=\"contentURL\"  \/><\/div><\/div><\/div><div class=\"flex_column av_one_fourth  no_margin flex_column_table_cell av-equal-height-column av-align-middle av-zero-column-padding   \" style='border-radius:0px; '><section class=\"av_textblock_section\"  itemscope=\"itemscope\" itemtype=\"https:\/\/schema.org\/CreativeWork\" ><div class='avia_textblock '   itemprop=\"text\" ><h3>Helal standartlar\u0131n dikkate al\u0131nmas\u0131<\/h3>\n<p>\u00dcretim s\u00fcrecinde kesinlikle t\u00fcm Helal standartlar\u0131 dikkate al\u0131n\u0131yor ve Sadece Helal sertifikal\u0131 malzemeler kullan\u0131l\u0131yor bu nedenle de \u0130slam cemaatinin \u00fcyeleri i\u00e7in \u00fcr\u00fcnlerimizin yeterlili\u011fini sa\u011fl\u0131yoruz.<\/p>\n<\/div><\/section><\/div><div class=\"flex_column av_one_fourth  no_margin flex_column_table_cell av-equal-height-column av-align-middle av-zero-column-padding   \" style='border-radius:0px; '><div class='av-hotspot-image-container avia_animate_when_almost_visible  av-hotspot-blank   hotspot-proizvodnja-2 av-non-fullwidth-hotspot-image '  itemscope=\"itemscope\" itemtype=\"https:\/\/schema.org\/ImageObject\"  ><div class='av-hotspot-container'><div class='av-hotspot-container-inner-cell'><div class='av-hotspot-container-inner-wrap'><div class='av-image-hotspot' data-avia-tooltip-position='top' data-avia-tooltip-alignment='left' data-avia-tooltip-class='av-tt-default-width av-tt-pos-above av-tt-align-left  main_color av-tt-hotspot' data-avia-tooltip='' style='top: 4.7%; left: 14%; '><a href=https:\/\/static.halalguda.com\/uploads\/HG_izjava_zdravje_TUR-1.jpg  target=\"_blank\"  class='av-image-hotspot_inner' style=' '>1<\/a><div class='av-image-hotspot-pulse' ><\/div><\/div><div class='av-image-hotspot' data-avia-tooltip-position='top' data-avia-tooltip-alignment='left' data-avia-tooltip-class='av-tt-default-width av-tt-pos-above av-tt-align-left  main_color av-tt-hotspot' data-avia-tooltip='' style='top: 55.8%; left: 15.5%; '><a href=https:\/\/static.halalguda.com\/uploads\/HG_izjava_halal_TUR-1.jpg  target=\"_blank\"  class='av-image-hotspot_inner' style=' '>2<\/a><div class='av-image-hotspot-pulse' ><\/div><\/div><img class='avia_image ' src='https:\/\/static.halalguda.com\/uploads\/proizvodnja_2.png' alt='Upo\u0161tevanje Halal standardov' title='Upo\u0161tevanje Halal standardov'   itemprop=\"contentURL\"  \/><\/div><\/div><\/div><\/div><\/div><div class=\"flex_column av_one_fourth  no_margin flex_column_table_cell av-equal-height-column av-align-middle av-zero-column-padding   \" style='border-radius:0px; '><section class=\"av_textblock_section\"  itemscope=\"itemscope\" itemtype=\"https:\/\/schema.org\/CreativeWork\" ><div class='avia_textblock '   itemprop=\"text\" ><h3>M\u00fckemmel bir d\u00f6ner kebap kaliteli malzemelere ihtiya\u00e7 duyar<\/h3>\n<p>Do\u011fal \u00fcretime inan\u0131yoruz ve s\u0131k\u0131 bir denetimi olan kan\u0131tlanm\u0131\u015f AB men\u015feli malzemelerin kalitesine g\u00fcveniyoruz.<\/p>\n<\/div><\/section><\/div><\/div><!--close column table wrapper. Autoclose:  -->\n\n<\/div><\/div><\/div><!-- close content main div --><\/div><div class='av-extra-border-element border-extra-arrow-down'><div class='av-extra-border-outer'><div class='av-extra-border-inner'  style='background-color:#ffffff;' ><\/div><\/div><\/div><\/div><div id='av_section_2' class='avia-section main_color avia-section-no-padding avia-shadow avia-bg-style-scroll   container_wrap fullsize'   ><div class='container' ><div class='template-page content  av-content-full alpha units'><div class='post-entry post-entry-type-page post-entry-714'><div class='entry-content-wrapper clearfix'>\n<div class='flex_column_table av-equal-height-column-flextable' ><div class=\"flex_column av_one_fourth  no_margin flex_column_table_cell av-equal-height-column av-align-middle av-zero-column-padding first   \" style='border-radius:0px; '><section class=\"av_textblock_section\"  itemscope=\"itemscope\" itemtype=\"https:\/\/schema.org\/CreativeWork\" ><div class='avia_textblock '   itemprop=\"text\" ><h3>Da\u011flarla \u00e7evrili<\/h3>\n<p>Et \u00fcr\u00fcnlerimizin imalat\u0131 i\u00e7in firmam\u0131z\u0131n konumu ve i\u015fyerini, da\u011flarla \u00e7evrili ve i\u00e7me suyun g\u00f6r\u00fclmemi\u015f safl\u0131\u011f\u0131n\u0131 sa\u011flayan\u00a0 bir yerde se\u00e7memiz tesad\u00fcf de\u011fil.<\/p>\n<p>\u015ei\u015f d\u00f6ner &#8211; d\u00f6ner kebab\u0131n imalat\u0131 i\u00e7in \u00e7ok miktarda su gerekir ve nihai \u00fcr\u00fcn\u00fcn kalitesini etkileyen en temel unsurlar\u0131ndan biri olan\u00a0 saf su&#8217;d\u0131r.<\/p>\n<p>AB&#8217;de temiz su alan\u0131nda ara\u015ft\u0131rmaara bak\u0131n<\/p>\n<\/div><\/section><\/div><div class=\"flex_column av_one_fourth  no_margin flex_column_table_cell av-equal-height-column av-align-middle av-zero-column-padding   \" style='border-radius:0px; '><div class='av-hotspot-image-container avia_animate_when_almost_visible  av-hotspot-blank   hotspot-proizvodnja-3 av-non-fullwidth-hotspot-image '  itemscope=\"itemscope\" itemtype=\"https:\/\/schema.org\/ImageObject\"  ><div class='av-hotspot-container'><div class='av-hotspot-container-inner-cell'><div class='av-hotspot-container-inner-wrap'><div class='av-image-hotspot' data-avia-tooltip-position='top' data-avia-tooltip-alignment='left' data-avia-tooltip-class='av-tt-default-width av-tt-pos-above av-tt-align-left  main_color av-tt-hotspot' data-avia-tooltip='' style='top: 65.9%; left: 51.3%; '><a href=https:\/\/tr.wikipedia.org\/wiki\/Slovenya  target=\"_blank\"  class='av-image-hotspot_inner' style=' '>1<\/a><div class='av-image-hotspot-pulse' ><\/div><\/div><img class='avia_image ' src='https:\/\/static.halalguda.com\/uploads\/proizvodnja_3_tur.png' alt='' title='proizvodnja_3_tur'   itemprop=\"contentURL\"  \/><\/div><\/div><\/div><\/div><\/div><div class=\"flex_column av_one_fourth  no_margin flex_column_table_cell av-equal-height-column av-align-middle av-zero-column-padding   \" style='border-radius:0px; '><section class=\"av_textblock_section\"  itemscope=\"itemscope\" itemtype=\"https:\/\/schema.org\/CreativeWork\" ><div class='avia_textblock '   itemprop=\"text\" ><h3>Bizim standartlar<\/h3>\n<p>Tesislerimizin temizli\u011fi, en y\u00fcksek standartalar i\u00e7in ilgi g\u00f6stermemiz ve\u00a0 HACCP standartlar\u0131n\u0131 dikkate almak, bizim i\u00e7in sadece y\u00f6netmeliklere ilgi g\u00f6stermek de\u011fil, ancak \u00e7al\u0131\u015fmalar\u0131m\u0131z\u0131n ba\u015flang\u0131c\u0131d\u0131r.<\/p>\n<p>Temizlik ve hijyen alan\u0131ndaki t\u00fcm s\u0131k\u0131 standartlar\u0131 dikkate al\u0131yoruz, g\u0131da \u00fcretimi ile ilgili t\u00fcm HACCP kurallar\u0131 ve gereksinimleri ve d\u00fczenlemeleri realize ediyoruz.<\/p>\n<p>Onaylanm\u0131\u015f i\u015fyerinin bir listesini g\u00f6rebilirsiniz.<\/p>\n<\/div><\/section><\/div><div class=\"flex_column av_one_fourth  no_margin flex_column_table_cell av-equal-height-column av-align-middle av-zero-column-padding   \" style='border-radius:0px; '><div class='av-hotspot-image-container avia_animate_when_almost_visible  av-hotspot-blank   hotspot-proizvodnja-4 av-non-fullwidth-hotspot-image '  itemscope=\"itemscope\" itemtype=\"https:\/\/schema.org\/ImageObject\"  ><div class='av-hotspot-container'><div class='av-hotspot-container-inner-cell'><div class='av-hotspot-container-inner-wrap'><img class='avia_image ' src='https:\/\/static.halalguda.com\/uploads\/proizvodnja_4.png' alt='' title='Proizvodnji proces'   itemprop=\"contentURL\"  \/><\/div><\/div><\/div><\/div><\/div><\/div><!--close column table wrapper. Autoclose:  --><\/div><\/div><\/div><!-- close content main div --><\/div><div class='av-extra-border-element border-extra-arrow-down'><div class='av-extra-border-outer'><div class='av-extra-border-inner'  style='background-color:#ffffff;' ><\/div><\/div><\/div><\/div><div id='av_section_3' class='avia-section main_color avia-section-no-padding avia-shadow avia-bg-style-scroll   container_wrap fullsize'   ><div class='container' ><div class='template-page content  av-content-full alpha units'><div class='post-entry post-entry-type-page post-entry-714'><div class='entry-content-wrapper clearfix'>\n<div class='flex_column_table av-equal-height-column-flextable' ><div class=\"flex_column av_one_fourth  no_margin flex_column_table_cell av-equal-height-column av-align-middle av-zero-column-padding first   \" style='border-radius:0px; '><div class='avia-image-container  av-styling-no-styling    avia-align-center '  itemscope=\"itemscope\" itemtype=\"https:\/\/schema.org\/ImageObject\"  ><div class='avia-image-container-inner'><img class='avia_image ' src='https:\/\/static.halalguda.com\/uploads\/proizvodnja_5.png' alt='' title='proizvodnja_5'   itemprop=\"contentURL\"  \/><\/div><\/div><\/div><div class=\"flex_column av_one_fourth  no_margin flex_column_table_cell av-equal-height-column av-align-middle av-zero-column-padding   \" style='border-radius:0px; '><section class=\"av_textblock_section\"  itemscope=\"itemscope\" itemtype=\"https:\/\/schema.org\/CreativeWork\" ><div class='avia_textblock '   itemprop=\"text\" ><h3>Etin i\u015flenmesi<\/h3>\n<p>Taze eti elle haz\u0131rlay\u0131p dilimler veya biftek \u015feklinde -halinde olu\u015fturulur ve makine\u00a0 i\u015fleme yoluyla incelenir ve yumu\u015fan\u0131r, b\u00f6ylece lezzeti, pi\u015fmi\u015f d\u00f6ner kebab\u0131n gibi olur.<\/p>\n<\/div><\/section><\/div><div class=\"flex_column av_one_fourth  no_margin flex_column_table_cell av-equal-height-column av-align-middle av-zero-column-padding   \" style='border-radius:0px; '><div class='avia-image-container  av-styling-no-styling    avia-align-center '  itemscope=\"itemscope\" itemtype=\"https:\/\/schema.org\/ImageObject\"  ><div class='avia-image-container-inner'><img class='avia_image ' src='https:\/\/static.halalguda.com\/uploads\/proizvodnja_6.png' alt='' title='Mariniranje mesa v masirnem stroju'   itemprop=\"contentURL\"  \/><\/div><\/div><\/div><div class=\"flex_column av_one_fourth  no_margin flex_column_table_cell av-equal-height-column av-align-middle av-zero-column-padding   \" style='border-radius:0px; '><section class=\"av_textblock_section\"  itemscope=\"itemscope\" itemtype=\"https:\/\/schema.org\/CreativeWork\" ><div class='avia_textblock '   itemprop=\"text\" ><h3>Masaj makinesinde etin marine edilmesi<\/h3>\n<p>Marinade\u00a0 su ve se\u00e7ilen baharat kar\u0131\u015f\u0131m\u0131ndan olu\u015fur, sizin ve m\u00fc\u015fterilerinizin tad\u0131n\u0131 kar\u015f\u0131lamak amac\u0131yla kar\u0131\u015f\u0131m\u0131 isteklerinize uygun haz\u0131rlay\u0131n.<\/p>\n<\/div><\/section><\/div><\/div><!--close column table wrapper. Autoclose:  -->\n<\/p>\n<p><\/div><\/div><\/div><!-- close content main div --><\/div><div class='av-extra-border-element border-extra-arrow-down'><div class='av-extra-border-outer'><div class='av-extra-border-inner'  style='background-color:#ffffff;' ><\/div><\/div><\/div><\/div><div id='av_section_4' class='avia-section main_color avia-section-no-padding avia-shadow avia-bg-style-scroll   container_wrap fullsize'   ><div class='container' ><div class='template-page content  av-content-full alpha units'><div class='post-entry post-entry-type-page post-entry-714'><div class='entry-content-wrapper clearfix'>\n<div class='flex_column_table av-equal-height-column-flextable' ><div class=\"flex_column av_one_fourth  no_margin flex_column_table_cell av-equal-height-column av-align-middle av-zero-column-padding first   \" style='border-radius:0px; '><section class=\"av_textblock_section\"  itemscope=\"itemscope\" itemtype=\"https:\/\/schema.org\/CreativeWork\" ><div class='avia_textblock '   itemprop=\"text\" ><h3>Ro\u010dno zlaganje in oblikovanje za\u010dinjenega mesa v vrtljiva nabodala &#8211; doner kebabe<\/h3>\n<p>El ile dizilir ve d\u00f6ner makinesine baharatl\u0131 \u015fi\u015f etin olu\u015fumu- d\u00f6ner kebap T\u00fcm d\u00f6ner \u015fi\u015fleri- d\u00f6ner kebaplar\u0131 elle tak\u0131l\u0131r, bu nedenle m\u00fc\u015fterinin isteklerine g\u00f6re ayarlan\u0131r.<\/p>\n<p>Normal net a\u011f\u0131rl\u0131\u011f\u0131: 5 kg, 7 kg, 10 kg, 15 kg, 20 kg, 25 kg, 30 kg<\/p>\n<\/div><\/section><\/div><div class=\"flex_column av_one_fourth  no_margin flex_column_table_cell av-equal-height-column av-align-middle av-zero-column-padding   \" style='border-radius:0px; '><div class='av-hotspot-image-container avia_animate_when_almost_visible  av-hotspot-blank   hotspot-proizvodnja-7 av-non-fullwidth-hotspot-image '  itemscope=\"itemscope\" itemtype=\"https:\/\/schema.org\/ImageObject\"  ><div class='av-hotspot-container'><div class='av-hotspot-container-inner-cell'><div class='av-hotspot-container-inner-wrap'><div class='av-image-hotspot' data-avia-tooltip-position='top' data-avia-tooltip-alignment='left' data-avia-tooltip-class='av-tt-default-width av-tt-pos-above av-tt-align-left  main_color av-tt-hotspot' data-avia-tooltip='' style='top: 67.2%; left: 63.2%; '><a href=https:\/\/tr.wikipedia.org\/wiki\/Slovenya  target=\"_blank\"  class='av-image-hotspot_inner' style=' '>1<\/a><div class='av-image-hotspot-pulse' ><\/div><\/div><img class='avia_image ' src='https:\/\/static.halalguda.com\/uploads\/proizvodnja_7.png' alt='' title='proizvodnja_7'   itemprop=\"contentURL\"  \/><\/div><\/div><\/div><\/div><\/div><div class=\"flex_column av_one_fourth  no_margin flex_column_table_cell av-equal-height-column av-align-middle av-zero-column-padding   \" style='border-radius:0px; '><section class=\"av_textblock_section\"  itemscope=\"itemscope\" itemtype=\"https:\/\/schema.org\/CreativeWork\" ><div class='avia_textblock '   itemprop=\"text\" ><h4>D\u00f6nen makinelerde d\u00f6ner \u015fi\u015f &#8211; d\u00f6ner kebaplar\u0131n\u00a0 plastikten folyoya\u00a0 i\u015fartleme ve ambalajlanmas\u0131<\/h4>\n<p>D\u00f6nen makinede birle\u015fmi\u015f ve \u015fekille\u015fmi\u015f d\u00f6ner kebaplar plastik folyolara ambalajlan\u0131r\u00a0 ve ilgili i\u015faretler ile i\u015faretlenir ve \u015fok odas\u0131na gidecek olan \u00fcr\u00fcnler, ta\u015f\u0131ma arabalar\u0131na konulur.<\/p>\n<\/div><\/section><\/div><div class=\"flex_column av_one_fourth  no_margin flex_column_table_cell av-equal-height-column av-align-middle av-zero-column-padding   \" style='border-radius:0px; '><p><div class='avia-image-container  av-styling-no-styling    avia-align-center '  itemscope=\"itemscope\" itemtype=\"https:\/\/schema.org\/ImageObject\"  ><div class='avia-image-container-inner'><img class='avia_image ' src='https:\/\/static.halalguda.com\/uploads\/proizvodnja_8.png' alt='' title='Proizvodnji proces'   itemprop=\"contentURL\"  \/><\/div><\/div><br \/>\n<section class=\"av_textblock_section\"  itemscope=\"itemscope\" itemtype=\"https:\/\/schema.org\/CreativeWork\" ><div class='avia_textblock oznacbe clearfix'   itemprop=\"text\" ><h4><strong>\u0130\u015faretler:<\/strong><\/h4>\n<p>&#8211; (<a href=\"http:\/\/www.uradni-list.si\/1\/content?id=116104\" target=\"_blank\">Ur. l. RS, \u0161t. 6\/14<\/a>)<br \/>\n&#8211; (<a href=\"http:\/\/www.pisrs.si\/Pis.web\/pregledPredpisa?id=PRAV5391\" target=\"_blank\">Ur. l. RS, \u0161t. 36\/14<\/a>)<br \/>\n&#8211; <a href=\"http:\/\/eur-lex.europa.eu\/LexUriServ\/LexUriServ.do?uri=OJ:L:2011:304:0018:0063:SL:PDF\" target=\"_blank\">\u0161t. 1169\/2011<\/a><\/p>\n<p>&#8211; <a href=\"http:\/\/www.uvhvvr.gov.si\/fileadmin\/uvhvvr.gov.si\/pageuploads\/DELOVNA_PODROCJA\/Krma\/02004R0852-20090420-sl.pdf\" target=\"_blank\">\u0161t. 853\/2004<\/a><br \/>\n&#8211; (<a href=\"http:\/\/www.pisrs.si\/Pis.web\/pregledPredpisa?id=PRAV5670\" target=\"_blank\">Ur. l. RS, \u0161t. 59\/2012<\/a>)<\/p>\n<\/div><\/section><\/p><\/div><\/div><!--close column table wrapper. Autoclose:  -->\n<\/p>\n<\/div><\/div><\/div><!-- close content main div --><\/div><div class='av-extra-border-element border-extra-arrow-down'><div class='av-extra-border-outer'><div class='av-extra-border-inner'  style='background-color:#ffffff;' ><\/div><\/div><\/div><\/div><div id='av_section_5' class='avia-section main_color avia-section-no-padding avia-shadow avia-bg-style-scroll   container_wrap fullsize'   ><div class='container' ><div class='template-page content  av-content-full alpha units'><div class='post-entry post-entry-type-page post-entry-714'><div class='entry-content-wrapper clearfix'>\n<div class='flex_column_table av-equal-height-column-flextable' ><div class=\"flex_column av_one_fourth  no_margin flex_column_table_cell av-equal-height-column av-align-middle av-zero-column-padding first   \" style='border-radius:0px; '><div class='av-hotspot-image-container avia_animate_when_almost_visible  av-hotspot-blank   hotspot-proizvodnja-9 av-non-fullwidth-hotspot-image '  itemscope=\"itemscope\" itemtype=\"https:\/\/schema.org\/ImageObject\"  ><div class='av-hotspot-container'><div class='av-hotspot-container-inner-cell'><div class='av-hotspot-container-inner-wrap'><div class='av-image-hotspot' data-avia-tooltip-position='top' data-avia-tooltip-alignment='left' data-avia-tooltip-class='av-tt-default-width av-tt-pos-above av-tt-align-left  main_color av-tt-hotspot' data-avia-tooltip='' style='top: 71.9%; left: 55.3%; '><a href=https:\/\/static.halalguda.com\/uploads\/HG_izjava_zdravje_TUR-1.jpg  target=\"_blank\"  class='av-image-hotspot_inner' style=' '>1<\/a><div class='av-image-hotspot-pulse' ><\/div><\/div><img class='avia_image ' src='https:\/\/static.halalguda.com\/uploads\/proizvodnja_9.png' alt='' title='proizvodnja_9'   itemprop=\"contentURL\"  \/><\/div><\/div><\/div><\/div><\/div><div class=\"flex_column av_one_fourth  no_margin flex_column_table_cell av-equal-height-column av-align-middle av-zero-column-padding   \" style='border-radius:0px; '><section class=\"av_textblock_section\"  itemscope=\"itemscope\" itemtype=\"https:\/\/schema.org\/CreativeWork\" ><div class='avia_textblock '   itemprop=\"text\" ><h3>\u015eok odas\u0131nda dondurulmas\u0131<\/h3>\n<p>\u015eok odas\u0131n\u0131 kullanarak paketlenmi\u015f ve d\u00fczg\u00fcn bir \u015fekilde etiketlenmi\u015f d\u00f6ner kebap derin &#8211; 40 \u00b0 C &#8216;de dondurulur ve b\u00f6ylece bunun kalite ve kullan\u0131m s\u00fcresinin bitimine kadar sa\u011fl\u0131k uygunlu\u011fu korunur.<\/p>\n<p><span style=\"line-height: 1.5;\">&#8211; (<a href=\"http:\/\/www.pisrs.si\/Pis.web\/pregledPredpisa?id=PRAV5670\" target=\"_blank\">Ur. l. RS, \u0161t. 59\/2012<\/a>)<br \/>\n<\/span>&#8211; <a href=\"http:\/\/eur-lex.europa.eu\/LexUriServ\/LexUriServ.do?uri=OJ:L:2005:338:0001:0026:SL:PDF\" target=\"_blank\">\u0161t. 2073\/2005<\/a><\/p>\n<\/div><\/section><\/div><div class=\"flex_column av_one_fourth  no_margin flex_column_table_cell av-equal-height-column av-align-middle av-zero-column-padding   \" style='border-radius:0px; '><div class='avia-image-container  av-styling-no-styling    avia-align-center '  itemscope=\"itemscope\" itemtype=\"https:\/\/schema.org\/ImageObject\"  ><div class='avia-image-container-inner'><img class='avia_image ' src='https:\/\/static.halalguda.com\/uploads\/proizvodnja_10.png' alt='' title='proizvodnja_10'   itemprop=\"contentURL\"  \/><\/div><\/div><\/div><div class=\"flex_column av_one_fourth  no_margin flex_column_table_cell av-equal-height-column av-align-middle av-zero-column-padding   \" style='border-radius:0px; '><section class=\"av_textblock_section\"  itemscope=\"itemscope\" itemtype=\"https:\/\/schema.org\/CreativeWork\" ><div class='avia_textblock '   itemprop=\"text\" ><h3>Depolamak<\/h3>\n<p>D\u00f6ner kebap 18C &#8211; bir dondurucuda dondurulmu\u015f saklan\u0131r. Bu gibi saklamadaki kullan\u0131m i\u00e7in son s\u00fcre, \u00fcretim ve dondurma tarihinden itibaren en az bir y\u0131ld\u0131r.<\/p>\n<\/div><\/section><\/div><\/div><!--close column table wrapper. Autoclose:  -->\n\n<\/div><\/div><\/div><!-- close content main div --><\/div><div class='av-extra-border-element border-extra-arrow-down'><div class='av-extra-border-outer'><div class='av-extra-border-inner'  style='background-color:#ffffff;' ><\/div><\/div><\/div><\/div><div id='av_section_6' class='avia-section main_color avia-section-no-padding avia-shadow avia-bg-style-scroll   container_wrap fullsize'   ><div class='container' ><div class='template-page content  av-content-full alpha units'><div class='post-entry post-entry-type-page post-entry-714'><div class='entry-content-wrapper clearfix'>\n<div class='flex_column_table av-equal-height-column-flextable' ><div class=\"flex_column av_one_fourth  no_margin flex_column_table_cell av-equal-height-column av-align-middle av-zero-column-padding first   \" style='border-radius:0px; '><section class=\"av_textblock_section\"  itemscope=\"itemscope\" itemtype=\"https:\/\/schema.org\/CreativeWork\" ><div class='avia_textblock '   itemprop=\"text\" ><h3>Teslimat ve kabul\u00fc<\/h3>\n<p>Plastik ve \/ veya ta\u015f\u0131ma i\u00e7in uygun karton palet sand\u0131k sar\u0131l\u0131 dondurulmu\u015f d\u00f6ner kebaplar m\u00fc\u015fterinin adresine teslim edilebilir,\u00a0 ancak ula\u015f\u0131m\u0131n m\u00fc\u015fteriler taraf\u0131ndan sa\u011flanmas\u0131nda\u00a0 kendileri de alabilirler. Ta\u015f\u0131ma s\u0131cakl\u0131\u011f\u0131 &#8211; 18 \u00b0 C<\/p>\n<\/div><\/section><\/div><div class=\"flex_column av_one_fourth  no_margin flex_column_table_cell av-equal-height-column av-align-middle av-zero-column-padding   \" style='border-radius:0px; '><div class='avia-image-container  av-styling-no-styling    avia-align-center '  itemscope=\"itemscope\" itemtype=\"https:\/\/schema.org\/ImageObject\"  ><div class='avia-image-container-inner'><img class='avia_image ' src='https:\/\/static.halalguda.com\/uploads\/proizvodnja_11.png' alt='' title='proizvodnja_11'   itemprop=\"contentURL\"  \/><\/div><\/div><\/div><div class=\"flex_column av_one_half  no_margin flex_column_table_cell av-equal-height-column av-align-middle av-zero-column-padding   \" style='border-radius:0px; '><section class=\"av_textblock_section\"  itemscope=\"itemscope\" itemtype=\"https:\/\/schema.org\/CreativeWork\" ><div class='avia_textblock calltoaction'   itemprop=\"text\" ><h2 style=\"text-align: center;\">Kebeblara ait teklifin incelenmesini mi yoksa sipari\u015fini mi istiyorsunuz.<\/h2>\n<div class=\"buttons_wrapper\"><div class='avia-button-wrap avia-button-center  '><a href='https:\/\/www.halalguda.com\/tr\/produkti\/' class='avia-button  avia-icon_select-no avia-color-theme-color avia-size-small avia-position-center '   ><span class='avia_iconbox_title' >Teklife bak<\/span><\/a><\/div> Veya <div class='avia-button-wrap avia-button-center  '><a href='https:\/\/www.halalguda.com\/tr\/kontakt\/' class='avia-button  avia-icon_select-no avia-color-theme-color avia-size-small avia-position-center '   ><span class='avia_iconbox_title' >bizimle ileti\u015fime ge\u00e7in<\/span><\/a><\/div><\/div>\n<\/div><\/section><\/div><\/div><!--close column table wrapper. Autoclose:  -->\n\n","protected":false},"excerpt":{"rendered":"","protected":false},"author":2,"featured_media":0,"parent":0,"menu_order":0,"comment_status":"closed","ping_status":"closed","template":"","meta":{"footnotes":""},"_links":{"self":[{"href":"https:\/\/www.halalguda.com\/tr\/wp-json\/wp\/v2\/pages\/714"}],"collection":[{"href":"https:\/\/www.halalguda.com\/tr\/wp-json\/wp\/v2\/pages"}],"about":[{"href":"https:\/\/www.halalguda.com\/tr\/wp-json\/wp\/v2\/types\/page"}],"author":[{"embeddable":true,"href":"https:\/\/www.halalguda.com\/tr\/wp-json\/wp\/v2\/users\/2"}],"replies":[{"embeddable":true,"href":"https:\/\/www.halalguda.com\/tr\/wp-json\/wp\/v2\/comments?post=714"}],"version-history":[{"count":6,"href":"https:\/\/www.halalguda.com\/tr\/wp-json\/wp\/v2\/pages\/714\/revisions"}],"predecessor-version":[{"id":871,"href":"https:\/\/www.halalguda.com\/tr\/wp-json\/wp\/v2\/pages\/714\/revisions\/871"}],"wp:attachment":[{"href":"https:\/\/www.halalguda.com\/tr\/wp-json\/wp\/v2\/media?parent=714"}],"curies":[{"name":"wp","href":"https:\/\/api.w.org\/{rel}","templated":true}]}}