{"id":690,"date":"2015-12-08T09:54:40","date_gmt":"2015-12-08T09:54:40","guid":{"rendered":"https:\/\/www.halalguda.com\/tr\/prodajna-mreza\/"},"modified":"2016-06-01T08:36:42","modified_gmt":"2016-06-01T08:36:42","slug":"prodajna-mreza","status":"publish","type":"page","link":"https:\/\/www.halalguda.com\/tr\/prodajna-mreza\/","title":{"rendered":"Sat\u0131\u015f a\u011f\u0131"},"content":{"rendered":"<\/div><\/div><\/div><!-- close content main div --><\/div><\/div><div id='av_section_1' class='avia-section main_color avia-section-default avia-no-shadow avia-bg-style-scroll  subheader container_wrap fullsize'   ><div class='container' ><div class='template-page content  av-content-full alpha units'><div class='post-entry post-entry-type-page post-entry-690'><div class='entry-content-wrapper clearfix'>\n<section class=\"av_textblock_section\"  itemscope=\"itemscope\" itemtype=\"https:\/\/schema.org\/CreativeWork\" ><div class='avia_textblock '   itemprop=\"text\" ><h1 style=\"text-align: center;\">Guda D\u00f6ner Halal et \u00fcr\u00fcnleri sat\u0131\u015f\u0131<\/h1>\n<p style=\"text-align: center;\">Kat\u0131 standartlar\u0131 yerine getirmemiz nedeniyle d\u00f6ner kebap ve di\u011fer helal et \u00fcr\u00fcnlerimize ait sat\u0131\u015f a\u011f\u0131m\u0131z\u0131, m\u00fc\u015fteri ve misafirlerine de\u011fer ve g\u00fcven veren\u00a0 ve sadece en iyilerini sunmak isteyen yerli ve yabanc\u0131 distrib\u00fct\u00f6rler olu\u015fturmaktad\u0131r.<\/p>\n<\/div><\/section>\n\n<div id='av_gmap_1' class='avia-google-map-container' data-mapid='1' style='height: 764px;'><\/div>\n<\/div><\/div><\/div><!-- close content main div --><\/div><\/div><div id='testimonials' class='avia-section main_color avia-section-no-padding avia-no-border-styling avia-bg-style-scroll   container_wrap fullsize'   ><div class='container' ><div class='template-page content  av-content-full alpha units'><div class='post-entry post-entry-type-page post-entry-690'><div class='entry-content-wrapper clearfix'>\n<section class=\"av_textblock_section\"  itemscope=\"itemscope\" itemtype=\"https:\/\/schema.org\/CreativeWork\" ><div class='avia_textblock '   itemprop=\"text\" ><p style=\"text-align: center;\"><strong>Distrib\u00fct\u00f6rlerimizin<\/strong>,<\/p>\n<p style=\"text-align: center;\">(haz\u0131r) yemek servisleri ve bunlar\u0131n m\u00fc\u015fterilerinin\u00a0 g\u00fcven ve memnuniyeti<\/p>\n<p style=\"text-align: center;\">\u00e7abalar\u0131m\u0131z\u00a0 ve \u00e7al\u0131\u015fmalar\u0131m\u0131z\u0131n\u00a0 b\u00fcy\u00fck teyididir.<\/p>\n<\/div><\/section>\n<section class=\"avia_codeblock_section avia_code_block_0\"  itemscope=\"itemscope\" itemtype=\"https:\/\/schema.org\/CreativeWork\" ><div class='avia_codeblock '  itemprop=\"text\" > [avia_codeblock_placeholder uid=\"0\"] <\/div><\/section>\n\n<\/div><\/div><\/div><!-- close content main div --><\/div><\/div><div id='calltoaction' class='avia-section main_color avia-section-no-padding avia-no-border-styling avia-bg-style-scroll  section-extra-side-padding container_wrap fullsize'   ><div class='container' ><div class='template-page content  av-content-full alpha units'><div class='post-entry post-entry-type-page post-entry-690'><div class='entry-content-wrapper clearfix'>\n<section class=\"av_textblock_section\"  itemscope=\"itemscope\" itemtype=\"https:\/\/schema.org\/CreativeWork\" ><div class='avia_textblock '   itemprop=\"text\" ><h3 style=\"text-align: center;\">\u00dcr\u00fcnlerimizi deneme ya da bizimle \u00e7al\u0131\u015fmak ister misiniz?<\/h3>\n<p style=\"text-align: center;\">E\u011fer sizler de kaliteye de\u011fer verirseniz\u00a0 ve ayr\u0131ca m\u00fc\u015fterilerinize y\u00fcksek kaliteli ve lezzetli d\u00f6ner kebap ve di\u011fer helal et \u00fcr\u00fcnlerini sunmak isterseniz ya da \u00fcr\u00fcnnlerimizin tad\u0131n\u0131 almak amac\u0131yla test etmek veya tan\u0131mak istiyorsan\u0131z, bizimle irtibata ge\u00e7menizi davet ediyoruz.<\/p>\n<\/div><\/section>\n<div class='avia-button-wrap avia-button-center  '><a href='https:\/\/www.halalguda.com\/tr\/proizvodnja\/' class='avia-button  avia-icon_select-no avia-color-theme-color avia-size-small avia-position-center '   ><span class='avia_iconbox_title' >\u00dcretimi g\u00f6r\u00fcn<\/span><\/a><\/div>\n\n","protected":false},"excerpt":{"rendered":"","protected":false},"author":2,"featured_media":0,"parent":0,"menu_order":0,"comment_status":"closed","ping_status":"closed","template":"","meta":{"footnotes":""},"_links":{"self":[{"href":"https:\/\/www.halalguda.com\/tr\/wp-json\/wp\/v2\/pages\/690"}],"collection":[{"href":"https:\/\/www.halalguda.com\/tr\/wp-json\/wp\/v2\/pages"}],"about":[{"href":"https:\/\/www.halalguda.com\/tr\/wp-json\/wp\/v2\/types\/page"}],"author":[{"embeddable":true,"href":"https:\/\/www.halalguda.com\/tr\/wp-json\/wp\/v2\/users\/2"}],"replies":[{"embeddable":true,"href":"https:\/\/www.halalguda.com\/tr\/wp-json\/wp\/v2\/comments?post=690"}],"version-history":[{"count":6,"href":"https:\/\/www.halalguda.com\/tr\/wp-json\/wp\/v2\/pages\/690\/revisions"}],"predecessor-version":[{"id":800,"href":"https:\/\/www.halalguda.com\/tr\/wp-json\/wp\/v2\/pages\/690\/revisions\/800"}],"wp:attachment":[{"href":"https:\/\/www.halalguda.com\/tr\/wp-json\/wp\/v2\/media?parent=690"}],"curies":[{"name":"wp","href":"https:\/\/api.w.org\/{rel}","templated":true}]}}