{"id":686,"date":"2015-12-08T09:54:51","date_gmt":"2015-12-08T09:54:51","guid":{"rendered":"https:\/\/www.halalguda.com\/tr\/o-podjetju\/"},"modified":"2016-06-30T07:20:21","modified_gmt":"2016-06-30T07:20:21","slug":"o-podjetju","status":"publish","type":"page","link":"https:\/\/www.halalguda.com\/tr\/o-podjetju\/","title":{"rendered":"\u015eirket hakk\u0131nda"},"content":{"rendered":"<\/div><\/div><\/div><!-- close content main div --><\/div><\/div><div id='av_section_1' class='avia-section main_color avia-section-default avia-no-shadow avia-bg-style-scroll  subheader section-extra-side-padding container_wrap fullsize'   ><div class='container' ><div class='template-page content  av-content-full alpha units'><div class='post-entry post-entry-type-page post-entry-686'><div class='entry-content-wrapper clearfix'>\n<section class=\"av_textblock_section\"  itemscope=\"itemscope\" itemtype=\"https:\/\/schema.org\/CreativeWork\" ><div class='avia_textblock font-size-20'   itemprop=\"text\" ><h1 style=\"text-align: center;\">\u015eirketin tan\u0131t\u0131m\u0131<\/h1>\n<p style=\"text-align: center;\">Halal Guda D\u00f6ner kebaplar baharatl\u0131 et kebaplar\u0131 veya d\u00f6ner kebab\u0131 sat\u0131\u015f\u0131 ve \u00fcretimi i\u00e7in en b\u00fcy\u00fck ve ba\u015far\u0131l\u0131 Sloven \u015firketidir. 2013 y\u0131l\u0131nda kuruldu, i\u015fyeri bozulmam\u0131\u015f do\u011fa ile \u00e7evrili, Gorenjska, Mlaka pri Kranju&#8217;da bulunmaktad\u0131r.<\/p>\n<\/div><\/section>\n<section class=\"av_textblock_section\"  itemscope=\"itemscope\" itemtype=\"https:\/\/schema.org\/CreativeWork\" ><div class='avia_textblock font-size-20'   itemprop=\"text\" ><p><span class=\"av_dropcap1 \" >24<\/span> Ekip, her zaman m\u00fc\u015fterilerimizin t\u00fcm isteklerini yerine getirmek amac\u0131yla,\u00a0 24 azimli ve g\u00fcvenilir personelden olu\u015fur.<\/p>\n<\/div><\/section>\n<section class=\"av_textblock_section\"  itemscope=\"itemscope\" itemtype=\"https:\/\/schema.org\/CreativeWork\" ><div class='avia_textblock font-size-20'   itemprop=\"text\" ><p style=\"text-align: center;\">Et \u00fcr\u00fcnleri distrib\u00fct\u00f6rler yan\u0131t, g\u00fcvenilirlik ve esnekli\u011fimizi takdir ediyorlar, m\u00fckkemel lezzeti ve kalitesine ise nihai t\u00fcketiciler sad\u0131k kal\u0131yorlar.<\/p>\n<\/div><\/section>\n\n<\/div><\/div><\/div><!-- close content main div --><\/div><\/div><div id='av_section_2' class='avia-section main_color avia-section-no-padding avia-no-border-styling avia-bg-style-scroll  section-fullwidth section-slike-podjetja container_wrap fullsize'   ><div class='container' ><div class='template-page content  av-content-full alpha units'><div class='post-entry post-entry-type-page post-entry-686'><div class='entry-content-wrapper clearfix'>\n<div class='flex_column_table av-equal-height-column-flextable' ><div class=\"flex_column av_one_half  avia-full-stretch no_margin flex_column_table_cell av-equal-height-column av-align-top av-zero-column-padding first   \" style='border-radius:0px; '><div class='avia-image-container  av-styling-no-styling    avia-align-center '  itemscope=\"itemscope\" itemtype=\"https:\/\/schema.org\/ImageObject\"  ><div class='avia-image-container-inner'><img class='avia_image ' src='https:\/\/static.halalguda.com\/uploads\/o-podjetju_1.jpg' alt='' title='Poslovna stavba podjetja Halal Guda'   itemprop=\"contentURL\"  \/><\/div><\/div><\/div><div class=\"flex_column av_one_half  avia-full-stretch no_margin flex_column_table_cell av-equal-height-column av-align-top av-zero-column-padding    \" style='border-radius:0px; '><div class='avia-image-container  av-styling-no-styling    avia-align-center '  itemscope=\"itemscope\" itemtype=\"https:\/\/schema.org\/ImageObject\"  ><div class='avia-image-container-inner'><img class='avia_image ' src='https:\/\/static.halalguda.com\/uploads\/o-podjetju_2.jpg' alt='Proizvodnja podjetja Halal Guda' title='Proizvodnja podjetja Halal Guda'   itemprop=\"contentURL\"  \/><\/div><\/div><\/div><\/div><!--close column table wrapper. Autoclose:  -->\n\n<\/div><\/div><\/div><!-- close content main div --><\/div><\/div><div id='av_section_3' class='avia-section main_color avia-section-default avia-no-border-styling avia-bg-style-scroll  section-background-sivorjav container_wrap fullsize'   ><div class='container' ><div class='template-page content  av-content-full alpha units'><div class='post-entry post-entry-type-page post-entry-686'><div class='entry-content-wrapper clearfix'>\n<div class='flex_column_table av-equal-height-column-flextable' ><div class=\"flex_column av_two_fifth  flex_column_table_cell av-equal-height-column av-align-top av-zero-column-padding first   \" style='border-radius:0px; '><section class=\"av_textblock_section\"  itemscope=\"itemscope\" itemtype=\"https:\/\/schema.org\/CreativeWork\" ><div class='avia_textblock '   itemprop=\"text\" ><h2>Nelere inan\u0131r\u0131z<\/h2>\n<p>Halal Guda \u015eirketinde kalite ve gelece\u011fe inan\u0131yoruz, bu nedenlen \u00fcr\u00fcnlerimizin haz\u0131rlanmas\u0131nda sadece saf su ve do\u011frulanm\u0131\u015f kaynaklardan en iyi malzemeyi se\u00e7ilir ve kesinlikle t\u00fcm \u00fcretim s\u00fcreci boyunca helal ve HACCP standartlar\u0131n\u0131 tutuyoruz.<\/p>\n<p>\u00d6zellikle Helal Sertifika vek\u00fc\u00e7\u00fck ve orta \u00f6l\u00e7ekli i\u015fletmeler alan\u0131ndaki Alt\u0131n madalya (i\u015faret) i\u00e7in gurur duyar\u0131z, bunlar \u00fcr\u00fcnlerimizin y\u00fcksek kalite, g\u00fcvenirlik ve profesyonelli\u011fini g\u00f6stermektedir.<\/p>\n<\/div><\/section><\/div><div class='av-flex-placeholder'><\/div><div class=\"flex_column av_two_fifth  flex_column_table_cell av-equal-height-column av-align-top av-zero-column-padding   \" style='border-radius:0px; '><section class=\"av_textblock_section\"  itemscope=\"itemscope\" itemtype=\"https:\/\/schema.org\/CreativeWork\" ><div class='avia_textblock '   itemprop=\"text\" ><h2>Bizi nerede bulabilirsiniz?<\/h2>\n<p>Mlaka pri Kranju&#8217;da bulabilirsiniz.<\/p>\n<p>\u015eu anda be\u015f \u00fclkede faaliyet g\u00f6sterir ve\u00a0 yedi distrib\u00fct\u00f6rler ile i\u015fbirli\u011fi yap\u0131yoruz..<\/p>\n<p>Sat\u0131\u015f a\u011f\u0131m\u0131z ve memnun m\u00fc\u015fteri say\u0131s\u0131 giderek daha fazla\u00a0 artmaktad\u0131r \u00e7\u00fcnk\u00fc insanlar\u0131n fazlas\u0131 sa\u011fl\u0131kl\u0131 ve kaliteli g\u0131da \u00f6neminin fark\u0131nda oluyor.<\/p>\n<\/div><\/section><\/div><div class='av-flex-placeholder'><\/div><div class=\"flex_column av_one_fifth  flex_column_table_cell av-equal-height-column av-align-top av-zero-column-padding   cta \" style='border-radius:0px; '><section class=\"av_textblock_section\"  itemscope=\"itemscope\" itemtype=\"https:\/\/schema.org\/CreativeWork\" ><div class='avia_textblock '   itemprop=\"text\" ><p><em>Bizleri ziyaret edin ve m\u00fckemmel \u00fcr\u00fcnlerimizi deney\u0131n kesinlikle ailemizin bir par\u00e7as\u0131 olmak isteyeceksiniz.<\/em><\/p>\n<\/div><\/section><\/div><\/div><!--close column table wrapper. Autoclose:  -->\n\n<\/div><\/div><\/div><!-- close content main div --><\/div><\/div><div id='av_section_4' class='avia-section main_color avia-section-default avia-no-shadow avia-bg-style-scroll  section-certifikati container_wrap fullsize'   ><div class='container' ><div class='template-page content  av-content-full alpha units'><div class='post-entry post-entry-type-page post-entry-686'><div class='entry-content-wrapper clearfix'>\n<div class='flex_column_table av-equal-height-column-flextable' ><div class=\"flex_column av_two_fifth  flex_column_table_cell av-equal-height-column av-align-middle av-zero-column-padding first   \" style='border-radius:0px; '><section class=\"av_textblock_section\"  itemscope=\"itemscope\" itemtype=\"https:\/\/schema.org\/CreativeWork\" ><div class='avia_textblock '   itemprop=\"text\" ><h2>Sertifikalar<\/h2>\n<p>\u00dcretimimizdeki kalite ve g\u00fcven belirtilen\u00a0 t\u00fcm yasal standartlara uygunlu\u011fun olmas\u0131 ve kalite ile uyum i\u00e7in\u00a0 elde edilen sertifikalar ifade eder.<\/p>\n<\/div><\/section><\/div><div class='av-flex-placeholder'><\/div><div class=\"flex_column av_three_fifth  flex_column_table_cell av-equal-height-column av-align-middle av-zero-column-padding   certifikati \" style='border-radius:0px; '><p><div class='avia-image-container  av-styling-    avia-align-center '  itemscope=\"itemscope\" itemtype=\"https:\/\/schema.org\/ImageObject\"  ><div class='avia-image-container-inner'><a href='https:\/\/static.halalguda.com\/uploads\/HG_izjava_halal_TUR-1.jpg' class='avia_image'   target=\"_blank\" ><img class='avia_image ' src='https:\/\/static.halalguda.com\/uploads\/standard-halal-hand.png' alt='' title='Certifikat Halalguda'  itemprop=\"contentURL\"  \/><\/a><\/div><\/div><br \/>\n<div class='avia-image-container  av-styling-    avia-align-center '  itemscope=\"itemscope\" itemtype=\"https:\/\/schema.org\/ImageObject\"  ><div class='avia-image-container-inner'><img class='avia_image ' src='https:\/\/static.halalguda.com\/uploads\/turska_znacka-1.png' alt='' title='turska_znacka'   itemprop=\"contentURL\"  \/><\/div><\/div><br \/>\n<div class='avia-image-container  av-styling-    avia-align-center '  itemscope=\"itemscope\" itemtype=\"https:\/\/schema.org\/ImageObject\"  ><div class='avia-image-container-inner'><a href='\/\/static.halalguda.com\/uploads\/certifikat-sme-excellent.png' class='avia_image'   target=\"_blank\" ><img class='avia_image ' src='https:\/\/static.halalguda.com\/uploads\/certifikat-excellent-sme.png' alt='' title='Certifikat Excellent SME'  itemprop=\"contentURL\"  \/><\/a><\/div><\/div><br \/>\n<div class='avia-image-container  av-styling-    avia-align-center '  itemscope=\"itemscope\" itemtype=\"https:\/\/schema.org\/ImageObject\"  ><div class='avia-image-container-inner'><a href='\/\/static.halalguda.com\/uploads\/certifikat-bonitetna-ocena-si.png' class='avia_image'   target=\"_blank\" ><img class='avia_image ' src='https:\/\/static.halalguda.com\/uploads\/certifikat-bonitetna-ocena-znakA.png' alt='' title='Bonitetna ocena A'  itemprop=\"contentURL\"  \/><\/a><\/div><\/div><\/p><\/div><\/div><!--close column table wrapper. Autoclose:  --><\/div><\/div><\/div><!-- close content main div --><\/div><\/div><div id='testimonials' class='avia-section main_color avia-section-no-padding avia-no-border-styling avia-bg-style-scroll   container_wrap fullsize'   ><div class='container' ><div class='template-page content  av-content-full alpha units'><div class='post-entry post-entry-type-page post-entry-686'><div class='entry-content-wrapper clearfix'>\n<section class=\"av_textblock_section\"  itemscope=\"itemscope\" itemtype=\"https:\/\/schema.org\/CreativeWork\" ><div class='avia_textblock '   itemprop=\"text\" ><p style=\"text-align: center;\"><strong>Distrib\u00fct\u00f6rlerimizin<\/strong>,<\/p>\n<p style=\"text-align: center;\">(haz\u0131r) yemek servisleri ve bunlar\u0131n m\u00fc\u015fterilerinin\u00a0 g\u00fcven ve memnuniyeti<\/p>\n<p style=\"text-align: center;\">\u00e7abalar\u0131m\u0131z\u00a0 ve \u00e7al\u0131\u015fmalar\u0131m\u0131z\u0131n\u00a0 b\u00fcy\u00fck teyididir.<\/p>\n<\/div><\/section>\n<section class=\"avia_codeblock_section avia_code_block_0\"  itemscope=\"itemscope\" itemtype=\"https:\/\/schema.org\/CreativeWork\" ><div class='avia_codeblock '  itemprop=\"text\" > [avia_codeblock_placeholder uid=\"0\"] <\/div><\/section>\n<\/p>\n","protected":false},"excerpt":{"rendered":"","protected":false},"author":2,"featured_media":0,"parent":0,"menu_order":0,"comment_status":"closed","ping_status":"closed","template":"","meta":{"footnotes":""},"_links":{"self":[{"href":"https:\/\/www.halalguda.com\/tr\/wp-json\/wp\/v2\/pages\/686"}],"collection":[{"href":"https:\/\/www.halalguda.com\/tr\/wp-json\/wp\/v2\/pages"}],"about":[{"href":"https:\/\/www.halalguda.com\/tr\/wp-json\/wp\/v2\/types\/page"}],"author":[{"embeddable":true,"href":"https:\/\/www.halalguda.com\/tr\/wp-json\/wp\/v2\/users\/2"}],"replies":[{"embeddable":true,"href":"https:\/\/www.halalguda.com\/tr\/wp-json\/wp\/v2\/comments?post=686"}],"version-history":[{"count":6,"href":"https:\/\/www.halalguda.com\/tr\/wp-json\/wp\/v2\/pages\/686\/revisions"}],"predecessor-version":[{"id":836,"href":"https:\/\/www.halalguda.com\/tr\/wp-json\/wp\/v2\/pages\/686\/revisions\/836"}],"wp:attachment":[{"href":"https:\/\/www.halalguda.com\/tr\/wp-json\/wp\/v2\/media?parent=686"}],"curies":[{"name":"wp","href":"https:\/\/api.w.org\/{rel}","templated":true}]}}