{"id":676,"date":"2015-11-30T10:06:41","date_gmt":"2015-11-30T10:06:41","guid":{"rendered":"https:\/\/www.halalguda.com\/tr\/domov\/"},"modified":"2016-06-30T07:16:26","modified_gmt":"2016-06-30T07:16:26","slug":"domov","status":"publish","type":"page","link":"https:\/\/www.halalguda.com\/tr\/","title":{"rendered":"Domov"},"content":{"rendered":"<\/div><\/div><\/div><!-- close content main div --><\/div><\/div><div id='av-layout-grid-1' class='av-layout-grid-container entry-content-wrapper main_color av-flex-cells  subheader container_wrap fullsize'   >\n<div class=\"flex_cell no_margin av_one_half  left  avia-full-stretch av-zero-padding \" style='background-image:url(https:\/\/static.halalguda.com\/uploads\/domov-proizvodnja.jpg); background-position:center left; background-repeat:no-repeat; background-attachment:scroll; vertical-align:middle; padding:0; '><div class='flex_cell_inner' ><div class=\"flex_column av_one_full  flex_column_div av-zero-column-padding first  top \" style='border-radius:0px; '><section class=\"av_textblock_section\"  itemscope=\"itemscope\" itemtype=\"https:\/\/schema.org\/CreativeWork\" ><div class='avia_textblock '   itemprop=\"text\" ><h1>Et \u00fcr\u00fcnleri imalat\u0131<\/h1>\n<\/div><\/section><br \/>\n<div class='avia-button-wrap avia-button-left  '><a href='https:\/\/www.halalguda.com\/tr\/' class='avia-button  avia-icon_select-no avia-color-custom avia-size-small avia-position-left '  style='background-color:; border-color:; color:; ' ><span class='avia_iconbox_title' >Kebab teklifi<\/span><\/a><\/div><\/p><\/div>\n<\/div><\/div><div class=\"flex_cell no_margin av_one_half  right  av-zero-padding \" style='vertical-align:top; padding:0px; '><div class='flex_cell_inner' ><p><div class=\"flex_column av_one_full  avia-full-stretch no_margin flex_column_div av-zero-column-padding first  top \" style='background-image:url(https:\/\/static.halalguda.com\/uploads\/domov-proizvodnja-2.jpg); background-position:center left; background-repeat:no-repeat; border-radius:0px; '><section class=\"av_textblock_section\"  itemscope=\"itemscope\" itemtype=\"https:\/\/schema.org\/CreativeWork\" ><div class='avia_textblock '   itemprop=\"text\" ><h2>\u0130malat\u0131m\u0131z<\/h2>\n<\/div><\/section><br \/>\n<div class='avia-button-wrap avia-button-left  '><a href='https:\/\/www.halalguda.com\/tr\/' class='avia-button  avia-icon_select-no avia-color-custom avia-size-small avia-position-left '  style='background-color:; border-color:; color:; ' ><span class='avia_iconbox_title' >\u0130malat\u0131m\u0131za bir bak\u0131n<\/span><\/a><\/div><\/p><\/div><div class=\"flex_column av_one_full  no_margin flex_column_div av-zero-column-padding first  bottom \" style='background-image:url(https:\/\/static.halalguda.com\/uploads\/footer-background.png); background-position:top left; background-repeat:repeat-x; border-radius:0px; '><p><section class=\"av_textblock_section\"  itemscope=\"itemscope\" itemtype=\"https:\/\/schema.org\/CreativeWork\" ><div class='avia_textblock '   itemprop=\"text\" ><p>S\u0131k\u0131 standartlara sad\u0131k\u0131z<\/p>\n<\/div><\/section><br \/>\n<span class=\"av_font_icon avia_animate_when_visible av-icon-style-border ikona-euporeklo av-no-color avia-icon-pos-center \" style=\"\"><span class='av-icon-char' style='font-size:40px;line-height:40px;width:40px;' aria-hidden='true' data-av_icon='\ue800' data-av_iconfont='entypo-fontello' ><\/span><span class='av_icon_caption av-special-font'>AB men\u015feli malzemeler<\/span><\/span><br \/>\n<span class=\"av_font_icon avia_animate_when_visible av-icon-style-border ikona-cistavoda av-no-color avia-icon-pos-center \" style=\"\"><span class='av-icon-char' style='font-size:40px;line-height:40px;width:40px;' aria-hidden='true' data-av_icon='\ue800' data-av_iconfont='entypo-fontello' ><\/span><span class='av_icon_caption av-special-font'>Temiz su<\/span><\/span><br \/>\n<span class=\"av_font_icon avia_animate_when_visible av-icon-style-border ikona-naravnapridelava av-no-color avia-icon-pos-center \" style=\"\"><span class='av-icon-char' style='font-size:40px;line-height:40px;width:40px;' aria-hidden='true' data-av_icon='\ue800' data-av_iconfont='entypo-fontello' ><\/span><span class='av_icon_caption av-special-font'>Do\u011fal ve do\u011frulanm\u0131\u015f<\/span><\/span><br \/>\n<span class=\"av_font_icon avia_animate_when_visible av-icon-style-border ikona-standardcistoce av-no-color avia-icon-pos-center \" style=\"\"><span class='av-icon-char' style='font-size:40px;line-height:40px;width:40px;' aria-hidden='true' data-av_icon='\ue800' data-av_iconfont='entypo-fontello' ><\/span><span class='av_icon_caption av-special-font'>Temizli\u011fin s\u0131k\u0131 standartlar\u0131<\/span><\/span><br \/>\n<span class=\"av_font_icon avia_animate_when_visible av-icon-style-border ikona-halalstandard av-no-color avia-icon-pos-center \" style=\"\"><span class='av-icon-char' style='font-size:40px;line-height:40px;width:40px;' aria-hidden='true' data-av_icon='\ue800' data-av_iconfont='entypo-fontello' ><\/span><span class='av_icon_caption av-special-font'>Helal standartlar<\/span><\/span><br \/>\n<span class=\"av_font_icon avia_animate_when_visible av-icon-style-border ikona-redneanalize av-no-color avia-icon-pos-center \" style=\"\"><span class='av-icon-char' style='font-size:40px;line-height:40px;width:40px;' aria-hidden='true' data-av_icon='\ue800' data-av_iconfont='entypo-fontello' ><\/span><span class='av_icon_caption av-special-font'>Kalite analizi<\/span><\/span><\/p><\/div><\/p>\n<\/div><\/div>\n<\/div>\n<\/div><\/div><\/div><!-- close content main div --><\/div><\/div><div id='av_section_1' class='avia-section main_color avia-section-default avia-no-shadow avia-bg-style-scroll  standardi header container_wrap fullsize' style = 'background-repeat: no-repeat; background-image: url(https:\/\/static.halalguda.com\/uploads\/domov-section-background1.png); background-attachment: scroll; background-position: center center; ' data-section-bg-repeat='no-repeat' ><div class='container' ><div class='template-page content  av-content-full alpha units'><div class='post-entry post-entry-type-page post-entry-676'><div class='entry-content-wrapper clearfix'>\n<section class=\"av_textblock_section\"  itemscope=\"itemscope\" itemtype=\"https:\/\/schema.org\/CreativeWork\" ><div class='avia_textblock '   itemprop=\"text\" ><p style=\"text-align: center;\">D\u00f6ner kebeblar-t\u00fcm HACCP ve HELAL standartlar\u0131 ve s\u0131k\u0131 kalite ve temizlik standartlar\u0131n\u0131 dikkate alarak, \u00f6zenle se\u00e7ilmi\u015f malzemelerden T\u00fcrk re\u00e7etesine g\u00f6re lezzetli, sa\u011fl\u0131kl\u0131 ve y\u00fcksek kaliteli, \u00e7evre dostu ve do\u011fal bir \u015fekilde baharatl\u0131 et \u015fi\u015f d\u00f6ner \u00fcretmekteyiz.<\/p>\n<p style=\"text-align: center;\">\u00dcr\u00fcn yelpazemiz di\u011fer helal et \u00fcr\u00fcnlerini de\u00a0 i\u00e7erir.<\/p>\n<\/div><\/section>\n\n<\/div><\/div><\/div><!-- close content main div --><\/div><\/div><div id='av_section_2' class='avia-section main_color avia-section-small avia-no-border-styling avia-bg-style-scroll  standardi content container_wrap fullsize'   ><div class='container' ><div class='template-page content  av-content-full alpha units'><div class='post-entry post-entry-type-page post-entry-676'><div class='entry-content-wrapper clearfix'>\n<section class=\"av_textblock_section\"  itemscope=\"itemscope\" itemtype=\"https:\/\/schema.org\/CreativeWork\" ><div class='avia_textblock '   itemprop=\"text\" ><h2 style=\"text-align: center;\">S\u0131k\u0131 standartlara sad\u0131k\u0131z.<\/h2>\n<\/div><\/section>\n<div class=\"flex_column av_one_third  flex_column_div av-zero-column-padding first  \" style='border-radius:0px; '><p><span class=\"av_font_icon avia_animate_when_visible av-icon-style-border ikona-euporeklo av-no-color avia-icon-pos-center \" style=\"\"><span class='av-icon-char' style='font-size:40px;line-height:40px;width:40px;' aria-hidden='true' data-av_icon='\ue800' data-av_iconfont='entypo-fontello' ><\/span><span class='av_icon_caption av-special-font'>AB men\u015feli malzemeler<\/span><\/span><br \/>\n<section class=\"av_textblock_section\"  itemscope=\"itemscope\" itemtype=\"https:\/\/schema.org\/CreativeWork\" ><div class='avia_textblock '   itemprop=\"text\" ><p style=\"text-align: left;\">\u00dcr\u00fcnlerimizdeki t\u00fcm malzemeler Avrupa k\u00f6kenli ve b\u00f6ylece kalite, izlenebilirlik, sa\u011fl\u0131k ve yasal standartlara ve \u015fartlara uyma konusunda s\u0131k\u0131 kontrollere tabidirler..<\/p>\n<\/div><\/section><\/p><\/div><div class=\"flex_column av_one_third  flex_column_div av-zero-column-padding   \" style='border-radius:0px; '><p><span class=\"av_font_icon avia_animate_when_visible av-icon-style-border ikona-standardcistoce av-no-color avia-icon-pos-center \" style=\"\"><span class='av-icon-char' style='font-size:40px;line-height:40px;width:40px;' aria-hidden='true' data-av_icon='\ue800' data-av_iconfont='entypo-fontello' ><\/span><span class='av_icon_caption av-special-font'>Temizli\u011fin s\u0131k\u0131 standartlar\u0131<\/span><\/span><br \/>\n<section class=\"av_textblock_section\"  itemscope=\"itemscope\" itemtype=\"https:\/\/schema.org\/CreativeWork\" ><div class='avia_textblock '   itemprop=\"text\" ><p>S\u0131k\u0131 temizlik standartlar\u0131n dikkate al\u0131nmas\u0131,\u00a0 iyi hijyen uygulamalar\u0131 ve kirliliklerin d\u00fczenli olarak mekanik ve elle kald\u0131r\u0131lmas\u0131, kalite ve sa\u011fl\u0131k dostu ve t\u00fcketiciye g\u00fcvenilir ve en y\u00fcksek kalitede g\u0131da sa\u011flamak i\u00e7in temeldir.<\/p>\n<\/div><\/section><\/p><\/div><div class=\"flex_column av_one_third  flex_column_div av-zero-column-padding   \" style='border-radius:0px; '><p><span class=\"av_font_icon avia_animate_when_visible av-icon-style-border ikona-cistavoda av-no-color avia-icon-pos-center \" style=\"\"><span class='av-icon-char' style='font-size:40px;line-height:40px;width:40px;' aria-hidden='true' data-av_icon='\ue800' data-av_iconfont='entypo-fontello' ><\/span><span class='av_icon_caption av-special-font'>Temiz su<\/span><\/span><br \/>\n<section class=\"av_textblock_section\"  itemscope=\"itemscope\" itemtype=\"https:\/\/schema.org\/CreativeWork\" ><div class='avia_textblock '   itemprop=\"text\" ><p>Kaliteli ve sa\u011fl\u0131\u011fa zarars\u0131z g\u0131dalar i\u00e7in temiz, kirlenmemi\u015f ve insan i\u00e7in uygun olan i\u00e7me suyunun kullan\u0131m\u0131 \u015fartt\u0131r. \u00c7evremizde yeterli temiz su olmas\u0131na ra\u011fmen, d\u00fczenli olarak izleme ger\u00e7ekle\u015ftirilir..<\/p>\n<\/div><\/section><\/p><\/div><div class=\"flex_column av_one_third  flex_column_div av-zero-column-padding first  \" style='border-radius:0px; '><p><span class=\"av_font_icon avia_animate_when_visible av-icon-style-border ikona-naravnapridelava av-no-color avia-icon-pos-center \" style=\"\"><span class='av-icon-char' style='font-size:40px;line-height:40px;width:40px;' aria-hidden='true' data-av_icon='\ue800' data-av_iconfont='entypo-fontello' ><\/span><span class='av_icon_caption av-special-font'>Do\u011fal imalat\u0131 ve do\u011frulanm\u0131\u015f tedarik\u00e7iler<\/span><\/span><br \/>\n<section class=\"av_textblock_section\"  itemscope=\"itemscope\" itemtype=\"https:\/\/schema.org\/CreativeWork\" ><div class='avia_textblock '   itemprop=\"text\" ><p>Sadece, tamamiyle HACCP ve HELAL standartlar\u0131n\u0131 ve hammaddelerin\u00a0 hayvan ve insanlara zararl\u0131 ya da sa\u011fl\u0131ks\u0131z katk\u0131 maddelerini kullanmayan do\u011fal ve \u00e7evre dostu bir \u015fekilde yeti\u015ftiren, do\u011frulanm\u0131\u015f tedarik\u00e7iler ile \u00e7al\u0131\u015fmaktay\u0131z.<\/p>\n<\/div><\/section><\/p><\/div><div class=\"flex_column av_one_third  flex_column_div av-zero-column-padding   \" style='border-radius:0px; '><p><span class=\"av_font_icon avia_animate_when_visible av-icon-style-border ikona-halalstandard av-no-color avia-icon-pos-center \" style=\"\"><span class='av-icon-char' style='font-size:40px;line-height:40px;width:40px;' aria-hidden='true' data-av_icon='\ue800' data-av_iconfont='entypo-fontello' ><\/span><span class='av_icon_caption av-special-font'>Helal standartlar<\/span><\/span><br \/>\n<section class=\"av_textblock_section\"  itemscope=\"itemscope\" itemtype=\"https:\/\/schema.org\/CreativeWork\" ><div class='avia_textblock '   itemprop=\"text\" ><p>\u00dcretim s\u00fcrecinde kesinlikle t\u00fcm helal standartlar\u0131na ba\u011fl\u0131 kalmaktay\u0131z ve sadece helal sertifikalar\u0131 ile malzemeler kullan\u0131d\u0131p, b\u00f6ylece \u0130slam Birli\u011fi \u00fcyeleri i\u00e7in \u00fcr\u00fcnlerimizin uygunlu\u011funu sa\u011flamaktay\u0131z.<\/p>\n<\/div><\/section><\/p><\/div><div class=\"flex_column av_one_third  flex_column_div av-zero-column-padding   \" style='border-radius:0px; '><p><span class=\"av_font_icon avia_animate_when_visible av-icon-style-border ikona-redneanalize av-no-color avia-icon-pos-center \" style=\"\"><span class='av-icon-char' style='font-size:40px;line-height:40px;width:40px;' aria-hidden='true' data-av_icon='\ue800' data-av_iconfont='entypo-fontello' ><\/span><span class='av_icon_caption av-special-font'>D\u00fczenli analiz ve kalite kontrol\u00fc<\/span><\/span><br \/>\n<section class=\"av_textblock_section\"  itemscope=\"itemscope\" itemtype=\"https:\/\/schema.org\/CreativeWork\" ><div class='avia_textblock '   itemprop=\"text\" ><p>Sa\u011fl\u0131k, \u00e7evre ve g\u0131da i\u00e7in Ulusal laboratuvarlar ile i\u015fbirli\u011finde bulunarak \u00fcr\u00fcnlerimizin sa\u011fl\u0131k uygunlu\u011fu i\u00e7in d\u00fczenli olarak haftal\u0131k analiz sa\u011flan\u0131r, bu ise bizim i\u00e7in b\u00fcy\u00fck \u00f6nem ta\u015f\u0131maktad\u0131r.<\/p>\n<\/div><\/section><\/p><\/div>\n\n<\/div><\/div><\/div><!-- close content main div --><\/div><\/div><div id='av_section_3' class='avia-section main_color avia-section-no-padding avia-no-border-styling avia-bg-style-scroll  section-no-min-height container_wrap fullsize'   ><div class='container' ><div class='template-page content  av-content-full alpha units'><div class='post-entry post-entry-type-page post-entry-676'><div class='entry-content-wrapper clearfix'>\n<div style=' margin-top:0; margin-bottom:0;'  class='hr hr-custom hr-center hr-icon-no  '><span class='hr-inner   inner-border-av-border-thin' style=' width:100%;' ><span class='hr-inner-style'><\/span><\/span><\/div>\n\n<\/div><\/div><\/div><!-- close content main div --><\/div><\/div><div id='av_section_4' class='avia-section main_color avia-section-default avia-no-shadow avia-bg-style-scroll  section-certifikati container_wrap fullsize'   ><div class='container' ><div class='template-page content  av-content-full alpha units'><div class='post-entry post-entry-type-page post-entry-676'><div class='entry-content-wrapper clearfix'>\n<div class='flex_column_table av-equal-height-column-flextable' ><div class=\"flex_column av_two_fifth  flex_column_table_cell av-equal-height-column av-align-middle av-zero-column-padding first   \" style='border-radius:0px; '><section class=\"av_textblock_section\"  itemscope=\"itemscope\" itemtype=\"https:\/\/schema.org\/CreativeWork\" ><div class='avia_textblock '   itemprop=\"text\" ><h2>Sertifikalar<\/h2>\n<p>\u00dcretimimizdeki kalite ve g\u00fcven belirtilen\u00a0 t\u00fcm yasal standartlara uygunlu\u011fun olmas\u0131 ve kalite ile uyum i\u00e7in\u00a0 elde edilen sertifikalar ifade eder.<\/p>\n<\/div><\/section><\/div><div class='av-flex-placeholder'><\/div><div class=\"flex_column av_three_fifth  flex_column_table_cell av-equal-height-column av-align-middle av-zero-column-padding   certifikati \" style='border-radius:0px; '><p><div class='avia-image-container  av-styling-    avia-align-center '  itemscope=\"itemscope\" itemtype=\"https:\/\/schema.org\/ImageObject\"  ><div class='avia-image-container-inner'><a href='https:\/\/static.halalguda.com\/uploads\/HG_izjava_halal_TUR-1.jpg' class='avia_image'   target=\"_blank\" ><img class='avia_image ' src='https:\/\/static.halalguda.com\/uploads\/standard-halal-hand.png' alt='' title='Certifikat Halalguda'  itemprop=\"contentURL\"  \/><\/a><\/div><\/div><br \/>\n<div class='avia-image-container  av-styling-    avia-align-center '  itemscope=\"itemscope\" itemtype=\"https:\/\/schema.org\/ImageObject\"  ><div class='avia-image-container-inner'><img class='avia_image ' src='https:\/\/static.halalguda.com\/uploads\/certifikat-proizvedeno-v-sloveniji.png' alt='Proizvedeno v Sloveniji' title='Proizvedeno v Sloveniji'   itemprop=\"contentURL\"  \/><\/div><\/div><br \/>\n<div class='avia-image-container  av-styling-    avia-align-center '  itemscope=\"itemscope\" itemtype=\"https:\/\/schema.org\/ImageObject\"  ><div class='avia-image-container-inner'><a href='\/\/static.halalguda.com\/uploads\/certifikat-sme-excellent.png' class='avia_image'   target=\"_blank\" ><img class='avia_image ' src='https:\/\/static.halalguda.com\/uploads\/certifikat-excellent-sme.png' alt='' title='Certifikat Excellent SME'  itemprop=\"contentURL\"  \/><\/a><\/div><\/div><br \/>\n<div class='avia-image-container  av-styling-    avia-align-center '  itemscope=\"itemscope\" itemtype=\"https:\/\/schema.org\/ImageObject\"  ><div class='avia-image-container-inner'><a href='\/\/static.halalguda.com\/uploads\/certifikat-bonitetna-ocena-si.png' class='avia_image'   target=\"_blank\" ><img class='avia_image ' src='https:\/\/static.halalguda.com\/uploads\/certifikat-bonitetna-ocena-znakA.png' alt='' title='Bonitetna ocena A'  itemprop=\"contentURL\"  \/><\/a><\/div><\/div><\/p><\/div><\/div><!--close column table wrapper. Autoclose:  -->\n","protected":false},"excerpt":{"rendered":"","protected":false},"author":2,"featured_media":0,"parent":0,"menu_order":0,"comment_status":"closed","ping_status":"open","template":"","meta":{"footnotes":""},"_links":{"self":[{"href":"https:\/\/www.halalguda.com\/tr\/wp-json\/wp\/v2\/pages\/676"}],"collection":[{"href":"https:\/\/www.halalguda.com\/tr\/wp-json\/wp\/v2\/pages"}],"about":[{"href":"https:\/\/www.halalguda.com\/tr\/wp-json\/wp\/v2\/types\/page"}],"author":[{"embeddable":true,"href":"https:\/\/www.halalguda.com\/tr\/wp-json\/wp\/v2\/users\/2"}],"replies":[{"embeddable":true,"href":"https:\/\/www.halalguda.com\/tr\/wp-json\/wp\/v2\/comments?post=676"}],"version-history":[{"count":3,"href":"https:\/\/www.halalguda.com\/tr\/wp-json\/wp\/v2\/pages\/676\/revisions"}],"predecessor-version":[{"id":832,"href":"https:\/\/www.halalguda.com\/tr\/wp-json\/wp\/v2\/pages\/676\/revisions\/832"}],"wp:attachment":[{"href":"https:\/\/www.halalguda.com\/tr\/wp-json\/wp\/v2\/media?parent=676"}],"curies":[{"name":"wp","href":"https:\/\/api.w.org\/{rel}","templated":true}]}}