{"id":492,"date":"2015-12-08T09:54:28","date_gmt":"2015-12-08T09:54:28","guid":{"rendered":"https:\/\/www.halalguda.com\/it\/proizvodnja\/"},"modified":"2016-07-05T07:08:31","modified_gmt":"2016-07-05T07:08:31","slug":"produzione","status":"publish","type":"page","link":"https:\/\/www.halalguda.com\/it\/produzione\/","title":{"rendered":"Produzione"},"content":{"rendered":"<section class=\"av_textblock_section\"  itemscope=\"itemscope\" itemtype=\"https:\/\/schema.org\/CreativeWork\" ><div class='avia_textblock subheader'   itemprop=\"text\" ><h1 style=\"text-align: center;\">Produzione<\/h1>\n<p style=\"text-align: center;\">Guardate il nostro processo di produzione degli spiedi a rotazione dei doner kebab e saprete perch\u00e9 sono la scelta migliore per voi e per i vostri clienti.<\/p>\n<\/div><\/section>\n<\/div><\/div><\/div><!-- close content main div --><\/div><\/div><div id='av_section_1' class='avia-section main_color avia-section-no-padding avia-shadow avia-bg-style-scroll   container_wrap fullsize'   ><div class='container' ><div class='template-page content  av-content-full alpha units'><div class='post-entry post-entry-type-page post-entry-492'><div class='entry-content-wrapper clearfix'>\n<div class='flex_column_table av-equal-height-column-flextable' ><div class=\"flex_column av_one_fourth  no_margin flex_column_table_cell av-equal-height-column av-align-middle av-zero-column-padding first   \" style='border-radius:0px; '><div class='avia-image-container  av-styling-no-styling    avia-align-center '  itemscope=\"itemscope\" itemtype=\"https:\/\/schema.org\/ImageObject\"  ><div class='avia-image-container-inner'><img class='avia_image ' src='https:\/\/static.halalguda.com\/uploads\/proizvodnja_1.png' alt='' title='proizvodnja_1'   itemprop=\"contentURL\"  \/><\/div><\/div><\/div><div class=\"flex_column av_one_fourth  no_margin flex_column_table_cell av-equal-height-column av-align-middle av-zero-column-padding   \" style='border-radius:0px; '><section class=\"av_textblock_section\"  itemscope=\"itemscope\" itemtype=\"https:\/\/schema.org\/CreativeWork\" ><div class='avia_textblock '   itemprop=\"text\" ><h3>Il rispetto degli standard halal<\/h3>\n<p>Nel processo di produzione rispettiamo rigorosamente tutte le norme Halal e utilizziamo solo gli ingredienti con certificazione Halal, assicurando cos\u00ec l&#8217;adeguatezza dei nostri prodotti anche ai membri della comunit\u00e0 islamica.<\/p>\n<\/div><\/section><\/div><div class=\"flex_column av_one_fourth  no_margin flex_column_table_cell av-equal-height-column av-align-middle av-zero-column-padding   \" style='border-radius:0px; '><div class='av-hotspot-image-container avia_animate_when_almost_visible  av-hotspot-blank   hotspot-proizvodnja-2 av-non-fullwidth-hotspot-image '  itemscope=\"itemscope\" itemtype=\"https:\/\/schema.org\/ImageObject\"  ><div class='av-hotspot-container'><div class='av-hotspot-container-inner-cell'><div class='av-hotspot-container-inner-wrap'><div class='av-image-hotspot' data-avia-tooltip-position='top' data-avia-tooltip-alignment='left' data-avia-tooltip-class='av-tt-default-width av-tt-pos-above av-tt-align-left  main_color av-tt-hotspot' data-avia-tooltip='' style='top: 4.7%; left: 14%; '><a href=https:\/\/static.halalguda.com\/uploads\/HG_izjava_zdravje_ITA-1.jpg  target=\"_blank\"  class='av-image-hotspot_inner' style=' '>1<\/a><div class='av-image-hotspot-pulse' ><\/div><\/div><div class='av-image-hotspot' data-avia-tooltip-position='top' data-avia-tooltip-alignment='left' data-avia-tooltip-class='av-tt-default-width av-tt-pos-above av-tt-align-left  main_color av-tt-hotspot' data-avia-tooltip='' style='top: 55.8%; left: 15.5%; '><a href=https:\/\/static.halalguda.com\/uploads\/HG_izjava_halal_ITA-1.jpg  target=\"_blank\"  class='av-image-hotspot_inner' style=' '>2<\/a><div class='av-image-hotspot-pulse' ><\/div><\/div><img class='avia_image ' src='https:\/\/static.halalguda.com\/uploads\/proizvodnja_2.png' alt='Upo\u0161tevanje Halal standardov' title='Upo\u0161tevanje Halal standardov'   itemprop=\"contentURL\"  \/><\/div><\/div><\/div><\/div><\/div><div class=\"flex_column av_one_fourth  no_margin flex_column_table_cell av-equal-height-column av-align-middle av-zero-column-padding   \" style='border-radius:0px; '><section class=\"av_textblock_section\"  itemscope=\"itemscope\" itemtype=\"https:\/\/schema.org\/CreativeWork\" ><div class='avia_textblock '   itemprop=\"text\" ><h3>Per uno squisito kebab doner occorrono ingredienti di qualit\u00e0<\/h3>\n<p>Crediamo nel trattamento naturale e abbiamo fiducia nella comprovata qualit\u00e0 con supervisione severa degli ingredienti originari dell\u2019UE.<\/p>\n<\/div><\/section><\/div><\/div><!--close column table wrapper. Autoclose:  -->\n\n<\/div><\/div><\/div><!-- close content main div --><\/div><div class='av-extra-border-element border-extra-arrow-down'><div class='av-extra-border-outer'><div class='av-extra-border-inner'  style='background-color:#ffffff;' ><\/div><\/div><\/div><\/div><div id='av_section_2' class='avia-section main_color avia-section-no-padding avia-shadow avia-bg-style-scroll   container_wrap fullsize'   ><div class='container' ><div class='template-page content  av-content-full alpha units'><div class='post-entry post-entry-type-page post-entry-492'><div class='entry-content-wrapper clearfix'>\n<div class='flex_column_table av-equal-height-column-flextable' ><div class=\"flex_column av_one_fourth  no_margin flex_column_table_cell av-equal-height-column av-align-middle av-zero-column-padding first   \" style='border-radius:0px; '><section class=\"av_textblock_section\"  itemscope=\"itemscope\" itemtype=\"https:\/\/schema.org\/CreativeWork\" ><div class='avia_textblock '   itemprop=\"text\" ><h3>Circondati da montagne<\/h3>\n<p>Non \u00e8 un caso che per la posizione della nostra azienda e del nostro impianto per la produzione di prodotti a base di carne abbiamo scelto di essere circondati da montagne fornendoci una eccezionale purezza di acqua potabile.<\/p>\n<p>La produzione di spiedi rotanti, i doner kebab, richiede grandi quantit\u00e0 di acqua e la purezza dell\u2019acqua \u00e8 una delle componenti pi\u00f9 basilari che influisce sulla qualit\u00e0 del prodotto finale.<\/p>\n<p>Guardate la ricerca nel campo dell\u2019acqua pulita in Europa<\/p>\n<\/div><\/section><\/div><div class=\"flex_column av_one_fourth  no_margin flex_column_table_cell av-equal-height-column av-align-middle av-zero-column-padding   \" style='border-radius:0px; '><div class='av-hotspot-image-container avia_animate_when_almost_visible  av-hotspot-blank   hotspot-proizvodnja-3 av-non-fullwidth-hotspot-image '  itemscope=\"itemscope\" itemtype=\"https:\/\/schema.org\/ImageObject\"  ><div class='av-hotspot-container'><div class='av-hotspot-container-inner-cell'><div class='av-hotspot-container-inner-wrap'><div class='av-image-hotspot' data-avia-tooltip-position='top' data-avia-tooltip-alignment='left' data-avia-tooltip-class='av-tt-default-width av-tt-pos-above av-tt-align-left  main_color av-tt-hotspot' data-avia-tooltip='' style='top: 65.9%; left: 51.3%; '><a href=https:\/\/it.wikipedia.org\/wiki\/Slovenia  target=\"_blank\"  class='av-image-hotspot_inner' style=' '>1<\/a><div class='av-image-hotspot-pulse' ><\/div><\/div><img class='avia_image ' src='https:\/\/static.halalguda.com\/uploads\/proizvodnja_3_ital.png' alt='' title='proizvodnja_3_ital'   itemprop=\"contentURL\"  \/><\/div><\/div><\/div><\/div><\/div><div class=\"flex_column av_one_fourth  no_margin flex_column_table_cell av-equal-height-column av-align-middle av-zero-column-padding   \" style='border-radius:0px; '><section class=\"av_textblock_section\"  itemscope=\"itemscope\" itemtype=\"https:\/\/schema.org\/CreativeWork\" ><div class='avia_textblock '   itemprop=\"text\" ><h3>I nostri standard<\/h3>\n<p>La pulizia delle nostre strutture rispetta i pi\u00f9 alti standard di igiene e i rigorosi standard HACCP che per noi non significa solo rispettare le norme ma sono la base su cui inizia il nostro lavoro.<\/p>\n<p>Rispettiamo, consideriamo e realizziamo tutte le norme rigorose nel settore della pulizia e dell&#8217;igiene, tutte le linee guida HACCP e i requisiti nonch\u00e9 tutte le normative in materia di produzione alimentare.<\/p>\n<p>Consultate l&#8217;elenco degli stabilimenti riconosciuti.<\/p>\n<\/div><\/section><\/div><div class=\"flex_column av_one_fourth  no_margin flex_column_table_cell av-equal-height-column av-align-middle av-zero-column-padding   \" style='border-radius:0px; '><div class='av-hotspot-image-container avia_animate_when_almost_visible  av-hotspot-blank   hotspot-proizvodnja-4 av-non-fullwidth-hotspot-image '  itemscope=\"itemscope\" itemtype=\"https:\/\/schema.org\/ImageObject\"  ><div class='av-hotspot-container'><div class='av-hotspot-container-inner-cell'><div class='av-hotspot-container-inner-wrap'><img class='avia_image ' src='https:\/\/static.halalguda.com\/uploads\/proizvodnja_4.png' alt='' title='Proizvodnji proces'   itemprop=\"contentURL\"  \/><\/div><\/div><\/div><\/div><\/div><\/div><!--close column table wrapper. Autoclose:  --><\/div><\/div><\/div><!-- close content main div --><\/div><div class='av-extra-border-element border-extra-arrow-down'><div class='av-extra-border-outer'><div class='av-extra-border-inner'  style='background-color:#ffffff;' ><\/div><\/div><\/div><\/div><div id='av_section_3' class='avia-section main_color avia-section-no-padding avia-shadow avia-bg-style-scroll   container_wrap fullsize'   ><div class='container' ><div class='template-page content  av-content-full alpha units'><div class='post-entry post-entry-type-page post-entry-492'><div class='entry-content-wrapper clearfix'>\n<div class='flex_column_table av-equal-height-column-flextable' ><div class=\"flex_column av_one_fourth  no_margin flex_column_table_cell av-equal-height-column av-align-middle av-zero-column-padding first   \" style='border-radius:0px; '><div class='avia-image-container  av-styling-no-styling    avia-align-center '  itemscope=\"itemscope\" itemtype=\"https:\/\/schema.org\/ImageObject\"  ><div class='avia-image-container-inner'><img class='avia_image ' src='https:\/\/static.halalguda.com\/uploads\/proizvodnja_5.png' alt='' title='proizvodnja_5'   itemprop=\"contentURL\"  \/><\/div><\/div><\/div><div class=\"flex_column av_one_fourth  no_margin flex_column_table_cell av-equal-height-column av-align-middle av-zero-column-padding   \" style='border-radius:0px; '><section class=\"av_textblock_section\"  itemscope=\"itemscope\" itemtype=\"https:\/\/schema.org\/CreativeWork\" ><div class='avia_textblock '   itemprop=\"text\" ><h3>Lavorazione della carne<\/h3>\n<p>Prepariamo la carne fresca a mano dandole forma di bistecche o fettine che poi per mezzo del trattamento meccanico vengono rese pi\u00f9 sottili e pi\u00f9 morbide, quindi pi\u00f9 saporite come sono i doner kebab cotti.<\/p>\n<\/div><\/section><\/div><div class=\"flex_column av_one_fourth  no_margin flex_column_table_cell av-equal-height-column av-align-middle av-zero-column-padding   \" style='border-radius:0px; '><div class='avia-image-container  av-styling-no-styling    avia-align-center '  itemscope=\"itemscope\" itemtype=\"https:\/\/schema.org\/ImageObject\"  ><div class='avia-image-container-inner'><img class='avia_image ' src='https:\/\/static.halalguda.com\/uploads\/proizvodnja_6.png' alt='' title='Mariniranje mesa v masirnem stroju'   itemprop=\"contentURL\"  \/><\/div><\/div><\/div><div class=\"flex_column av_one_fourth  no_margin flex_column_table_cell av-equal-height-column av-align-middle av-zero-column-padding   \" style='border-radius:0px; '><section class=\"av_textblock_section\"  itemscope=\"itemscope\" itemtype=\"https:\/\/schema.org\/CreativeWork\" ><div class='avia_textblock '   itemprop=\"text\" ><h3>Marinatura della carne con l\u2019apparecchio che ammorbidisce la carne<\/h3>\n<p>La marinatura \u00e8 composta di acqua e da una miscela di spezie selezionate che possiamo adattare a vostro piacimento soddisfacendo il vostro gusto e quello dei vostri clienti.<\/p>\n<\/div><\/section><\/div><\/div><!--close column table wrapper. Autoclose:  -->\n<\/p>\n<p><\/div><\/div><\/div><!-- close content main div --><\/div><div class='av-extra-border-element border-extra-arrow-down'><div class='av-extra-border-outer'><div class='av-extra-border-inner'  style='background-color:#ffffff;' ><\/div><\/div><\/div><\/div><div id='av_section_4' class='avia-section main_color avia-section-no-padding avia-shadow avia-bg-style-scroll   container_wrap fullsize'   ><div class='container' ><div class='template-page content  av-content-full alpha units'><div class='post-entry post-entry-type-page post-entry-492'><div class='entry-content-wrapper clearfix'>\n<div class='flex_column_table av-equal-height-column-flextable' ><div class=\"flex_column av_one_fourth  no_margin flex_column_table_cell av-equal-height-column av-align-middle av-zero-column-padding first   \" style='border-radius:0px; '><section class=\"av_textblock_section\"  itemscope=\"itemscope\" itemtype=\"https:\/\/schema.org\/CreativeWork\" ><div class='avia_textblock '   itemprop=\"text\" ><h3>Composizione e formazione manuale della carne speziata in spiedi rotanti, i doner kebab<\/h3>\n<p>Tutti gli spiedi rotanti doner kebab vengono composti a mano e perci\u00f2 possiamo adattare completamente le dimensioni secondo i desideri del cliente.<\/p>\n<p>Miscele di spezie: 5 kg, 7 kg, 10 kg, 15 kg, 20 kg, 25 kg, 30 kg<\/p>\n<\/div><\/section><\/div><div class=\"flex_column av_one_fourth  no_margin flex_column_table_cell av-equal-height-column av-align-middle av-zero-column-padding   \" style='border-radius:0px; '><div class='av-hotspot-image-container avia_animate_when_almost_visible  av-hotspot-blank   hotspot-proizvodnja-7 av-non-fullwidth-hotspot-image '  itemscope=\"itemscope\" itemtype=\"https:\/\/schema.org\/ImageObject\"  ><div class='av-hotspot-container'><div class='av-hotspot-container-inner-cell'><div class='av-hotspot-container-inner-wrap'><div class='av-image-hotspot' data-avia-tooltip-position='top' data-avia-tooltip-alignment='left' data-avia-tooltip-class='av-tt-default-width av-tt-pos-above av-tt-align-left  main_color av-tt-hotspot' data-avia-tooltip='' style='top: 67.2%; left: 63.2%; '><a href=https:\/\/it.wikipedia.org\/wiki\/Slovenia  target=\"_blank\"  class='av-image-hotspot_inner' style=' '>1<\/a><div class='av-image-hotspot-pulse' ><\/div><\/div><img class='avia_image ' src='https:\/\/static.halalguda.com\/uploads\/proizvodnja_7.png' alt='' title='proizvodnja_7'   itemprop=\"contentURL\"  \/><\/div><\/div><\/div><\/div><\/div><div class=\"flex_column av_one_fourth  no_margin flex_column_table_cell av-equal-height-column av-align-middle av-zero-column-padding   \" style='border-radius:0px; '><section class=\"av_textblock_section\"  itemscope=\"itemscope\" itemtype=\"https:\/\/schema.org\/CreativeWork\" ><div class='avia_textblock '   itemprop=\"text\" ><h4>Indicazioni e imballaggio degli spiedi rotanti dei doner kebab con un foglio di plastica su supporti girevoli.<\/h4>\n<p>Imballiamo i doner kebab preparati su supporti girevoli con un foglio di plastica a cui vengono aggiunti dei contrassegni adeguati, poi vengono impilati su carrelli da trasporto attraverso i quali i prodotti vanno nella camera di shock termico.<\/p>\n<\/div><\/section><\/div><div class=\"flex_column av_one_fourth  no_margin flex_column_table_cell av-equal-height-column av-align-middle av-zero-column-padding   \" style='border-radius:0px; '><p><div class='avia-image-container  av-styling-no-styling    avia-align-center '  itemscope=\"itemscope\" itemtype=\"https:\/\/schema.org\/ImageObject\"  ><div class='avia-image-container-inner'><img class='avia_image ' src='https:\/\/static.halalguda.com\/uploads\/proizvodnja_8.png' alt='' title='Proizvodnji proces'   itemprop=\"contentURL\"  \/><\/div><\/div><br \/>\n<section class=\"av_textblock_section\"  itemscope=\"itemscope\" itemtype=\"https:\/\/schema.org\/CreativeWork\" ><div class='avia_textblock oznacbe clearfix'   itemprop=\"text\" ><h4>Contrassegni:<\/h4>\n<p>&#8211; (<a href=\"http:\/\/www.uradni-list.si\/1\/content?id=116104\" target=\"_blank\">Ur. l. RS, \u0161t. 6\/14<\/a>)<br \/>\n&#8211; (<a href=\"http:\/\/www.pisrs.si\/Pis.web\/pregledPredpisa?id=PRAV5391\" target=\"_blank\">Ur. l. RS, \u0161t. 36\/14<\/a>)<br \/>\n&#8211; <a href=\"http:\/\/eur-lex.europa.eu\/LexUriServ\/LexUriServ.do?uri=OJ:L:2011:304:0018:0063:SL:PDF\" target=\"_blank\">\u0161t. 1169\/2011<\/a><\/p>\n<p>&#8211; <a href=\"http:\/\/www.uvhvvr.gov.si\/fileadmin\/uvhvvr.gov.si\/pageuploads\/DELOVNA_PODROCJA\/Krma\/02004R0852-20090420-sl.pdf\" target=\"_blank\">\u0161t. 853\/2004<\/a><br \/>\n&#8211; (<a href=\"http:\/\/www.pisrs.si\/Pis.web\/pregledPredpisa?id=PRAV5670\" target=\"_blank\">Ur. l. RS, \u0161t. 59\/2012<\/a>)<\/p>\n<\/div><\/section><\/p><\/div><\/div><!--close column table wrapper. Autoclose:  -->\n<\/p>\n<\/div><\/div><\/div><!-- close content main div --><\/div><div class='av-extra-border-element border-extra-arrow-down'><div class='av-extra-border-outer'><div class='av-extra-border-inner'  style='background-color:#ffffff;' ><\/div><\/div><\/div><\/div><div id='av_section_5' class='avia-section main_color avia-section-no-padding avia-shadow avia-bg-style-scroll   container_wrap fullsize'   ><div class='container' ><div class='template-page content  av-content-full alpha units'><div class='post-entry post-entry-type-page post-entry-492'><div class='entry-content-wrapper clearfix'>\n<div class='flex_column_table av-equal-height-column-flextable' ><div class=\"flex_column av_one_fourth  no_margin flex_column_table_cell av-equal-height-column av-align-middle av-zero-column-padding first   \" style='border-radius:0px; '><div class='av-hotspot-image-container avia_animate_when_almost_visible  av-hotspot-blank   hotspot-proizvodnja-9 av-non-fullwidth-hotspot-image '  itemscope=\"itemscope\" itemtype=\"https:\/\/schema.org\/ImageObject\"  ><div class='av-hotspot-container'><div class='av-hotspot-container-inner-cell'><div class='av-hotspot-container-inner-wrap'><div class='av-image-hotspot' data-avia-tooltip-position='top' data-avia-tooltip-alignment='left' data-avia-tooltip-class='av-tt-default-width av-tt-pos-above av-tt-align-left  main_color av-tt-hotspot' data-avia-tooltip='' style='top: 71.9%; left: 55.3%; '><a href=https:\/\/static.halalguda.com\/uploads\/HG_izjava_zdravje_ITA-1.jpg  target=\"_blank\"  class='av-image-hotspot_inner' style=' '>1<\/a><div class='av-image-hotspot-pulse' ><\/div><\/div><img class='avia_image ' src='https:\/\/static.halalguda.com\/uploads\/proizvodnja_9.png' alt='' title='proizvodnja_9'   itemprop=\"contentURL\"  \/><\/div><\/div><\/div><\/div><\/div><div class=\"flex_column av_one_fourth  no_margin flex_column_table_cell av-equal-height-column av-align-middle av-zero-column-padding   \" style='border-radius:0px; '><section class=\"av_textblock_section\"  itemscope=\"itemscope\" itemtype=\"https:\/\/schema.org\/CreativeWork\" ><div class='avia_textblock '   itemprop=\"text\" ><h3>Congelamento nella camera di shock<\/h3>\n<p>Utilizzando la camera di shock i doner kebab confezionati e correttamente contrassegnati vengono profondamente congelati a &#8211; 40\u00b0 C conservando in tal modo la loro qualit\u00e0 e adeguatezza sanitaria fino alla scadenza del periodo di utilizzo.<\/p>\n<p><span style=\"line-height: 1.5;\">&#8211; (<a href=\"http:\/\/www.pisrs.si\/Pis.web\/pregledPredpisa?id=PRAV5670\" target=\"_blank\">Ur. l. RS, \u0161t. 59\/2012<\/a>)<br \/>\n<\/span>&#8211; <a href=\"http:\/\/eur-lex.europa.eu\/LexUriServ\/LexUriServ.do?uri=OJ:L:2005:338:0001:0026:SL:PDF\" target=\"_blank\">\u0161t. 2073\/2005<\/a><\/p>\n<\/div><\/section><\/div><div class=\"flex_column av_one_fourth  no_margin flex_column_table_cell av-equal-height-column av-align-middle av-zero-column-padding   \" style='border-radius:0px; '><div class='avia-image-container  av-styling-no-styling    avia-align-center '  itemscope=\"itemscope\" itemtype=\"https:\/\/schema.org\/ImageObject\"  ><div class='avia-image-container-inner'><img class='avia_image ' src='https:\/\/static.halalguda.com\/uploads\/proizvodnja_10.png' alt='' title='proizvodnja_10'   itemprop=\"contentURL\"  \/><\/div><\/div><\/div><div class=\"flex_column av_one_fourth  no_margin flex_column_table_cell av-equal-height-column av-align-middle av-zero-column-padding   \" style='border-radius:0px; '><section class=\"av_textblock_section\"  itemscope=\"itemscope\" itemtype=\"https:\/\/schema.org\/CreativeWork\" ><div class='avia_textblock '   itemprop=\"text\" ><h3>Conservazione<\/h3>\n<p>I doner kebap congelati vengono conservati nel congelatore a &#8211; 18\u00b0 C. Con una tale conservazione la scadenza del periodo di utilizzo \u00e8 di almeno un anno dalla data di produzione e di congelamento.<\/p>\n<\/div><\/section><\/div><\/div><!--close column table wrapper. Autoclose:  -->\n\n<\/div><\/div><\/div><!-- close content main div --><\/div><div class='av-extra-border-element border-extra-arrow-down'><div class='av-extra-border-outer'><div class='av-extra-border-inner'  style='background-color:#ffffff;' ><\/div><\/div><\/div><\/div><div id='av_section_6' class='avia-section main_color avia-section-no-padding avia-shadow avia-bg-style-scroll   container_wrap fullsize'   ><div class='container' ><div class='template-page content  av-content-full alpha units'><div class='post-entry post-entry-type-page post-entry-492'><div class='entry-content-wrapper clearfix'>\n<div class='flex_column_table av-equal-height-column-flextable' ><div class=\"flex_column av_one_fourth  no_margin flex_column_table_cell av-equal-height-column av-align-middle av-zero-column-padding first   \" style='border-radius:0px; '><section class=\"av_textblock_section\"  itemscope=\"itemscope\" itemtype=\"https:\/\/schema.org\/CreativeWork\" ><div class='avia_textblock '   itemprop=\"text\" ><h3>Consegna e ritiro<\/h3>\n<p>Possiamo consegnare i doner kebap, congelati avvolti in fogli di plastica e\/o in scatole di cartone da pallet adatte per il trasporto, all&#8217;indirizzo del committente oppure possono ritirarli i clienti stessi con il proprio mezzo di trasporto. La temperatura di trasporto deve essere di &#8211; 18\u00b0 C.<\/p>\n<\/div><\/section><\/div><div class=\"flex_column av_one_fourth  no_margin flex_column_table_cell av-equal-height-column av-align-middle av-zero-column-padding   \" style='border-radius:0px; '><div class='avia-image-container  av-styling-no-styling    avia-align-center '  itemscope=\"itemscope\" itemtype=\"https:\/\/schema.org\/ImageObject\"  ><div class='avia-image-container-inner'><img class='avia_image ' src='https:\/\/static.halalguda.com\/uploads\/proizvodnja_11.png' alt='' title='proizvodnja_11'   itemprop=\"contentURL\"  \/><\/div><\/div><\/div><div class=\"flex_column av_one_half  no_margin flex_column_table_cell av-equal-height-column av-align-middle av-zero-column-padding   \" style='border-radius:0px; '><section class=\"av_textblock_section\"  itemscope=\"itemscope\" itemtype=\"https:\/\/schema.org\/CreativeWork\" ><div class='avia_textblock calltoaction'   itemprop=\"text\" ><h2 style=\"text-align: center;\">Desiderate vedere l&#8217;offerta di kebab o semplicemente ordinarli?<\/h2>\n<div class=\"buttons_wrapper\"><div class='avia-button-wrap avia-button-center  '><a href='https:\/\/www.halalguda.com\/it\/prodotti\/' class='avia-button  avia-icon_select-no avia-color-theme-color avia-size-small avia-position-center '   ><span class='avia_iconbox_title' >Guardate l'offerta<\/span><\/a><\/div> o <div class='avia-button-wrap avia-button-center  '><a href='https:\/\/www.halalguda.com\/it\/contatti\/' class='avia-button  avia-icon_select-no avia-color-theme-color avia-size-small avia-position-center '   ><span class='avia_iconbox_title' >Contattateci<\/span><\/a><\/div><\/div>\n<\/div><\/section><\/div><\/div><!--close column table wrapper. Autoclose:  -->\n\n","protected":false},"excerpt":{"rendered":"","protected":false},"author":2,"featured_media":0,"parent":0,"menu_order":0,"comment_status":"closed","ping_status":"closed","template":"","meta":{"footnotes":""},"_links":{"self":[{"href":"https:\/\/www.halalguda.com\/it\/wp-json\/wp\/v2\/pages\/492"}],"collection":[{"href":"https:\/\/www.halalguda.com\/it\/wp-json\/wp\/v2\/pages"}],"about":[{"href":"https:\/\/www.halalguda.com\/it\/wp-json\/wp\/v2\/types\/page"}],"author":[{"embeddable":true,"href":"https:\/\/www.halalguda.com\/it\/wp-json\/wp\/v2\/users\/2"}],"replies":[{"embeddable":true,"href":"https:\/\/www.halalguda.com\/it\/wp-json\/wp\/v2\/comments?post=492"}],"version-history":[{"count":9,"href":"https:\/\/www.halalguda.com\/it\/wp-json\/wp\/v2\/pages\/492\/revisions"}],"predecessor-version":[{"id":869,"href":"https:\/\/www.halalguda.com\/it\/wp-json\/wp\/v2\/pages\/492\/revisions\/869"}],"wp:attachment":[{"href":"https:\/\/www.halalguda.com\/it\/wp-json\/wp\/v2\/media?parent=492"}],"curies":[{"name":"wp","href":"https:\/\/api.w.org\/{rel}","templated":true}]}}