{"id":487,"date":"2015-12-08T09:54:51","date_gmt":"2015-12-08T09:54:51","guid":{"rendered":"https:\/\/www.halalguda.com\/it\/o-podjetju\/"},"modified":"2016-06-30T07:21:22","modified_gmt":"2016-06-30T07:21:22","slug":"chi-siamo","status":"publish","type":"page","link":"https:\/\/www.halalguda.com\/it\/chi-siamo\/","title":{"rendered":"Chi siamo"},"content":{"rendered":"<\/div><\/div><\/div><!-- close content main div --><\/div><\/div><div id='av_section_1' class='avia-section main_color avia-section-default avia-no-shadow avia-bg-style-scroll  subheader section-extra-side-padding container_wrap fullsize'   ><div class='container' ><div class='template-page content  av-content-full alpha units'><div class='post-entry post-entry-type-page post-entry-487'><div class='entry-content-wrapper clearfix'>\n<section class=\"av_textblock_section\"  itemscope=\"itemscope\" itemtype=\"https:\/\/schema.org\/CreativeWork\" ><div class='avia_textblock font-size-20'   itemprop=\"text\" ><h1 style=\"text-align: center;\">Presentazione dell&#8217;azienda<\/h1>\n<p style=\"text-align: center;\">Halal Guda Doner Kebap \u00e8 l\u2019azienda slovena pi\u00f9 grande e di maggior successo per la produzione e la vendita di spiedi girevoli di carne speziata o di doner kebab. \u00c8 stata fondata nel 2013, i locali commerciali si trovano a Mlaka presso Kranj, circondato dalla natura incontaminata dell\u2019Alta Carniola.<\/p>\n<\/div><\/section>\n<section class=\"av_textblock_section\"  itemscope=\"itemscope\" itemtype=\"https:\/\/schema.org\/CreativeWork\" ><div class='avia_textblock font-size-20'   itemprop=\"text\" ><p><span class=\"av_dropcap1 \" >24<\/span> Il nostro team \u00e8 composto da 24 collaboratori dediti, precisi e affidabili che si sforzano sempre di soddisfare tutti i desideri dei nostri acquirenti.<\/p>\n<\/div><\/section>\n<section class=\"av_textblock_section\"  itemscope=\"itemscope\" itemtype=\"https:\/\/schema.org\/CreativeWork\" ><div class='avia_textblock font-size-20'   itemprop=\"text\" ><p style=\"text-align: center;\">I distributori di prodotti a base di carne apprezzano in particolare la nostra reattivit\u00e0, affidabilit\u00e0 e flessibilit\u00e0, gli acquirenti finali rimangono fedeli a noi grazie allo squisito sapore e all\u2019ottima qualit\u00e0.<\/p>\n<\/div><\/section>\n\n<\/div><\/div><\/div><!-- close content main div --><\/div><\/div><div id='av_section_2' class='avia-section main_color avia-section-no-padding avia-no-border-styling avia-bg-style-scroll  section-fullwidth section-slike-podjetja container_wrap fullsize'   ><div class='container' ><div class='template-page content  av-content-full alpha units'><div class='post-entry post-entry-type-page post-entry-487'><div class='entry-content-wrapper clearfix'>\n<div class='flex_column_table av-equal-height-column-flextable' ><div class=\"flex_column av_one_half  avia-full-stretch no_margin flex_column_table_cell av-equal-height-column av-align-top av-zero-column-padding first   \" style='border-radius:0px; '><div class='avia-image-container  av-styling-no-styling    avia-align-center '  itemscope=\"itemscope\" itemtype=\"https:\/\/schema.org\/ImageObject\"  ><div class='avia-image-container-inner'><img class='avia_image ' src='https:\/\/static.halalguda.com\/uploads\/o-podjetju_1.jpg' alt='' title='Poslovna stavba podjetja Halal Guda'   itemprop=\"contentURL\"  \/><\/div><\/div><\/div><div class=\"flex_column av_one_half  avia-full-stretch no_margin flex_column_table_cell av-equal-height-column av-align-top av-zero-column-padding    \" style='border-radius:0px; '><div class='avia-image-container  av-styling-no-styling    avia-align-center '  itemscope=\"itemscope\" itemtype=\"https:\/\/schema.org\/ImageObject\"  ><div class='avia-image-container-inner'><img class='avia_image ' src='https:\/\/static.halalguda.com\/uploads\/o-podjetju_2.jpg' alt='Proizvodnja podjetja Halal Guda' title='Proizvodnja podjetja Halal Guda'   itemprop=\"contentURL\"  \/><\/div><\/div><\/div><\/div><!--close column table wrapper. Autoclose:  -->\n\n<\/div><\/div><\/div><!-- close content main div --><\/div><\/div><div id='av_section_3' class='avia-section main_color avia-section-default avia-no-border-styling avia-bg-style-scroll  section-background-sivorjav container_wrap fullsize'   ><div class='container' ><div class='template-page content  av-content-full alpha units'><div class='post-entry post-entry-type-page post-entry-487'><div class='entry-content-wrapper clearfix'>\n<div class='flex_column_table av-equal-height-column-flextable' ><div class=\"flex_column av_two_fifth  flex_column_table_cell av-equal-height-column av-align-top av-zero-column-padding first   \" style='border-radius:0px; '><section class=\"av_textblock_section\"  itemscope=\"itemscope\" itemtype=\"https:\/\/schema.org\/CreativeWork\" ><div class='avia_textblock '   itemprop=\"text\" ><h2>Cosa crediamo<\/h2>\n<p>Nell\u2019azienda Halal Guda crediamo nella qualit\u00e0 e nella tradizione, quindi nella preparazione dei nostri prodotti selezioniamo solo l&#8217;acqua pi\u00f9 pura e i migliori ingredienti provenienti da fonti verificate e rispettiamo rigorosamente tutti gli standard halal e HACCP lungo l\u2019intero processo di produzione.<\/p>\n<p>Siamo particolarmente orgogliosi del certificato Halal e dello Zlati znak (Contrassegno d&#8217;oro) di eccellenza nel settore delle piccole e medie imprese che dimostrano l&#8217;alta qualit\u00e0 dei nostri prodotti, l&#8217;affidabilit\u00e0 e la professionalit\u00e0 della nostra azienda.<\/p>\n<\/div><\/section><\/div><div class='av-flex-placeholder'><\/div><div class=\"flex_column av_two_fifth  flex_column_table_cell av-equal-height-column av-align-top av-zero-column-padding   \" style='border-radius:0px; '><section class=\"av_textblock_section\"  itemscope=\"itemscope\" itemtype=\"https:\/\/schema.org\/CreativeWork\" ><div class='avia_textblock '   itemprop=\"text\" ><h2>Dove siamo<\/h2>\n<p>Ci troviamo a Mlaka presso Kranj.<\/p>\n<p>Attualmente abbiamo rapporti commerciali con cinque Paesi e collaborazione con sette distributori.<\/p>\n<p>La nostra rete di vendita e il numero di clienti soddisfatti crescono costantemente, infatti, sempre pi\u00f9 persone si rendono conto dell&#8217;importanza di un&#8217;alimentazione sana e di qualit\u00e0.<\/p>\n<\/div><\/section><\/div><div class='av-flex-placeholder'><\/div><div class=\"flex_column av_one_fifth  flex_column_table_cell av-equal-height-column av-align-top av-zero-column-padding   cta \" style='border-radius:0px; '><section class=\"av_textblock_section\"  itemscope=\"itemscope\" itemtype=\"https:\/\/schema.org\/CreativeWork\" ><div class='avia_textblock '   itemprop=\"text\" ><p><em>Venite a trovarci e assaggiate i nostri ottimi prodotti, sicuramente vorrete far parte della nostra famiglia.<\/em><\/p>\n<\/div><\/section><\/div><\/div><!--close column table wrapper. Autoclose:  -->\n\n<\/div><\/div><\/div><!-- close content main div --><\/div><\/div><div id='av_section_4' class='avia-section main_color avia-section-default avia-no-shadow avia-bg-style-scroll  section-certifikati container_wrap fullsize'   ><div class='container' ><div class='template-page content  av-content-full alpha units'><div class='post-entry post-entry-type-page post-entry-487'><div class='entry-content-wrapper clearfix'>\n<div class='flex_column_table av-equal-height-column-flextable' ><div class=\"flex_column av_two_fifth  flex_column_table_cell av-equal-height-column av-align-middle av-zero-column-padding first   \" style='border-radius:0px; '><section class=\"av_textblock_section\"  itemscope=\"itemscope\" itemtype=\"https:\/\/schema.org\/CreativeWork\" ><div class='avia_textblock '   itemprop=\"text\" ><h2>Certificati<\/h2>\n<p>La qualit\u00e0 e la fiducia nella nostra produzione viene confermata dal rispetto di tutte le norme di Legge e dai certificati ottenuti di adeguatezza e di qualit\u00e0.<\/p>\n<\/div><\/section><\/div><div class='av-flex-placeholder'><\/div><div class=\"flex_column av_three_fifth  flex_column_table_cell av-equal-height-column av-align-middle av-zero-column-padding   certifikati \" style='border-radius:0px; '><p><div class='avia-image-container  av-styling-    avia-align-center '  itemscope=\"itemscope\" itemtype=\"https:\/\/schema.org\/ImageObject\"  ><div class='avia-image-container-inner'><a href='https:\/\/static.halalguda.com\/uploads\/HG_izjava_halal_ITA-1.jpg' class='avia_image'   target=\"_blank\" ><img class='avia_image ' src='https:\/\/static.halalguda.com\/uploads\/standard-halal-hand.png' alt='' title='Certifikat Halalguda'  itemprop=\"contentURL\"  \/><\/a><\/div><\/div><br \/>\n<div class='avia-image-container  av-styling-    avia-align-center '  itemscope=\"itemscope\" itemtype=\"https:\/\/schema.org\/ImageObject\"  ><div class='avia-image-container-inner'><img class='avia_image ' src='https:\/\/static.halalguda.com\/uploads\/italianska_znacka.png' alt='' title='italianska_znacka'   itemprop=\"contentURL\"  \/><\/div><\/div><br \/>\n<div class='avia-image-container  av-styling-    avia-align-center '  itemscope=\"itemscope\" itemtype=\"https:\/\/schema.org\/ImageObject\"  ><div class='avia-image-container-inner'><a href='\/\/static.halalguda.com\/uploads\/certifikat-sme-excellent.png' class='avia_image'   target=\"_blank\" ><img class='avia_image ' src='https:\/\/static.halalguda.com\/uploads\/certifikat-excellent-sme.png' alt='' title='Certifikat Excellent SME'  itemprop=\"contentURL\"  \/><\/a><\/div><\/div><br \/>\n<div class='avia-image-container  av-styling-    avia-align-center '  itemscope=\"itemscope\" itemtype=\"https:\/\/schema.org\/ImageObject\"  ><div class='avia-image-container-inner'><a href='\/\/static.halalguda.com\/uploads\/certifikat-bonitetna-ocena-en.png' class='avia_image'   target=\"_blank\" ><img class='avia_image ' src='https:\/\/static.halalguda.com\/uploads\/certifikat-bonitetna-ocena-znak-en.png' alt='Creditworthiness Rating' title='certifikat-bonitetna-ocena-znak-en'  itemprop=\"contentURL\"  \/><\/a><\/div><\/div><\/p><\/div><\/div><!--close column table wrapper. Autoclose:  --><\/div><\/div><\/div><!-- close content main div --><\/div><\/div><div id='testimonials' class='avia-section main_color avia-section-no-padding avia-no-border-styling avia-bg-style-scroll   container_wrap fullsize'   ><div class='container' ><div class='template-page content  av-content-full alpha units'><div class='post-entry post-entry-type-page post-entry-487'><div class='entry-content-wrapper clearfix'>\n<section class=\"av_textblock_section\"  itemscope=\"itemscope\" itemtype=\"https:\/\/schema.org\/CreativeWork\" ><div class='avia_textblock '   itemprop=\"text\" ><h3 style=\"text-align: center;\">La fiducia e la soddisfazione<\/h3>\n<p style=\"text-align: center;\">dei nostri distributori, ristoratori e dei loro clienti \u00e8 per noi la pi\u00f9 grande conferma dei nostri sforzi e del nostro lavoro.<\/p>\n<\/div><\/section>\n<section class=\"avia_codeblock_section avia_code_block_0\"  itemscope=\"itemscope\" itemtype=\"https:\/\/schema.org\/CreativeWork\" ><div class='avia_codeblock '  itemprop=\"text\" > [avia_codeblock_placeholder uid=\"0\"] <\/div><\/section>\n<\/p>\n","protected":false},"excerpt":{"rendered":"","protected":false},"author":2,"featured_media":0,"parent":0,"menu_order":0,"comment_status":"closed","ping_status":"closed","template":"","meta":{"footnotes":""},"_links":{"self":[{"href":"https:\/\/www.halalguda.com\/it\/wp-json\/wp\/v2\/pages\/487"}],"collection":[{"href":"https:\/\/www.halalguda.com\/it\/wp-json\/wp\/v2\/pages"}],"about":[{"href":"https:\/\/www.halalguda.com\/it\/wp-json\/wp\/v2\/types\/page"}],"author":[{"embeddable":true,"href":"https:\/\/www.halalguda.com\/it\/wp-json\/wp\/v2\/users\/2"}],"replies":[{"embeddable":true,"href":"https:\/\/www.halalguda.com\/it\/wp-json\/wp\/v2\/comments?post=487"}],"version-history":[{"count":8,"href":"https:\/\/www.halalguda.com\/it\/wp-json\/wp\/v2\/pages\/487\/revisions"}],"predecessor-version":[{"id":838,"href":"https:\/\/www.halalguda.com\/it\/wp-json\/wp\/v2\/pages\/487\/revisions\/838"}],"wp:attachment":[{"href":"https:\/\/www.halalguda.com\/it\/wp-json\/wp\/v2\/media?parent=487"}],"curies":[{"name":"wp","href":"https:\/\/api.w.org\/{rel}","templated":true}]}}