{"id":713,"date":"2015-12-08T09:54:28","date_gmt":"2015-12-08T09:54:28","guid":{"rendered":"https:\/\/www.halalguda.com\/fr\/proizvodnja\/"},"modified":"2016-07-05T07:07:03","modified_gmt":"2016-07-05T07:07:03","slug":"proizvodnja","status":"publish","type":"page","link":"https:\/\/www.halalguda.com\/fr\/proizvodnja\/","title":{"rendered":"Production"},"content":{"rendered":"<section class=\"av_textblock_section\"  itemscope=\"itemscope\" itemtype=\"https:\/\/schema.org\/CreativeWork\" ><div class='avia_textblock subheader'   itemprop=\"text\" ><h1 style=\"text-align: center;\">Production<\/h1>\n<p style=\"text-align: center;\">Visitez notre processus de fabrication des broches tournantes \u2013 doner kebabs et d\u00e9couvrez pourquoi elles sont le meilleur choix pour vous et vos clients.<\/p>\n<\/div><\/section>\n<\/div><\/div><\/div><!-- close content main div --><\/div><\/div><div id='av_section_1' class='avia-section main_color avia-section-no-padding avia-shadow avia-bg-style-scroll   container_wrap fullsize'   ><div class='container' ><div class='template-page content  av-content-full alpha units'><div class='post-entry post-entry-type-page post-entry-713'><div class='entry-content-wrapper clearfix'>\n<div class='flex_column_table av-equal-height-column-flextable' ><div class=\"flex_column av_one_fourth  no_margin flex_column_table_cell av-equal-height-column av-align-middle av-zero-column-padding first   \" style='border-radius:0px; '><div class='avia-image-container  av-styling-no-styling    avia-align-center '  itemscope=\"itemscope\" itemtype=\"https:\/\/schema.org\/ImageObject\"  ><div class='avia-image-container-inner'><img class='avia_image ' src='https:\/\/static.halalguda.com\/uploads\/proizvodnja_1.png' alt='' title='proizvodnja_1'   itemprop=\"contentURL\"  \/><\/div><\/div><\/div><div class=\"flex_column av_one_fourth  no_margin flex_column_table_cell av-equal-height-column av-align-middle av-zero-column-padding   \" style='border-radius:0px; '><section class=\"av_textblock_section\"  itemscope=\"itemscope\" itemtype=\"https:\/\/schema.org\/CreativeWork\" ><div class='avia_textblock '   itemprop=\"text\" ><h3>Le respect des normes halal<\/h3>\n<p>Le processus de fabrication respecte strictement les normes Halal en utilisant exclusivement les ingr\u00e9dients en possession des certificats Halal pour garantir de cette mani\u00e8re la conformit\u00e9 de nos produits\u00a0 aussi pour les membres de la communaut\u00e9 islamique.<\/p>\n<\/div><\/section><\/div><div class=\"flex_column av_one_fourth  no_margin flex_column_table_cell av-equal-height-column av-align-middle av-zero-column-padding   \" style='border-radius:0px; '><div class='av-hotspot-image-container avia_animate_when_almost_visible  av-hotspot-blank   hotspot-proizvodnja-2 av-non-fullwidth-hotspot-image '  itemscope=\"itemscope\" itemtype=\"https:\/\/schema.org\/ImageObject\"  ><div class='av-hotspot-container'><div class='av-hotspot-container-inner-cell'><div class='av-hotspot-container-inner-wrap'><div class='av-image-hotspot' data-avia-tooltip-position='top' data-avia-tooltip-alignment='left' data-avia-tooltip-class='av-tt-default-width av-tt-pos-above av-tt-align-left  main_color av-tt-hotspot' data-avia-tooltip='' style='top: 4.7%; left: 14%; '><a href=https:\/\/static.halalguda.com\/uploads\/HG_izjava_zdravje_FRA-1.jpg  target=\"_blank\"  class='av-image-hotspot_inner' style=' '>1<\/a><div class='av-image-hotspot-pulse' ><\/div><\/div><div class='av-image-hotspot' data-avia-tooltip-position='top' data-avia-tooltip-alignment='left' data-avia-tooltip-class='av-tt-default-width av-tt-pos-above av-tt-align-left  main_color av-tt-hotspot' data-avia-tooltip='' style='top: 55.8%; left: 15.5%; '><a href=https:\/\/static.halalguda.com\/uploads\/HG_izjava_halal_FRA-1.jpg  target=\"_blank\"  class='av-image-hotspot_inner' style=' '>2<\/a><div class='av-image-hotspot-pulse' ><\/div><\/div><img class='avia_image ' src='https:\/\/static.halalguda.com\/uploads\/proizvodnja_2.png' alt='Upo\u0161tevanje Halal standardov' title='Upo\u0161tevanje Halal standardov'   itemprop=\"contentURL\"  \/><\/div><\/div><\/div><\/div><\/div><div class=\"flex_column av_one_fourth  no_margin flex_column_table_cell av-equal-height-column av-align-middle av-zero-column-padding   \" style='border-radius:0px; '><section class=\"av_textblock_section\"  itemscope=\"itemscope\" itemtype=\"https:\/\/schema.org\/CreativeWork\" ><div class='avia_textblock '   itemprop=\"text\" ><h3>Pour le doner kebab excellent nous avons besoin d&#8217;ingr\u00e9dients de\u00a0 qualit\u00e9<\/h3>\n<p>Nous croyons \u00e0 la transformation naturelle et faisons confiance \u00e0 la qualit\u00e9 \u00e9prouv\u00e9e des ingr\u00e9dients d&#8217;origine de l&#8217;UE sous contr\u00f4le strict.<\/p>\n<\/div><\/section><\/div><\/div><!--close column table wrapper. Autoclose:  -->\n\n<\/div><\/div><\/div><!-- close content main div --><\/div><div class='av-extra-border-element border-extra-arrow-down'><div class='av-extra-border-outer'><div class='av-extra-border-inner'  style='background-color:#ffffff;' ><\/div><\/div><\/div><\/div><div id='av_section_2' class='avia-section main_color avia-section-no-padding avia-shadow avia-bg-style-scroll   container_wrap fullsize'   ><div class='container' ><div class='template-page content  av-content-full alpha units'><div class='post-entry post-entry-type-page post-entry-713'><div class='entry-content-wrapper clearfix'>\n<div class='flex_column_table av-equal-height-column-flextable' ><div class=\"flex_column av_one_fourth  no_margin flex_column_table_cell av-equal-height-column av-align-middle av-zero-column-padding first   \" style='border-radius:0px; '><section class=\"av_textblock_section\"  itemscope=\"itemscope\" itemtype=\"https:\/\/schema.org\/CreativeWork\" ><div class='avia_textblock '   itemprop=\"text\" ><h3>Entour\u00e9s de montagnes<\/h3>\n<p>Ce n&#8217;est pas par hasard, que nous avons choisi de situer notre soci\u00e9t\u00e9 et notre atelier pour la production des produits carn\u00e9s dans un endroit entour\u00e9 des montagnes: cela nous garantit de l&#8217;eau potable exceptionnellement pure.<\/p>\n<p>La production des broches tournantes \u2013 doner kebabs n\u00e9cessite de grandes quantit\u00e9s d&#8217;eau, et l&#8217;eau pure est l&#8217;un des ingr\u00e9dients les plus fondamentaux , qui affecte la qualit\u00e9 du produit final.<\/p>\n<p>Voici la recherche du domaine de l&#8217;eau pure en UE<\/p>\n<\/div><\/section><\/div><div class=\"flex_column av_one_fourth  no_margin flex_column_table_cell av-equal-height-column av-align-middle av-zero-column-padding   \" style='border-radius:0px; '><div class='av-hotspot-image-container avia_animate_when_almost_visible  av-hotspot-blank   hotspot-proizvodnja-3 av-non-fullwidth-hotspot-image '  itemscope=\"itemscope\" itemtype=\"https:\/\/schema.org\/ImageObject\"  ><div class='av-hotspot-container'><div class='av-hotspot-container-inner-cell'><div class='av-hotspot-container-inner-wrap'><div class='av-image-hotspot' data-avia-tooltip-position='top' data-avia-tooltip-alignment='left' data-avia-tooltip-class='av-tt-default-width av-tt-pos-above av-tt-align-left  main_color av-tt-hotspot' data-avia-tooltip='' style='top: 65.9%; left: 51.3%; '><a href=https:\/\/fr.wikipedia.org\/wiki\/Slov%C3%A9nie  target=\"_blank\"  class='av-image-hotspot_inner' style=' '>1<\/a><div class='av-image-hotspot-pulse' ><\/div><\/div><img class='avia_image ' src='https:\/\/static.halalguda.com\/uploads\/proizvodnja_3_fra.png' alt='' title='proizvodnja_3_fra'   itemprop=\"contentURL\"  \/><\/div><\/div><\/div><\/div><\/div><div class=\"flex_column av_one_fourth  no_margin flex_column_table_cell av-equal-height-column av-align-middle av-zero-column-padding   \" style='border-radius:0px; '><section class=\"av_textblock_section\"  itemscope=\"itemscope\" itemtype=\"https:\/\/schema.org\/CreativeWork\" ><div class='avia_textblock '   itemprop=\"text\" ><h3>Nos normes<\/h3>\n<p>Pour nous, la propret\u00e9 de nos locaux, le soin pour les plus hauts standards d&#8217;hygi\u00e8ne et le respect strict des normes HACCP ne sont pas seulement le respect des r\u00e8glements: c&#8217;est la base o\u00f9 commence notre travail.<\/p>\n<p>Nous respectons et satisfaisons \u00e0 tous les normes strictes du domaine de propret\u00e9 et d&#8217;hygi\u00e8ne, \u00e0 toutes les directives et exigences HACCP et \u00e0 toutes les r\u00e8glements du domaine de la production des denr\u00e9es alimentaires.<\/p>\n<p>Voici la liste des ateliers autoris\u00e9s<\/p>\n<\/div><\/section><\/div><div class=\"flex_column av_one_fourth  no_margin flex_column_table_cell av-equal-height-column av-align-middle av-zero-column-padding   \" style='border-radius:0px; '><div class='av-hotspot-image-container avia_animate_when_almost_visible  av-hotspot-blank   hotspot-proizvodnja-4 av-non-fullwidth-hotspot-image '  itemscope=\"itemscope\" itemtype=\"https:\/\/schema.org\/ImageObject\"  ><div class='av-hotspot-container'><div class='av-hotspot-container-inner-cell'><div class='av-hotspot-container-inner-wrap'><img class='avia_image ' src='https:\/\/static.halalguda.com\/uploads\/proizvodnja_4.png' alt='' title='Proizvodnji proces'   itemprop=\"contentURL\"  \/><\/div><\/div><\/div><\/div><\/div><\/div><!--close column table wrapper. Autoclose:  --><\/div><\/div><\/div><!-- close content main div --><\/div><div class='av-extra-border-element border-extra-arrow-down'><div class='av-extra-border-outer'><div class='av-extra-border-inner'  style='background-color:#ffffff;' ><\/div><\/div><\/div><\/div><div id='av_section_3' class='avia-section main_color avia-section-no-padding avia-shadow avia-bg-style-scroll   container_wrap fullsize'   ><div class='container' ><div class='template-page content  av-content-full alpha units'><div class='post-entry post-entry-type-page post-entry-713'><div class='entry-content-wrapper clearfix'>\n<div class='flex_column_table av-equal-height-column-flextable' ><div class=\"flex_column av_one_fourth  no_margin flex_column_table_cell av-equal-height-column av-align-middle av-zero-column-padding first   \" style='border-radius:0px; '><div class='avia-image-container  av-styling-no-styling    avia-align-center '  itemscope=\"itemscope\" itemtype=\"https:\/\/schema.org\/ImageObject\"  ><div class='avia-image-container-inner'><img class='avia_image ' src='https:\/\/static.halalguda.com\/uploads\/proizvodnja_5.png' alt='' title='proizvodnja_5'   itemprop=\"contentURL\"  \/><\/div><\/div><\/div><div class=\"flex_column av_one_fourth  no_margin flex_column_table_cell av-equal-height-column av-align-middle av-zero-column-padding   \" style='border-radius:0px; '><section class=\"av_textblock_section\"  itemscope=\"itemscope\" itemtype=\"https:\/\/schema.org\/CreativeWork\" ><div class='avia_textblock '   itemprop=\"text\" ><h3>Transformation de la viande<\/h3>\n<p>La viande fra\u00eeche est pr\u00e9par\u00e9e et form\u00e9e \u00e0 la main en steaks ou en tranches qui sont, ensuite, amincis et ramollis \u00e0 machine pour faire les doner kebabs cuits plus savoureux.<\/p>\n<\/div><\/section><\/div><div class=\"flex_column av_one_fourth  no_margin flex_column_table_cell av-equal-height-column av-align-middle av-zero-column-padding   \" style='border-radius:0px; '><div class='avia-image-container  av-styling-no-styling    avia-align-center '  itemscope=\"itemscope\" itemtype=\"https:\/\/schema.org\/ImageObject\"  ><div class='avia-image-container-inner'><img class='avia_image ' src='https:\/\/static.halalguda.com\/uploads\/proizvodnja_6.png' alt='' title='Mariniranje mesa v masirnem stroju'   itemprop=\"contentURL\"  \/><\/div><\/div><\/div><div class=\"flex_column av_one_fourth  no_margin flex_column_table_cell av-equal-height-column av-align-middle av-zero-column-padding   \" style='border-radius:0px; '><section class=\"av_textblock_section\"  itemscope=\"itemscope\" itemtype=\"https:\/\/schema.org\/CreativeWork\" ><div class='avia_textblock '   itemprop=\"text\" ><h3>Le marinage de la viande dans la machine malaxeuse<\/h3>\n<p>La marinade se compose de l&#8217;eau et du mix assorti d&#8217;\u00e9pices; elle peut \u00eatre adapt\u00e9e compl\u00e8tement \u00e0 vos souhaits et satisfaire \u00e0 la fois \u00e0 votre go\u00fbt et au go\u00fbt de votre client\u00e8le.<\/p>\n<\/div><\/section><\/div><\/div><!--close column table wrapper. Autoclose:  -->\n<\/p>\n<p><\/div><\/div><\/div><!-- close content main div --><\/div><div class='av-extra-border-element border-extra-arrow-down'><div class='av-extra-border-outer'><div class='av-extra-border-inner'  style='background-color:#ffffff;' ><\/div><\/div><\/div><\/div><div id='av_section_4' class='avia-section main_color avia-section-no-padding avia-shadow avia-bg-style-scroll   container_wrap fullsize'   ><div class='container' ><div class='template-page content  av-content-full alpha units'><div class='post-entry post-entry-type-page post-entry-713'><div class='entry-content-wrapper clearfix'>\n<div class='flex_column_table av-equal-height-column-flextable' ><div class=\"flex_column av_one_fourth  no_margin flex_column_table_cell av-equal-height-column av-align-middle av-zero-column-padding first   \" style='border-radius:0px; '><section class=\"av_textblock_section\"  itemscope=\"itemscope\" itemtype=\"https:\/\/schema.org\/CreativeWork\" ><div class='avia_textblock '   itemprop=\"text\" ><h3>La composition et la formation manuelle de la viande assaisonn\u00e9e en broches tournantes \u2013 doner kebabs<\/h3>\n<p>Toutes les broches tournantes \u2013 doner kebab sont compos\u00e9es \u00e0 la main; de cette fa\u00e7on leurs dimensions peuvent s&#8217;adapter enti\u00e8rement aux souhaits du client.<\/p>\n<p>Les poids nets normaux: 5 kg, 7 kg, 10 kg, 15 kg, 20 kg, 25 kg, 30 kg<\/p>\n<\/div><\/section><\/div><div class=\"flex_column av_one_fourth  no_margin flex_column_table_cell av-equal-height-column av-align-middle av-zero-column-padding   \" style='border-radius:0px; '><div class='av-hotspot-image-container avia_animate_when_almost_visible  av-hotspot-blank   hotspot-proizvodnja-7 av-non-fullwidth-hotspot-image '  itemscope=\"itemscope\" itemtype=\"https:\/\/schema.org\/ImageObject\"  ><div class='av-hotspot-container'><div class='av-hotspot-container-inner-cell'><div class='av-hotspot-container-inner-wrap'><div class='av-image-hotspot' data-avia-tooltip-position='top' data-avia-tooltip-alignment='left' data-avia-tooltip-class='av-tt-default-width av-tt-pos-above av-tt-align-left  main_color av-tt-hotspot' data-avia-tooltip='' style='top: 67.2%; left: 63.2%; '><a href=https:\/\/fr.wikipedia.org\/wiki\/Slov%C3%A9nie  target=\"_blank\"  class='av-image-hotspot_inner' style=' '>1<\/a><div class='av-image-hotspot-pulse' ><\/div><\/div><img class='avia_image ' src='https:\/\/static.halalguda.com\/uploads\/proizvodnja_7.png' alt='' title='proizvodnja_7'   itemprop=\"contentURL\"  \/><\/div><\/div><\/div><\/div><\/div><div class=\"flex_column av_one_fourth  no_margin flex_column_table_cell av-equal-height-column av-align-middle av-zero-column-padding   \" style='border-radius:0px; '><section class=\"av_textblock_section\"  itemscope=\"itemscope\" itemtype=\"https:\/\/schema.org\/CreativeWork\" ><div class='avia_textblock '   itemprop=\"text\" ><h4>L\u2019\u00e9tiquetage et l\u2019emballage des broches tournantes \u2013<\/h4>\n<p>doner kebabs en feuilles plastiques sur les supports tournants.<\/p>\n<p>Les doner kebabs compos\u00e9s et form\u00e9s sur les supports tournants sont emball\u00e9s en feuilles plastiques et d\u00e9sign\u00e9s de mani\u00e8re correspondante, ensuite ils sont empil\u00e9s sur les chariots pour \u00eatre transport\u00e9s dans la chambre choc.<\/p>\n<\/div><\/section><\/div><div class=\"flex_column av_one_fourth  no_margin flex_column_table_cell av-equal-height-column av-align-middle av-zero-column-padding   \" style='border-radius:0px; '><p><div class='avia-image-container  av-styling-no-styling    avia-align-center '  itemscope=\"itemscope\" itemtype=\"https:\/\/schema.org\/ImageObject\"  ><div class='avia-image-container-inner'><img class='avia_image ' src='https:\/\/static.halalguda.com\/uploads\/proizvodnja_8.png' alt='' title='Proizvodnji proces'   itemprop=\"contentURL\"  \/><\/div><\/div><br \/>\n<section class=\"av_textblock_section\"  itemscope=\"itemscope\" itemtype=\"https:\/\/schema.org\/CreativeWork\" ><div class='avia_textblock oznacbe clearfix'   itemprop=\"text\" ><h4><strong>L\u2019\u00e9tiquetage:<\/strong><\/h4>\n<p>&#8211; (<a href=\"http:\/\/www.uradni-list.si\/1\/content?id=116104\" target=\"_blank\">Ur. l. RS, \u0161t. 6\/14<\/a>)<br \/>\n&#8211; (<a href=\"http:\/\/www.pisrs.si\/Pis.web\/pregledPredpisa?id=PRAV5391\" target=\"_blank\">Ur. l. RS, \u0161t. 36\/14<\/a>)<br \/>\n&#8211; <a href=\"http:\/\/eur-lex.europa.eu\/LexUriServ\/LexUriServ.do?uri=OJ:L:2011:304:0018:0063:SL:PDF\" target=\"_blank\">\u0161t. 1169\/2011<\/a><\/p>\n<p>&#8211; <a href=\"http:\/\/www.uvhvvr.gov.si\/fileadmin\/uvhvvr.gov.si\/pageuploads\/DELOVNA_PODROCJA\/Krma\/02004R0852-20090420-sl.pdf\" target=\"_blank\">\u0161t. 853\/2004<\/a><br \/>\n&#8211; (<a href=\"http:\/\/www.pisrs.si\/Pis.web\/pregledPredpisa?id=PRAV5670\" target=\"_blank\">Ur. l. RS, \u0161t. 59\/2012<\/a>)<\/p>\n<\/div><\/section><\/p><\/div><\/div><!--close column table wrapper. Autoclose:  -->\n<\/p>\n<\/div><\/div><\/div><!-- close content main div --><\/div><div class='av-extra-border-element border-extra-arrow-down'><div class='av-extra-border-outer'><div class='av-extra-border-inner'  style='background-color:#ffffff;' ><\/div><\/div><\/div><\/div><div id='av_section_5' class='avia-section main_color avia-section-no-padding avia-shadow avia-bg-style-scroll   container_wrap fullsize'   ><div class='container' ><div class='template-page content  av-content-full alpha units'><div class='post-entry post-entry-type-page post-entry-713'><div class='entry-content-wrapper clearfix'>\n<div class='flex_column_table av-equal-height-column-flextable' ><div class=\"flex_column av_one_fourth  no_margin flex_column_table_cell av-equal-height-column av-align-middle av-zero-column-padding first   \" style='border-radius:0px; '><div class='av-hotspot-image-container avia_animate_when_almost_visible  av-hotspot-blank   hotspot-proizvodnja-9 av-non-fullwidth-hotspot-image '  itemscope=\"itemscope\" itemtype=\"https:\/\/schema.org\/ImageObject\"  ><div class='av-hotspot-container'><div class='av-hotspot-container-inner-cell'><div class='av-hotspot-container-inner-wrap'><div class='av-image-hotspot' data-avia-tooltip-position='top' data-avia-tooltip-alignment='left' data-avia-tooltip-class='av-tt-default-width av-tt-pos-above av-tt-align-left  main_color av-tt-hotspot' data-avia-tooltip='' style='top: 71.9%; left: 55.3%; '><a href=https:\/\/static.halalguda.com\/uploads\/HG_izjava_zdravje_FRA-1.jpg  target=\"_blank\"  class='av-image-hotspot_inner' style=' '>1<\/a><div class='av-image-hotspot-pulse' ><\/div><\/div><img class='avia_image ' src='https:\/\/static.halalguda.com\/uploads\/proizvodnja_9.png' alt='' title='proizvodnja_9'   itemprop=\"contentURL\"  \/><\/div><\/div><\/div><\/div><\/div><div class=\"flex_column av_one_fourth  no_margin flex_column_table_cell av-equal-height-column av-align-middle av-zero-column-padding   \" style='border-radius:0px; '><section class=\"av_textblock_section\"  itemscope=\"itemscope\" itemtype=\"https:\/\/schema.org\/CreativeWork\" ><div class='avia_textblock '   itemprop=\"text\" ><h3>La cong\u00e9lation dans la chambre choc<\/h3>\n<p>Dans la chambre choc les doner kebabs emball\u00e9s et d\u00e9sign\u00e9s sont surgel\u00e9s \u00e0 une temp\u00e9rature de -40 \u2070C pour conserver leur qualit\u00e9 et pertinence sanitaire jusqu&#8217;\u00e0 l&#8217;\u00e9ch\u00e9ance du d\u00e9lai d&#8217;utilisation.<\/p>\n<p><span style=\"line-height: 1.5;\">&#8211; (<a href=\"http:\/\/www.pisrs.si\/Pis.web\/pregledPredpisa?id=PRAV5670\" target=\"_blank\">Ur. l. RS, \u0161t. 59\/2012<\/a>)<br \/>\n<\/span>&#8211; <a href=\"http:\/\/eur-lex.europa.eu\/LexUriServ\/LexUriServ.do?uri=OJ:L:2005:338:0001:0026:SL:PDF\" target=\"_blank\">\u0161t. 2073\/2005<\/a><\/p>\n<\/div><\/section><\/div><div class=\"flex_column av_one_fourth  no_margin flex_column_table_cell av-equal-height-column av-align-middle av-zero-column-padding   \" style='border-radius:0px; '><div class='avia-image-container  av-styling-no-styling    avia-align-center '  itemscope=\"itemscope\" itemtype=\"https:\/\/schema.org\/ImageObject\"  ><div class='avia-image-container-inner'><img class='avia_image ' src='https:\/\/static.halalguda.com\/uploads\/proizvodnja_10.png' alt='' title='proizvodnja_10'   itemprop=\"contentURL\"  \/><\/div><\/div><\/div><div class=\"flex_column av_one_fourth  no_margin flex_column_table_cell av-equal-height-column av-align-middle av-zero-column-padding   \" style='border-radius:0px; '><section class=\"av_textblock_section\"  itemscope=\"itemscope\" itemtype=\"https:\/\/schema.org\/CreativeWork\" ><div class='avia_textblock '   itemprop=\"text\" ><h3>Le stockage<\/h3>\n<p>Les doner kebabs congel\u00e9s sont stock\u00e9s dans la salle de cong\u00e9lation \u00e0 la temp\u00e9rature de -18 \u2070C.\u00a0 Dans telles conditions de stockage le d\u00e9lai d&#8217;utilisation est au moins un an \u00e0 compter de la date de production et de cong\u00e9lation.<\/p>\n<\/div><\/section><\/div><\/div><!--close column table wrapper. Autoclose:  -->\n\n<\/div><\/div><\/div><!-- close content main div --><\/div><div class='av-extra-border-element border-extra-arrow-down'><div class='av-extra-border-outer'><div class='av-extra-border-inner'  style='background-color:#ffffff;' ><\/div><\/div><\/div><\/div><div id='av_section_6' class='avia-section main_color avia-section-no-padding avia-shadow avia-bg-style-scroll   container_wrap fullsize'   ><div class='container' ><div class='template-page content  av-content-full alpha units'><div class='post-entry post-entry-type-page post-entry-713'><div class='entry-content-wrapper clearfix'>\n<div class='flex_column_table av-equal-height-column-flextable' ><div class=\"flex_column av_one_fourth  no_margin flex_column_table_cell av-equal-height-column av-align-middle av-zero-column-padding first   \" style='border-radius:0px; '><section class=\"av_textblock_section\"  itemscope=\"itemscope\" itemtype=\"https:\/\/schema.org\/CreativeWork\" ><div class='avia_textblock '   itemprop=\"text\" ><h3>La livraison et la r\u00e9ception<\/h3>\n<p>Les doner kebabs congel\u00e9s emball\u00e9s en feuille plastique et\/ou dans les box de carton \u00e0 palettes appropri\u00e9s pour le transport peuvent \u00eatre livr\u00e9s \u00e0 l&#8217;adresse du client; toutefois, les clients peuvent les enlever chez nous et organiser le transport\u00a0 eux-m\u00eames. La temp\u00e9rature de transport : -18 \u2070C.<\/p>\n<\/div><\/section><\/div><div class=\"flex_column av_one_fourth  no_margin flex_column_table_cell av-equal-height-column av-align-middle av-zero-column-padding   \" style='border-radius:0px; '><div class='avia-image-container  av-styling-no-styling    avia-align-center '  itemscope=\"itemscope\" itemtype=\"https:\/\/schema.org\/ImageObject\"  ><div class='avia-image-container-inner'><img class='avia_image ' src='https:\/\/static.halalguda.com\/uploads\/proizvodnja_11.png' alt='' title='proizvodnja_11'   itemprop=\"contentURL\"  \/><\/div><\/div><\/div><div class=\"flex_column av_one_half  no_margin flex_column_table_cell av-equal-height-column av-align-middle av-zero-column-padding   \" style='border-radius:0px; '><section class=\"av_textblock_section\"  itemscope=\"itemscope\" itemtype=\"https:\/\/schema.org\/CreativeWork\" ><div class='avia_textblock calltoaction'   itemprop=\"text\" ><h2 style=\"text-align: center;\">Voulez-vous v\u00e9rifier l&#8217;offre des kebabs ou passer une commande?<\/h2>\n<div class=\"buttons_wrapper\"><div class='avia-button-wrap avia-button-center  '><a href='https:\/\/www.halalguda.com\/fr\/produkti\/' class='avia-button  avia-icon_select-no avia-color-theme-color avia-size-small avia-position-center '   ><span class='avia_iconbox_title' >V\u00e9rifiez l'offre<\/span><\/a><\/div> ou <div class='avia-button-wrap avia-button-center  '><a href='https:\/\/www.halalguda.com\/fr\/kontakt\/' class='avia-button  avia-icon_select-no avia-color-theme-color avia-size-small avia-position-center '   ><span class='avia_iconbox_title' >Contactez nous<\/span><\/a><\/div><\/div>\n<\/div><\/section><\/div><\/div><!--close column table wrapper. Autoclose:  -->\n\n","protected":false},"excerpt":{"rendered":"","protected":false},"author":2,"featured_media":0,"parent":0,"menu_order":0,"comment_status":"closed","ping_status":"closed","template":"","meta":{"footnotes":""},"_links":{"self":[{"href":"https:\/\/www.halalguda.com\/fr\/wp-json\/wp\/v2\/pages\/713"}],"collection":[{"href":"https:\/\/www.halalguda.com\/fr\/wp-json\/wp\/v2\/pages"}],"about":[{"href":"https:\/\/www.halalguda.com\/fr\/wp-json\/wp\/v2\/types\/page"}],"author":[{"embeddable":true,"href":"https:\/\/www.halalguda.com\/fr\/wp-json\/wp\/v2\/users\/2"}],"replies":[{"embeddable":true,"href":"https:\/\/www.halalguda.com\/fr\/wp-json\/wp\/v2\/comments?post=713"}],"version-history":[{"count":10,"href":"https:\/\/www.halalguda.com\/fr\/wp-json\/wp\/v2\/pages\/713\/revisions"}],"predecessor-version":[{"id":865,"href":"https:\/\/www.halalguda.com\/fr\/wp-json\/wp\/v2\/pages\/713\/revisions\/865"}],"wp:attachment":[{"href":"https:\/\/www.halalguda.com\/fr\/wp-json\/wp\/v2\/media?parent=713"}],"curies":[{"name":"wp","href":"https:\/\/api.w.org\/{rel}","templated":true}]}}