{"id":689,"date":"2015-12-08T09:54:40","date_gmt":"2015-12-08T09:54:40","guid":{"rendered":"https:\/\/www.halalguda.com\/fr\/prodajna-mreza\/"},"modified":"2016-06-01T08:29:09","modified_gmt":"2016-06-01T08:29:09","slug":"prodajna-mreza","status":"publish","type":"page","link":"https:\/\/www.halalguda.com\/fr\/prodajna-mreza\/","title":{"rendered":"R\u00e9seau commercial"},"content":{"rendered":"<\/div><\/div><\/div><!-- close content main div --><\/div><\/div><div id='av_section_1' class='avia-section main_color avia-section-default avia-no-shadow avia-bg-style-scroll  subheader container_wrap fullsize'   ><div class='container' ><div class='template-page content  av-content-full alpha units'><div class='post-entry post-entry-type-page post-entry-689'><div class='entry-content-wrapper clearfix'>\n<section class=\"av_textblock_section\"  itemscope=\"itemscope\" itemtype=\"https:\/\/schema.org\/CreativeWork\" ><div class='avia_textblock '   itemprop=\"text\" ><h1 style=\"text-align: center;\">Le r\u00e9seau commercial des produits carn\u00e9s Halal Guda Doner Kebap<\/h1>\n<p style=\"text-align: center;\">Notre r\u00e9seau commercial se compose de distributeurs et restaurateurs\/traiteurs locaux et \u00e9trangers, qui appr\u00e9cient la haute qualit\u00e9 de nos doner kebabs et d\u2019autres produits carn\u00e9s halal et qui, \u00e0 cause de notre respect des toutes les normes strictes,\u00a0 nous font confiance et veulent offrir le meilleur \u00e0 leurs clients et invit\u00e9s.<\/p>\n<\/div><\/section>\n\n<div id='av_gmap_1' class='avia-google-map-container' data-mapid='1' style='height: 764px;'><\/div>\n<\/div><\/div><\/div><!-- close content main div --><\/div><\/div><div id='testimonials' class='avia-section main_color avia-section-no-padding avia-no-border-styling avia-bg-style-scroll   container_wrap fullsize'   ><div class='container' ><div class='template-page content  av-content-full alpha units'><div class='post-entry post-entry-type-page post-entry-689'><div class='entry-content-wrapper clearfix'>\n<section class=\"av_textblock_section\"  itemscope=\"itemscope\" itemtype=\"https:\/\/schema.org\/CreativeWork\" ><div class='avia_textblock '   itemprop=\"text\" ><h3 style=\"text-align: center;\">La confiance et la satisfaction<\/h3>\n<p style=\"text-align: center;\">de nos distributeurs, restaurateurs\/traiteurs et leurs clients est la plus grande reconnaissance \u00e0 nos efforts et notre travail.<\/p>\n<\/div><\/section>\n<section class=\"avia_codeblock_section avia_code_block_0\"  itemscope=\"itemscope\" itemtype=\"https:\/\/schema.org\/CreativeWork\" ><div class='avia_codeblock '  itemprop=\"text\" > [avia_codeblock_placeholder uid=\"0\"] <\/div><\/section>\n\n<\/div><\/div><\/div><!-- close content main div --><\/div><\/div><div id='calltoaction' class='avia-section main_color avia-section-no-padding avia-no-border-styling avia-bg-style-scroll  section-extra-side-padding container_wrap fullsize'   ><div class='container' ><div class='template-page content  av-content-full alpha units'><div class='post-entry post-entry-type-page post-entry-689'><div class='entry-content-wrapper clearfix'>\n<section class=\"av_textblock_section\"  itemscope=\"itemscope\" itemtype=\"https:\/\/schema.org\/CreativeWork\" ><div class='avia_textblock '   itemprop=\"text\" ><h3 style=\"text-align: center;\">Voulez-vous essayer nos produits ou commencer \u00e0 coop\u00e9rer avec nous?<\/h3>\n<p style=\"text-align: center;\">Si vous, aussi, appr\u00e9ciez la qualit\u00e9 et ne voulez offrir \u00e0 vos clients que les doner kebabs et autres produits carn\u00e9s halal d\u00e9licieux et de haute qualit\u00e9, ou seulement d\u00e9guster nos produits, ou simplement nous conna\u00eetre, nous vous invitons \u00e0 nous contacter.<\/p>\n<\/div><\/section>\n<div class='avia-button-wrap avia-button-center  '><a href='https:\/\/www.halalguda.com\/fr\/proizvodnja\/' class='avia-button  avia-icon_select-no avia-color-theme-color avia-size-small avia-position-center '   ><span class='avia_iconbox_title' >Visite de notre production<\/span><\/a><\/div>\n\n","protected":false},"excerpt":{"rendered":"","protected":false},"author":2,"featured_media":0,"parent":0,"menu_order":0,"comment_status":"closed","ping_status":"closed","template":"","meta":{"footnotes":""},"_links":{"self":[{"href":"https:\/\/www.halalguda.com\/fr\/wp-json\/wp\/v2\/pages\/689"}],"collection":[{"href":"https:\/\/www.halalguda.com\/fr\/wp-json\/wp\/v2\/pages"}],"about":[{"href":"https:\/\/www.halalguda.com\/fr\/wp-json\/wp\/v2\/types\/page"}],"author":[{"embeddable":true,"href":"https:\/\/www.halalguda.com\/fr\/wp-json\/wp\/v2\/users\/2"}],"replies":[{"embeddable":true,"href":"https:\/\/www.halalguda.com\/fr\/wp-json\/wp\/v2\/comments?post=689"}],"version-history":[{"count":6,"href":"https:\/\/www.halalguda.com\/fr\/wp-json\/wp\/v2\/pages\/689\/revisions"}],"predecessor-version":[{"id":799,"href":"https:\/\/www.halalguda.com\/fr\/wp-json\/wp\/v2\/pages\/689\/revisions\/799"}],"wp:attachment":[{"href":"https:\/\/www.halalguda.com\/fr\/wp-json\/wp\/v2\/media?parent=689"}],"curies":[{"name":"wp","href":"https:\/\/api.w.org\/{rel}","templated":true}]}}