{"id":685,"date":"2015-12-08T09:54:51","date_gmt":"2015-12-08T09:54:51","guid":{"rendered":"https:\/\/www.halalguda.com\/fr\/o-podjetju\/"},"modified":"2016-06-30T07:19:49","modified_gmt":"2016-06-30T07:19:49","slug":"o-podjetju","status":"publish","type":"page","link":"https:\/\/www.halalguda.com\/fr\/o-podjetju\/","title":{"rendered":"Sur la Soci\u00e9t\u00e9"},"content":{"rendered":"<\/div><\/div><\/div><!-- close content main div --><\/div><\/div><div id='av_section_1' class='avia-section main_color avia-section-default avia-no-shadow avia-bg-style-scroll  subheader section-extra-side-padding container_wrap fullsize'   ><div class='container' ><div class='template-page content  av-content-full alpha units'><div class='post-entry post-entry-type-page post-entry-685'><div class='entry-content-wrapper clearfix'>\n<section class=\"av_textblock_section\"  itemscope=\"itemscope\" itemtype=\"https:\/\/schema.org\/CreativeWork\" ><div class='avia_textblock font-size-20'   itemprop=\"text\" ><h1 style=\"text-align: center;\">Pr\u00e9sentation de notre soci\u00e9t\u00e9<\/h1>\n<p style=\"text-align: center;\">Halal Guda Doner Kebap est la plus grande et la plus r\u00e9ussie entreprise slov\u00e8ne pour la pr\u00e9paration et la vente des broches tournantes de viande \u00e9pic\u00e9e \u2013 doner kebabs. Elle a \u00e9t\u00e9 fond\u00e9e en 2013, ses locaux commerciaux sont situ\u00e9s dans la localit\u00e9 Mlaka pri Kranju, o\u00f9 ils sont entour\u00e9s de la nature intacte de la r\u00e9gion de Gorenjska.<\/p>\n<\/div><\/section>\n<section class=\"av_textblock_section\"  itemscope=\"itemscope\" itemtype=\"https:\/\/schema.org\/CreativeWork\" ><div class='avia_textblock font-size-20'   itemprop=\"text\" ><p><span class=\"av_dropcap1 \" >24<\/span> L&#8217;\u00e9quipe se compose de 24\u00a0 membres du personnel d\u00e9di\u00e9s, pr\u00e9cis et fiables qui s&#8217;efforcent toujours de r\u00e9pondre \u00e0 tous les d\u00e9sirs des clients.<\/p>\n<\/div><\/section>\n<section class=\"av_textblock_section\"  itemscope=\"itemscope\" itemtype=\"https:\/\/schema.org\/CreativeWork\" ><div class='avia_textblock font-size-20'   itemprop=\"text\" ><p style=\"text-align: center;\">Les distributeurs des produits carn\u00e9s appr\u00e9cient surtout notre fiabilit\u00e9 et adaptabilit\u00e9, les acheteurs finaux nous sont fid\u00e8les gr\u00e2ce \u00e0 l&#8217;excellent go\u00fbt et la qualit\u00e9 excellente de nos produits.<\/p>\n<\/div><\/section>\n\n<\/div><\/div><\/div><!-- close content main div --><\/div><\/div><div id='av_section_2' class='avia-section main_color avia-section-no-padding avia-no-border-styling avia-bg-style-scroll  section-fullwidth section-slike-podjetja container_wrap fullsize'   ><div class='container' ><div class='template-page content  av-content-full alpha units'><div class='post-entry post-entry-type-page post-entry-685'><div class='entry-content-wrapper clearfix'>\n<div class='flex_column_table av-equal-height-column-flextable' ><div class=\"flex_column av_one_half  avia-full-stretch no_margin flex_column_table_cell av-equal-height-column av-align-top av-zero-column-padding first   \" style='border-radius:0px; '><div class='avia-image-container  av-styling-no-styling    avia-align-center '  itemscope=\"itemscope\" itemtype=\"https:\/\/schema.org\/ImageObject\"  ><div class='avia-image-container-inner'><img class='avia_image ' src='https:\/\/static.halalguda.com\/uploads\/o-podjetju_1.jpg' alt='' title='Poslovna stavba podjetja Halal Guda'   itemprop=\"contentURL\"  \/><\/div><\/div><\/div><div class=\"flex_column av_one_half  avia-full-stretch no_margin flex_column_table_cell av-equal-height-column av-align-top av-zero-column-padding    \" style='border-radius:0px; '><div class='avia-image-container  av-styling-no-styling    avia-align-center '  itemscope=\"itemscope\" itemtype=\"https:\/\/schema.org\/ImageObject\"  ><div class='avia-image-container-inner'><img class='avia_image ' src='https:\/\/static.halalguda.com\/uploads\/o-podjetju_2.jpg' alt='Proizvodnja podjetja Halal Guda' title='Proizvodnja podjetja Halal Guda'   itemprop=\"contentURL\"  \/><\/div><\/div><\/div><\/div><!--close column table wrapper. Autoclose:  -->\n\n<\/div><\/div><\/div><!-- close content main div --><\/div><\/div><div id='av_section_3' class='avia-section main_color avia-section-default avia-no-border-styling avia-bg-style-scroll  section-background-sivorjav container_wrap fullsize'   ><div class='container' ><div class='template-page content  av-content-full alpha units'><div class='post-entry post-entry-type-page post-entry-685'><div class='entry-content-wrapper clearfix'>\n<div class='flex_column_table av-equal-height-column-flextable' ><div class=\"flex_column av_two_fifth  flex_column_table_cell av-equal-height-column av-align-top av-zero-column-padding first   \" style='border-radius:0px; '><section class=\"av_textblock_section\"  itemscope=\"itemscope\" itemtype=\"https:\/\/schema.org\/CreativeWork\" ><div class='avia_textblock '   itemprop=\"text\" ><h2>Ce que nous croyons<\/h2>\n<p>Nous, membres de la soci\u00e9t\u00e9 Halal Guda, croyons \u00e0 la qualit\u00e9 et tradition, c\u2019est pourquoi nous n&#8217;utilisons dans la production de nos produits que la plus pure eau et les meilleurs ingr\u00e9dients provenant de sources v\u00e9rifi\u00e9es et\u00a0 respectons strictement toutes les normes HACCP et halal dans le processus entier de production.<\/p>\n<p>Nous sommes particuli\u00e8rement fiers du certificat Halal et de la M\u00e9daille d&#8217;or d\u2019excellence dans le domaine des entreprises moyennes et petites, qui d\u00e9montrent la haute qualit\u00e9 de nos produits et la fiabilit\u00e9 et le professionnalisme de notre soci\u00e9t\u00e9.<\/p>\n<\/div><\/section><\/div><div class='av-flex-placeholder'><\/div><div class=\"flex_column av_two_fifth  flex_column_table_cell av-equal-height-column av-align-top av-zero-column-padding   \" style='border-radius:0px; '><section class=\"av_textblock_section\"  itemscope=\"itemscope\" itemtype=\"https:\/\/schema.org\/CreativeWork\" ><div class='avia_textblock '   itemprop=\"text\" ><h2>O\u00f9 sommes-nous?<\/h2>\n<p>Nous sommes situ\u00e9 \u00e0 Mlaka pri Kranju.<\/p>\n<p>Actuellement, nous op\u00e9rons dans cinq pays et coop\u00e9rons avec sept distributeurs.<\/p>\n<p>Notre r\u00e9seau de vente et le nombre de clients satisfaits ne cesse pas de cro\u00eetre, puisque de plus en plus de gens sont conscients de l&#8217;importance d&#8217;une alimentation saine et de qualit\u00e9.<\/p>\n<\/div><\/section><\/div><div class='av-flex-placeholder'><\/div><div class=\"flex_column av_one_fifth  flex_column_table_cell av-equal-height-column av-align-top av-zero-column-padding   cta \" style='border-radius:0px; '><section class=\"av_textblock_section\"  itemscope=\"itemscope\" itemtype=\"https:\/\/schema.org\/CreativeWork\" ><div class='avia_textblock '   itemprop=\"text\" ><p><em>Visitez-nous et essayez nos excellents produits, vous aurez s\u00fbrement envie de\u00a0 faire partie de notre famille.<\/em><\/p>\n<\/div><\/section><\/div><\/div><!--close column table wrapper. Autoclose:  -->\n\n<\/div><\/div><\/div><!-- close content main div --><\/div><\/div><div id='av_section_4' class='avia-section main_color avia-section-default avia-no-shadow avia-bg-style-scroll  section-certifikati container_wrap fullsize'   ><div class='container' ><div class='template-page content  av-content-full alpha units'><div class='post-entry post-entry-type-page post-entry-685'><div class='entry-content-wrapper clearfix'>\n<div class='flex_column_table av-equal-height-column-flextable' ><div class=\"flex_column av_two_fifth  flex_column_table_cell av-equal-height-column av-align-middle av-zero-column-padding first   \" style='border-radius:0px; '><section class=\"av_textblock_section\"  itemscope=\"itemscope\" itemtype=\"https:\/\/schema.org\/CreativeWork\" ><div class='avia_textblock '   itemprop=\"text\" ><h2>Certificats<\/h2>\n<p>Le respect de toutes les normes r\u00e9glementaires et les certificats de conformit\u00e9 et qualit\u00e9 confirment la qualit\u00e9 et la confiance en notre production.<\/p>\n<\/div><\/section><\/div><div class='av-flex-placeholder'><\/div><div class=\"flex_column av_three_fifth  flex_column_table_cell av-equal-height-column av-align-middle av-zero-column-padding   certifikati \" style='border-radius:0px; '><p><div class='avia-image-container  av-styling-    avia-align-center '  itemscope=\"itemscope\" itemtype=\"https:\/\/schema.org\/ImageObject\"  ><div class='avia-image-container-inner'><a href='https:\/\/static.halalguda.com\/uploads\/HG_izjava_halal_FRA-1.jpg' class='avia_image'   target=\"_blank\" ><img class='avia_image ' src='https:\/\/static.halalguda.com\/uploads\/standard-halal-hand.png' alt='' title='Certifikat Halalguda'  itemprop=\"contentURL\"  \/><\/a><\/div><\/div><br \/>\n<div class='avia-image-container  av-styling-    avia-align-center '  itemscope=\"itemscope\" itemtype=\"https:\/\/schema.org\/ImageObject\"  ><div class='avia-image-container-inner'><img class='avia_image ' src='https:\/\/static.halalguda.com\/uploads\/francoska_znacka.png' alt='' title='francoska_znacka'   itemprop=\"contentURL\"  \/><\/div><\/div><br \/>\n<div class='avia-image-container  av-styling-    avia-align-center '  itemscope=\"itemscope\" itemtype=\"https:\/\/schema.org\/ImageObject\"  ><div class='avia-image-container-inner'><a href='\/\/static.halalguda.com\/uploads\/certifikat-sme-excellent.png' class='avia_image'   target=\"_blank\" ><img class='avia_image ' src='https:\/\/static.halalguda.com\/uploads\/certifikat-excellent-sme.png' alt='' title='Certifikat Excellent SME'  itemprop=\"contentURL\"  \/><\/a><\/div><\/div><br \/>\n<div class='avia-image-container  av-styling-    avia-align-center '  itemscope=\"itemscope\" itemtype=\"https:\/\/schema.org\/ImageObject\"  ><div class='avia-image-container-inner'><a href='\/\/static.halalguda.com\/uploads\/certifikat-bonitetna-ocena-si.png' class='avia_image'   target=\"_blank\" ><img class='avia_image ' src='https:\/\/static.halalguda.com\/uploads\/certifikat-bonitetna-ocena-znakA.png' alt='' title='Bonitetna ocena A'  itemprop=\"contentURL\"  \/><\/a><\/div><\/div><\/p><\/div><\/div><!--close column table wrapper. Autoclose:  --><\/div><\/div><\/div><!-- close content main div --><\/div><\/div><div id='testimonials' class='avia-section main_color avia-section-no-padding avia-no-border-styling avia-bg-style-scroll   container_wrap fullsize'   ><div class='container' ><div class='template-page content  av-content-full alpha units'><div class='post-entry post-entry-type-page post-entry-685'><div class='entry-content-wrapper clearfix'>\n<section class=\"av_textblock_section\"  itemscope=\"itemscope\" itemtype=\"https:\/\/schema.org\/CreativeWork\" ><div class='avia_textblock '   itemprop=\"text\" ><h3 style=\"text-align: center;\">La confiance et la satisfaction<\/h3>\n<p style=\"text-align: center;\">de nos distributeurs, restaurateurs\/traiteurs et leurs clients est la plus grande reconnaissance \u00e0 nos efforts et notre travail.<\/p>\n<\/div><\/section>\n<section class=\"avia_codeblock_section avia_code_block_0\"  itemscope=\"itemscope\" itemtype=\"https:\/\/schema.org\/CreativeWork\" ><div class='avia_codeblock '  itemprop=\"text\" > [avia_codeblock_placeholder uid=\"0\"] <\/div><\/section>\n<\/p>\n","protected":false},"excerpt":{"rendered":"","protected":false},"author":2,"featured_media":0,"parent":0,"menu_order":0,"comment_status":"closed","ping_status":"closed","template":"","meta":{"footnotes":""},"_links":{"self":[{"href":"https:\/\/www.halalguda.com\/fr\/wp-json\/wp\/v2\/pages\/685"}],"collection":[{"href":"https:\/\/www.halalguda.com\/fr\/wp-json\/wp\/v2\/pages"}],"about":[{"href":"https:\/\/www.halalguda.com\/fr\/wp-json\/wp\/v2\/types\/page"}],"author":[{"embeddable":true,"href":"https:\/\/www.halalguda.com\/fr\/wp-json\/wp\/v2\/users\/2"}],"replies":[{"embeddable":true,"href":"https:\/\/www.halalguda.com\/fr\/wp-json\/wp\/v2\/comments?post=685"}],"version-history":[{"count":6,"href":"https:\/\/www.halalguda.com\/fr\/wp-json\/wp\/v2\/pages\/685\/revisions"}],"predecessor-version":[{"id":835,"href":"https:\/\/www.halalguda.com\/fr\/wp-json\/wp\/v2\/pages\/685\/revisions\/835"}],"wp:attachment":[{"href":"https:\/\/www.halalguda.com\/fr\/wp-json\/wp\/v2\/media?parent=685"}],"curies":[{"name":"wp","href":"https:\/\/api.w.org\/{rel}","templated":true}]}}