{"id":680,"date":"2015-12-08T09:55:02","date_gmt":"2015-12-08T09:55:02","guid":{"rendered":"https:\/\/www.halalguda.com\/fr\/kontakt\/"},"modified":"2016-06-02T07:16:09","modified_gmt":"2016-06-02T07:16:09","slug":"kontakt","status":"publish","type":"page","link":"https:\/\/www.halalguda.com\/fr\/kontakt\/","title":{"rendered":"Contact"},"content":{"rendered":"<\/div><\/div><\/div><!-- close content main div --><\/div><\/div><div id='av_section_1' class='avia-section main_color avia-section-default avia-no-shadow avia-bg-style-scroll  container_wrap fullsize'   ><div class='container' ><div class='template-page content  av-content-full alpha units'><div class='post-entry post-entry-type-page post-entry-680'><div class='entry-content-wrapper clearfix'>\n<section class=\"av_textblock_section\"  itemscope=\"itemscope\" itemtype=\"https:\/\/schema.org\/CreativeWork\" ><div class='avia_textblock '   itemprop=\"text\" ><h1 style=\"text-align: center;\">Contact<\/h1>\n<p style=\"text-align: center;\">Prenez contact avec nous, nous serons heureux de vous r\u00e9pondre.<\/p>\n<\/div><\/section>\n\n<\/div><\/div><\/div><!-- close content main div --><\/div><\/div><div id='av_section_2' class='avia-section main_color avia-section-no-padding avia-no-border-styling avia-bg-style-scroll  section-fullwidth lokacija container_wrap fullsize'   ><div class='container' ><div class='template-page content  av-content-full alpha units'><div class='post-entry post-entry-type-page post-entry-680'><div class='entry-content-wrapper clearfix'>\n<div class='flex_column_table av-equal-height-column-flextable' ><div class=\"flex_column av_one_third  no_margin flex_column_table_cell av-equal-height-column av-align-middle av-zero-column-padding first   \" style='border-radius:0px; '><section class=\"av_textblock_section\"  itemscope=\"itemscope\" itemtype=\"https:\/\/schema.org\/CreativeWork\" ><div class='avia_textblock '   itemprop=\"text\" ><h4>HALAL GUDA DONER KEBAP, d.o.o.<\/h4>\n<p>La production des produits carn\u00e9s, le commerce et l&#8217;agence d&#8217;affaires<br \/>\n<strong><a href=\"geo:46.277293,14.35406\">Golni\u0161ka cesta 102, 4000 Kranj, Slovenija<\/a><\/strong><\/p>\n<p>Tel.: <a href=\"tel:+38659049722\">+386 (0) 59 049 722<\/a><br \/>\nMob.: <a href=\"tel:+38631847687\">+386 (0)31 847 687<\/a><br \/>\nE-mail: <a href=\"mailto:info@halalguda.com\">info@halalguda.com<\/a><br \/>\nFax.: +386 (0) 59 049 723<\/p>\n<p><strong>Num\u00e9ro d\u2019\u00e9tat civil:<\/strong> 6508863000<br \/>\n<strong>Code fiscal:<\/strong> SI 40433358<br \/>\n<strong>IBAN:<\/strong> SI56 2900 0005 1129 236<br \/>\n<strong>BIC:<\/strong> BACXSI22 Unicredit banka Slovenija d.d.<\/p>\n<\/div><\/section><\/div><div class=\"flex_column av_two_third  no_margin flex_column_table_cell av-equal-height-column av-align-middle av-zero-column-padding   \" style='border-radius:0px; '><div id='av_gmap_1' class='avia-google-map-container' data-mapid='1' style='height: 550px;'><\/div><\/div><\/div><!--close column table wrapper. Autoclose:  --><\/div><\/div><\/div><!-- close content main div --><\/div><\/div><div id='kontakt' class='avia-section main_color avia-section-default avia-no-shadow avia-bg-style-scroll   container_wrap fullsize'   ><div class='container' ><div class='template-page content  av-content-full alpha units'><div class='post-entry post-entry-type-page post-entry-680'><div class='entry-content-wrapper clearfix'>\n<section class=\"av_textblock_section\"  itemscope=\"itemscope\" itemtype=\"https:\/\/schema.org\/CreativeWork\" ><div class='avia_textblock '   itemprop=\"text\" >\n<div class=\"wpcf7 no-js\" id=\"wpcf7-f684-o1\" lang=\"sl-SI\" dir=\"ltr\">\n<div class=\"screen-reader-response\"><p role=\"status\" aria-live=\"polite\" aria-atomic=\"true\"><\/p> <ul><\/ul><\/div>\n<form action=\"\/fr\/wp-json\/wp\/v2\/pages\/680#wpcf7-f684-o1\" method=\"post\" class=\"wpcf7-form init\" aria-label=\"Contact form\" novalidate=\"novalidate\" data-status=\"init\">\n<div style=\"display: none;\">\n<input type=\"hidden\" name=\"_wpcf7\" value=\"684\" \/>\n<input type=\"hidden\" name=\"_wpcf7_version\" value=\"5.8.6\" \/>\n<input type=\"hidden\" name=\"_wpcf7_locale\" value=\"sl_SI\" \/>\n<input type=\"hidden\" name=\"_wpcf7_unit_tag\" value=\"wpcf7-f684-o1\" \/>\n<input type=\"hidden\" name=\"_wpcf7_container_post\" value=\"0\" \/>\n<input type=\"hidden\" name=\"_wpcf7_posted_data_hash\" value=\"\" \/>\n<\/div>\n<h2>Formulaire de contact\n<\/h2>\n<p class=\"trije-stolpci\"><br \/>\n<span class=\"wpcf7-form-control-wrap\" data-name=\"text-ime\"><input size=\"40\" class=\"wpcf7-form-control wpcf7-text wpcf7-validates-as-required\" aria-required=\"true\" aria-invalid=\"false\" placeholder=\"Pr\u00e9nom...*\" value=\"\" type=\"text\" name=\"text-ime\" \/><\/span><span class=\"wpcf7-form-control-wrap\" data-name=\"text-priimek\"><input size=\"40\" class=\"wpcf7-form-control wpcf7-text wpcf7-validates-as-required\" aria-required=\"true\" aria-invalid=\"false\" placeholder=\"Nom...*\" value=\"\" type=\"text\" name=\"text-priimek\" \/><\/span><span class=\"wpcf7-form-control-wrap\" data-name=\"email-naslov\"><input size=\"40\" class=\"wpcf7-form-control wpcf7-email wpcf7-validates-as-required wpcf7-text wpcf7-validates-as-email\" aria-required=\"true\" aria-invalid=\"false\" placeholder=\"Email...*\" value=\"\" type=\"email\" name=\"email-naslov\" \/><\/span>\n<\/p>\n<p class=\"trije-stolpci\"><br \/>\n<span class=\"wpcf7-form-control-wrap\" data-name=\"tel-st\"><input size=\"40\" class=\"wpcf7-form-control wpcf7-tel wpcf7-validates-as-required wpcf7-text wpcf7-validates-as-tel\" aria-required=\"true\" aria-invalid=\"false\" placeholder=\"T\u00e9l\u00e9phone N\u2070...*\" value=\"\" type=\"tel\" name=\"tel-st\" \/><\/span><span class=\"wpcf7-form-control-wrap\" data-name=\"text-podjetje\"><input size=\"40\" class=\"wpcf7-form-control wpcf7-text\" aria-invalid=\"false\" placeholder=\"Soci\u00e9t\u00e9...\" value=\"\" type=\"text\" name=\"text-podjetje\" \/><\/span><span class=\"wpcf7-form-control-wrap\" data-name=\"text-drzava\"><input size=\"40\" class=\"wpcf7-form-control wpcf7-text\" aria-invalid=\"false\" placeholder=\"Pays...\" value=\"\" type=\"text\" name=\"text-drzava\" \/><\/span>\n<\/p>\n<p style=\"clear: both;\"><br \/>\n<span class=\"wpcf7-form-control-wrap\" data-name=\"textarea-sporocilo\"><textarea cols=\"40\" rows=\"10\" class=\"wpcf7-form-control wpcf7-textarea\" id=\"textarea-sporocilo\" aria-invalid=\"false\" placeholder=\"Message...*\" name=\"textarea-sporocilo\"><\/textarea><\/span>\n<\/p>\n<p><br \/>\nI give a voluntary and explicit consent that the company Halal Guda Doner KEBAP d.o.o. can use the information listed above to communicate with me by email or phone or in a written contact and to process them for commercial purposes with regard to the following contents:\n<\/p>\n<p>I agree *\n<\/p>\n<p><span class=\"wpcf7-form-control-wrap\" data-name=\"checkbox-712\"><span class=\"wpcf7-form-control wpcf7-checkbox wpcf7-validates-as-required\"><span class=\"wpcf7-list-item first last\"><input type=\"checkbox\" name=\"checkbox-712[]\" value=\"With informing on the offer, events, innovations and services of Halal Guda Doner Kebap d.o.o.\" \/><span class=\"wpcf7-list-item-label\">With informing on the offer, events, innovations and services of Halal Guda Doner Kebap d.o.o.<\/span><\/span><\/span><\/span>\n<\/p>\n<p class=\"gumb\"><input class=\"wpcf7-form-control wpcf7-submit has-spinner\" type=\"submit\" value=\"ENVOYEZ LE MESSAGE\" \/>\n<\/p><div class=\"wpcf7-response-output\" aria-hidden=\"true\"><\/div>\n<\/form>\n<\/div>\n\n<\/div><\/section>\n<\/p>\n<\/div><\/div><\/div><!-- close content main div --><\/div><\/div><div id='calltoaction' class='avia-section main_color avia-section-no-padding avia-no-shadow avia-bg-style-scroll  section-extra-side-padding container_wrap fullsize'   ><div class='container' ><div class='template-page content  av-content-full alpha units'><div class='post-entry post-entry-type-page post-entry-680'><div class='entry-content-wrapper clearfix'>\n<section class=\"av_textblock_section\"  itemscope=\"itemscope\" itemtype=\"https:\/\/schema.org\/CreativeWork\" ><div class='avia_textblock '   itemprop=\"text\" ><h3 style=\"text-align: center;\">Pensez-vous que vous pourriez contribuer au d\u00e9veloppement de notre entreprise?<\/h3>\n<p style=\"text-align: center;\">Si vous pensez que vous pourriez contribuer au d\u00e9veloppement de notre entreprise et poss\u00e9dez les connaissances n\u00e9cessaires dans le domaine de la production de doner kebab et d&#8217;autres produits carn\u00e9s halal, contactez nous \u00e0 l&#8217;adresse:<\/p>\n<p style=\"text-align: center;\"><a href=\"mailto:info@halalguda.com\">info@halalguda.com<\/a><\/p>\n<\/div><\/section>\n\n","protected":false},"excerpt":{"rendered":"","protected":false},"author":2,"featured_media":0,"parent":0,"menu_order":0,"comment_status":"closed","ping_status":"closed","template":"","meta":{"footnotes":""},"_links":{"self":[{"href":"https:\/\/www.halalguda.com\/fr\/wp-json\/wp\/v2\/pages\/680"}],"collection":[{"href":"https:\/\/www.halalguda.com\/fr\/wp-json\/wp\/v2\/pages"}],"about":[{"href":"https:\/\/www.halalguda.com\/fr\/wp-json\/wp\/v2\/types\/page"}],"author":[{"embeddable":true,"href":"https:\/\/www.halalguda.com\/fr\/wp-json\/wp\/v2\/users\/2"}],"replies":[{"embeddable":true,"href":"https:\/\/www.halalguda.com\/fr\/wp-json\/wp\/v2\/comments?post=680"}],"version-history":[{"count":9,"href":"https:\/\/www.halalguda.com\/fr\/wp-json\/wp\/v2\/pages\/680\/revisions"}],"predecessor-version":[{"id":809,"href":"https:\/\/www.halalguda.com\/fr\/wp-json\/wp\/v2\/pages\/680\/revisions\/809"}],"wp:attachment":[{"href":"https:\/\/www.halalguda.com\/fr\/wp-json\/wp\/v2\/media?parent=680"}],"curies":[{"name":"wp","href":"https:\/\/api.w.org\/{rel}","templated":true}]}}