{"id":675,"date":"2015-11-30T10:06:41","date_gmt":"2015-11-30T10:06:41","guid":{"rendered":"https:\/\/www.halalguda.com\/fr\/domov\/"},"modified":"2016-06-30T07:13:52","modified_gmt":"2016-06-30T07:13:52","slug":"domov","status":"publish","type":"page","link":"https:\/\/www.halalguda.com\/fr\/","title":{"rendered":"Domov"},"content":{"rendered":"<\/div><\/div><\/div><!-- close content main div --><\/div><\/div><div id='av-layout-grid-1' class='av-layout-grid-container entry-content-wrapper main_color av-flex-cells  subheader container_wrap fullsize'   >\n<div class=\"flex_cell no_margin av_one_half  left  avia-full-stretch av-zero-padding \" style='background-image:url(https:\/\/static.halalguda.com\/uploads\/domov-proizvodnja.jpg); background-position:center left; background-repeat:no-repeat; background-attachment:scroll; vertical-align:middle; padding:0; '><div class='flex_cell_inner' ><div class=\"flex_column av_one_full  flex_column_div av-zero-column-padding first  top \" style='border-radius:0px; '><section class=\"av_textblock_section\"  itemscope=\"itemscope\" itemtype=\"https:\/\/schema.org\/CreativeWork\" ><div class='avia_textblock '   itemprop=\"text\" ><h1>Production de produits carn\u00e9s<\/h1>\n<\/div><\/section><br \/>\n<div class='avia-button-wrap avia-button-left  '><a href='https:\/\/www.halalguda.com\/fr\/' class='avia-button  avia-icon_select-no avia-color-custom avia-size-small avia-position-left '  style='background-color:; border-color:; color:; ' ><span class='avia_iconbox_title' >Offre kebabs<\/span><\/a><\/div><\/p><\/div>\n<\/div><\/div><div class=\"flex_cell no_margin av_one_half  right  av-zero-padding \" style='vertical-align:top; padding:0px; '><div class='flex_cell_inner' ><p><div class=\"flex_column av_one_full  avia-full-stretch no_margin flex_column_div av-zero-column-padding first  top \" style='background-image:url(https:\/\/static.halalguda.com\/uploads\/domov-proizvodnja-2.jpg); background-position:center left; background-repeat:no-repeat; border-radius:0px; '><section class=\"av_textblock_section\"  itemscope=\"itemscope\" itemtype=\"https:\/\/schema.org\/CreativeWork\" ><div class='avia_textblock '   itemprop=\"text\" ><h2>Notre production<\/h2>\n<\/div><\/section><br \/>\n<div class='avia-button-wrap avia-button-left  '><a href='https:\/\/www.halalguda.com\/fr\/' class='avia-button  avia-icon_select-no avia-color-custom avia-size-small avia-position-left '  style='background-color:; border-color:; color:; ' ><span class='avia_iconbox_title' >Visitez notre production<\/span><\/a><\/div><\/p><\/div><div class=\"flex_column av_one_full  no_margin flex_column_div av-zero-column-padding first  bottom \" style='background-image:url(https:\/\/static.halalguda.com\/uploads\/footer-background.png); background-position:top left; background-repeat:repeat-x; border-radius:0px; '><p><section class=\"av_textblock_section\"  itemscope=\"itemscope\" itemtype=\"https:\/\/schema.org\/CreativeWork\" ><div class='avia_textblock '   itemprop=\"text\" ><p>Nous respectons les normes rigoureuses<\/p>\n<\/div><\/section><br \/>\n<span class=\"av_font_icon avia_animate_when_visible av-icon-style-border ikona-euporeklo av-no-color avia-icon-pos-center \" style=\"\"><span class='av-icon-char' style='font-size:40px;line-height:40px;width:40px;' aria-hidden='true' data-av_icon='\ue800' data-av_iconfont='entypo-fontello' ><\/span><span class='av_icon_caption av-special-font'>Ingr\u00e9dients d\u2019origine UE<\/span><\/span><br \/>\n<span class=\"av_font_icon avia_animate_when_visible av-icon-style-border ikona-cistavoda av-no-color avia-icon-pos-center \" style=\"\"><span class='av-icon-char' style='font-size:40px;line-height:40px;width:40px;' aria-hidden='true' data-av_icon='\ue800' data-av_iconfont='entypo-fontello' ><\/span><span class='av_icon_caption av-special-font'>L\u2019eau pure<\/span><\/span><br \/>\n<span class=\"av_font_icon avia_animate_when_visible av-icon-style-border ikona-naravnapridelava av-no-color avia-icon-pos-center \" style=\"\"><span class='av-icon-char' style='font-size:40px;line-height:40px;width:40px;' aria-hidden='true' data-av_icon='\ue800' data-av_iconfont='entypo-fontello' ><\/span><span class='av_icon_caption av-special-font'>Naturel et control\u00e9<\/span><\/span><br \/>\n<span class=\"av_font_icon avia_animate_when_visible av-icon-style-border ikona-standardcistoce av-no-color avia-icon-pos-center \" style=\"\"><span class='av-icon-char' style='font-size:40px;line-height:40px;width:40px;' aria-hidden='true' data-av_icon='\ue800' data-av_iconfont='entypo-fontello' ><\/span><span class='av_icon_caption av-special-font'>Normes strictes de propret\u00e9<\/span><\/span><br \/>\n<span class=\"av_font_icon avia_animate_when_visible av-icon-style-border ikona-halalstandard av-no-color avia-icon-pos-center \" style=\"\"><span class='av-icon-char' style='font-size:40px;line-height:40px;width:40px;' aria-hidden='true' data-av_icon='\ue800' data-av_iconfont='entypo-fontello' ><\/span><span class='av_icon_caption av-special-font'>Normes halal<\/span><\/span><br \/>\n<span class=\"av_font_icon avia_animate_when_visible av-icon-style-border ikona-redneanalize av-no-color avia-icon-pos-center \" style=\"\"><span class='av-icon-char' style='font-size:40px;line-height:40px;width:40px;' aria-hidden='true' data-av_icon='\ue800' data-av_iconfont='entypo-fontello' ><\/span><span class='av_icon_caption av-special-font'>Analyses de la qualit\u00e9<\/span><\/span><\/p><\/div><\/p>\n<\/div><\/div>\n<\/div>\n<\/div><\/div><\/div><!-- close content main div --><\/div><\/div><div id='av_section_1' class='avia-section main_color avia-section-default avia-no-shadow avia-bg-style-scroll  standardi header container_wrap fullsize' style = 'background-repeat: no-repeat; background-image: url(https:\/\/static.halalguda.com\/uploads\/domov-section-background1.png); background-attachment: scroll; background-position: center center; ' data-section-bg-repeat='no-repeat' ><div class='container' ><div class='template-page content  av-content-full alpha units'><div class='post-entry post-entry-type-page post-entry-675'><div class='entry-content-wrapper clearfix'>\n<section class=\"av_textblock_section\"  itemscope=\"itemscope\" itemtype=\"https:\/\/schema.org\/CreativeWork\" ><div class='avia_textblock '   itemprop=\"text\" ><p style=\"text-align: center;\">En utilisant les ingr\u00e9dients s\u00e9lectionn\u00e9s et de qualit\u00e9, en respectant toutes les normes HACCP et HALAL et les normes strictes concernant la propret\u00e9 et la qualit\u00e9, nous produisons\u00a0 les d\u00e9licieuses, saines, assaisonn\u00e9es broches tournantes carn\u00e9s\u00a0 de qualit\u00e9\u00a0 \u2013 doner kebab, pr\u00e9par\u00e9s selon la recette traditionnelle turque,\u00a0 de fa\u00e7on respectueuse de l&#8217;environnement et naturelle.\u00a0 Notre programme de production comprend aussi d&#8217;autres produits carn\u00e9s Halal.<\/p>\n<\/div><\/section>\n\n<\/div><\/div><\/div><!-- close content main div --><\/div><\/div><div id='av_section_2' class='avia-section main_color avia-section-small avia-no-border-styling avia-bg-style-scroll  standardi content container_wrap fullsize'   ><div class='container' ><div class='template-page content  av-content-full alpha units'><div class='post-entry post-entry-type-page post-entry-675'><div class='entry-content-wrapper clearfix'>\n<section class=\"av_textblock_section\"  itemscope=\"itemscope\" itemtype=\"https:\/\/schema.org\/CreativeWork\" ><div class='avia_textblock '   itemprop=\"text\" ><h2 style=\"text-align: center;\">Nous respectons les normes rigoureuses<\/h2>\n<\/div><\/section>\n<div class=\"flex_column av_one_third  flex_column_div av-zero-column-padding first  \" style='border-radius:0px; '><p><span class=\"av_font_icon avia_animate_when_visible av-icon-style-border ikona-euporeklo av-no-color avia-icon-pos-center \" style=\"\"><span class='av-icon-char' style='font-size:40px;line-height:40px;width:40px;' aria-hidden='true' data-av_icon='\ue800' data-av_iconfont='entypo-fontello' ><\/span><span class='av_icon_caption av-special-font'>Ingr\u00e9dients d\u2019origine UE<\/span><\/span><br \/>\n<section class=\"av_textblock_section\"  itemscope=\"itemscope\" itemtype=\"https:\/\/schema.org\/CreativeWork\" ><div class='avia_textblock '   itemprop=\"text\" ><p>Tous les ingr\u00e9dients de nos produits sont de l&#8217;origine europ\u00e9enne \u00e9tant ainsi soumis au contr\u00f4le stricte \u00e0 l&#8217;\u00e9gard de la qualit\u00e9, tra\u00e7abilit\u00e9, conformit\u00e9 sanitaire et d&#8217;accomplissement des normes et exigences r\u00e9glementaires.<\/p>\n<\/div><\/section><\/p><\/div><div class=\"flex_column av_one_third  flex_column_div av-zero-column-padding   \" style='border-radius:0px; '><p><span class=\"av_font_icon avia_animate_when_visible av-icon-style-border ikona-standardcistoce av-no-color avia-icon-pos-center \" style=\"\"><span class='av-icon-char' style='font-size:40px;line-height:40px;width:40px;' aria-hidden='true' data-av_icon='\ue800' data-av_iconfont='entypo-fontello' ><\/span><span class='av_icon_caption av-special-font'>Normes strictes de propret\u00e9<\/span><\/span><br \/>\n<section class=\"av_textblock_section\"  itemscope=\"itemscope\" itemtype=\"https:\/\/schema.org\/CreativeWork\" ><div class='avia_textblock '   itemprop=\"text\" ><p>Le respect des normes strictes de propret\u00e9, les bonnes pratiques d&#8217;hygi\u00e8ne et l&#8217;enl\u00e8vement m\u00e9canique et manuel r\u00e9gulier d&#8217;impuret\u00e9s, c&#8217;est la base\u00a0 pour pouvoir garantir les denr\u00e9es alimentaires de qualit\u00e9, respectueuses de la sant\u00e9 et saines pour le consommateur.<\/p>\n<\/div><\/section><\/p><\/div><div class=\"flex_column av_one_third  flex_column_div av-zero-column-padding   \" style='border-radius:0px; '><p><span class=\"av_font_icon avia_animate_when_visible av-icon-style-border ikona-cistavoda av-no-color avia-icon-pos-center \" style=\"\"><span class='av-icon-char' style='font-size:40px;line-height:40px;width:40px;' aria-hidden='true' data-av_icon='\ue800' data-av_iconfont='entypo-fontello' ><\/span><span class='av_icon_caption av-special-font'>L\u2019eau pure<\/span><\/span><br \/>\n<section class=\"av_textblock_section\"  itemscope=\"itemscope\" itemtype=\"https:\/\/schema.org\/CreativeWork\" ><div class='avia_textblock '   itemprop=\"text\" ><p>L&#8217;utilisation de l&#8217;eau potable pure, non pollu\u00e9e et appropri\u00e9e \u00e0 l&#8217;homme, c&#8217;est la condition pour produire les denr\u00e9es alimentaires de qualit\u00e9 et\u00a0 impeccablement saine. Bien que dans notre environnement nous disposons de quantit\u00e9s suffisantes d&#8217;eau pure nous effectuons le suivi r\u00e9gulier.<\/p>\n<\/div><\/section><\/p><\/div><div class=\"flex_column av_one_third  flex_column_div av-zero-column-padding first  \" style='border-radius:0px; '><p><span class=\"av_font_icon avia_animate_when_visible av-icon-style-border ikona-naravnapridelava av-no-color avia-icon-pos-center \" style=\"\"><span class='av-icon-char' style='font-size:40px;line-height:40px;width:40px;' aria-hidden='true' data-av_icon='\ue800' data-av_iconfont='entypo-fontello' ><\/span><span class='av_icon_caption av-special-font'>Culture naturelle et fournisseurs v\u00e9rifi\u00e9s<\/span><\/span><br \/>\n<section class=\"av_textblock_section\"  itemscope=\"itemscope\" itemtype=\"https:\/\/schema.org\/CreativeWork\" ><div class='avia_textblock '   itemprop=\"text\" ><p>Nous coop\u00e9rons exclusivement avec des fournisseurs v\u00e9rifi\u00e9s qui respectent strictement les normes HACCP et HALAL et cultivent les mati\u00e8res premi\u00e8res d\u2019une mani\u00e8re naturelle et respectueuse de l&#8217;environnement, sans utiliser additifs nocifs et malsains pour les animaux et l&#8217;homme.<\/p>\n<\/div><\/section><\/p><\/div><div class=\"flex_column av_one_third  flex_column_div av-zero-column-padding   \" style='border-radius:0px; '><p><span class=\"av_font_icon avia_animate_when_visible av-icon-style-border ikona-halalstandard av-no-color avia-icon-pos-center \" style=\"\"><span class='av-icon-char' style='font-size:40px;line-height:40px;width:40px;' aria-hidden='true' data-av_icon='\ue800' data-av_iconfont='entypo-fontello' ><\/span><span class='av_icon_caption av-special-font'>Normes halal<\/span><\/span><br \/>\n<section class=\"av_textblock_section\"  itemscope=\"itemscope\" itemtype=\"https:\/\/schema.org\/CreativeWork\" ><div class='avia_textblock '   itemprop=\"text\" ><p>Dans le processus de fabrication nous respectons strictement les normes halal en utilisant exclusivement les ingr\u00e9dients poss\u00e9dant les certificats halal pour garantir de cette fa\u00e7on la conformit\u00e9 de nos produits aux membres de la communaut\u00e9 islamique.<\/p>\n<\/div><\/section><\/p><\/div><div class=\"flex_column av_one_third  flex_column_div av-zero-column-padding   \" style='border-radius:0px; '><p><span class=\"av_font_icon avia_animate_when_visible av-icon-style-border ikona-redneanalize av-no-color avia-icon-pos-center \" style=\"\"><span class='av-icon-char' style='font-size:40px;line-height:40px;width:40px;' aria-hidden='true' data-av_icon='\ue800' data-av_iconfont='entypo-fontello' ><\/span><span class='av_icon_caption av-special-font'>Analyses r\u00e9guli\u00e8res et v\u00e9rification de la qualit\u00e9<\/span><\/span><br \/>\n<section class=\"av_textblock_section\"  itemscope=\"itemscope\" itemtype=\"https:\/\/schema.org\/CreativeWork\" ><div class='avia_textblock '   itemprop=\"text\" ><p>En collaboration avec le Laboratoire national pour la sant\u00e9, l&#8217;environnement et la nourriture nous effectuons analyses r\u00e9guli\u00e8res\u00a0 hebdomadaires de la conformit\u00e9 sanitaire de nos produits et v\u00e9rifions constamment la qualit\u00e9, ce qui est d&#8217;une importance primordiale pour nous.<\/p>\n<\/div><\/section><\/p><\/div>\n\n<\/div><\/div><\/div><!-- close content main div --><\/div><\/div><div id='av_section_3' class='avia-section main_color avia-section-no-padding avia-no-border-styling avia-bg-style-scroll  section-no-min-height container_wrap fullsize'   ><div class='container' ><div class='template-page content  av-content-full alpha units'><div class='post-entry post-entry-type-page post-entry-675'><div class='entry-content-wrapper clearfix'>\n<div style=' margin-top:0; margin-bottom:0;'  class='hr hr-custom hr-center hr-icon-no  '><span class='hr-inner   inner-border-av-border-thin' style=' width:100%;' ><span class='hr-inner-style'><\/span><\/span><\/div>\n\n<\/div><\/div><\/div><!-- close content main div --><\/div><\/div><div id='av_section_4' class='avia-section main_color avia-section-default avia-no-shadow avia-bg-style-scroll  section-certifikati container_wrap fullsize'   ><div class='container' ><div class='template-page content  av-content-full alpha units'><div class='post-entry post-entry-type-page post-entry-675'><div class='entry-content-wrapper clearfix'>\n<div class='flex_column_table av-equal-height-column-flextable' ><div class=\"flex_column av_two_fifth  flex_column_table_cell av-equal-height-column av-align-middle av-zero-column-padding first   \" style='border-radius:0px; '><section class=\"av_textblock_section\"  itemscope=\"itemscope\" itemtype=\"https:\/\/schema.org\/CreativeWork\" ><div class='avia_textblock '   itemprop=\"text\" ><h2>Certificats<\/h2>\n<p>Le respect de toutes les normes r\u00e9glementaires et les certificats de conformit\u00e9 et qualit\u00e9 confirment la qualit\u00e9 et la confiance en notre production.<\/p>\n<\/div><\/section><\/div><div class='av-flex-placeholder'><\/div><div class=\"flex_column av_three_fifth  flex_column_table_cell av-equal-height-column av-align-middle av-zero-column-padding   certifikati \" style='border-radius:0px; '><p><div class='avia-image-container  av-styling-    avia-align-center '  itemscope=\"itemscope\" itemtype=\"https:\/\/schema.org\/ImageObject\"  ><div class='avia-image-container-inner'><a href='https:\/\/static.halalguda.com\/uploads\/HG_izjava_halal_FRA-1.jpg' class='avia_image'   target=\"_blank\" ><img class='avia_image ' src='https:\/\/static.halalguda.com\/uploads\/standard-halal-hand.png' alt='' title='Certifikat Halalguda'  itemprop=\"contentURL\"  \/><\/a><\/div><\/div><br \/>\n<div class='avia-image-container  av-styling-    avia-align-center '  itemscope=\"itemscope\" itemtype=\"https:\/\/schema.org\/ImageObject\"  ><div class='avia-image-container-inner'><img class='avia_image ' src='https:\/\/static.halalguda.com\/uploads\/certifikat-proizvedeno-v-sloveniji.png' alt='Proizvedeno v Sloveniji' title='Proizvedeno v Sloveniji'   itemprop=\"contentURL\"  \/><\/div><\/div><br \/>\n<div class='avia-image-container  av-styling-    avia-align-center '  itemscope=\"itemscope\" itemtype=\"https:\/\/schema.org\/ImageObject\"  ><div class='avia-image-container-inner'><a href='\/\/static.halalguda.com\/uploads\/certifikat-sme-excellent.png' class='avia_image'   target=\"_blank\" ><img class='avia_image ' src='https:\/\/static.halalguda.com\/uploads\/certifikat-excellent-sme.png' alt='' title='Certifikat Excellent SME'  itemprop=\"contentURL\"  \/><\/a><\/div><\/div><br \/>\n<div class='avia-image-container  av-styling-    avia-align-center '  itemscope=\"itemscope\" itemtype=\"https:\/\/schema.org\/ImageObject\"  ><div class='avia-image-container-inner'><a href='\/\/static.halalguda.com\/uploads\/certifikat-bonitetna-ocena-si.png' class='avia_image'   target=\"_blank\" ><img class='avia_image ' src='https:\/\/static.halalguda.com\/uploads\/certifikat-bonitetna-ocena-znakA.png' alt='' title='Bonitetna ocena A'  itemprop=\"contentURL\"  \/><\/a><\/div><\/div><\/p><\/div><\/div><!--close column table wrapper. Autoclose:  -->\n","protected":false},"excerpt":{"rendered":"","protected":false},"author":2,"featured_media":0,"parent":0,"menu_order":0,"comment_status":"closed","ping_status":"open","template":"","meta":{"footnotes":""},"_links":{"self":[{"href":"https:\/\/www.halalguda.com\/fr\/wp-json\/wp\/v2\/pages\/675"}],"collection":[{"href":"https:\/\/www.halalguda.com\/fr\/wp-json\/wp\/v2\/pages"}],"about":[{"href":"https:\/\/www.halalguda.com\/fr\/wp-json\/wp\/v2\/types\/page"}],"author":[{"embeddable":true,"href":"https:\/\/www.halalguda.com\/fr\/wp-json\/wp\/v2\/users\/2"}],"replies":[{"embeddable":true,"href":"https:\/\/www.halalguda.com\/fr\/wp-json\/wp\/v2\/comments?post=675"}],"version-history":[{"count":3,"href":"https:\/\/www.halalguda.com\/fr\/wp-json\/wp\/v2\/pages\/675\/revisions"}],"predecessor-version":[{"id":829,"href":"https:\/\/www.halalguda.com\/fr\/wp-json\/wp\/v2\/pages\/675\/revisions\/829"}],"wp:attachment":[{"href":"https:\/\/www.halalguda.com\/fr\/wp-json\/wp\/v2\/media?parent=675"}],"curies":[{"name":"wp","href":"https:\/\/api.w.org\/{rel}","templated":true}]}}