{"id":493,"date":"2015-12-08T09:54:28","date_gmt":"2015-12-08T09:54:28","guid":{"rendered":"https:\/\/www.halalguda.com\/de\/proizvodnja\/"},"modified":"2016-07-05T07:07:46","modified_gmt":"2016-07-05T07:07:46","slug":"produktion","status":"publish","type":"page","link":"https:\/\/www.halalguda.com\/de\/produktion\/","title":{"rendered":"Produktion"},"content":{"rendered":"<section class=\"av_textblock_section\"  itemscope=\"itemscope\" itemtype=\"https:\/\/schema.org\/CreativeWork\" ><div class='avia_textblock subheader'   itemprop=\"text\" ><h1 style=\"text-align: center;\">Produktion<\/h1>\n<p style=\"text-align: center;\">Schauen Sie sich unseren Produktionsprozess der drehenden Fleischspie\u00dfe D\u00f6ner Kebab an und erfahren Sie, warum sie die beste Wahl f\u00fcr Sie und Ihre Kunden sind.<\/p>\n<\/div><\/section>\n<\/div><\/div><\/div><!-- close content main div --><\/div><\/div><div id='av_section_1' class='avia-section main_color avia-section-no-padding avia-shadow avia-bg-style-scroll   container_wrap fullsize'   ><div class='container' ><div class='template-page content  av-content-full alpha units'><div class='post-entry post-entry-type-page post-entry-493'><div class='entry-content-wrapper clearfix'>\n<div class='flex_column_table av-equal-height-column-flextable' ><div class=\"flex_column av_one_fourth  no_margin flex_column_table_cell av-equal-height-column av-align-middle av-zero-column-padding first   \" style='border-radius:0px; '><div class='avia-image-container  av-styling-no-styling    avia-align-center '  itemscope=\"itemscope\" itemtype=\"https:\/\/schema.org\/ImageObject\"  ><div class='avia-image-container-inner'><img class='avia_image ' src='https:\/\/static.halalguda.com\/uploads\/proizvodnja_1.png' alt='' title='proizvodnja_1'   itemprop=\"contentURL\"  \/><\/div><\/div><\/div><div class=\"flex_column av_one_fourth  no_margin flex_column_table_cell av-equal-height-column av-align-middle av-zero-column-padding   \" style='border-radius:0px; '><section class=\"av_textblock_section\"  itemscope=\"itemscope\" itemtype=\"https:\/\/schema.org\/CreativeWork\" ><div class='avia_textblock '   itemprop=\"text\" ><h3>Einhaltung der Halal-Standards<\/h3>\n<p>Beim Produktionsprozess halten wir uns strikt an alle Halal-Standards und wir verwenden ausschlie\u00dflich Zutaten mit Halal-Zertifikaten und garantieren dadurch die Eignung unserer Produkte f\u00fcr Mitglieder der islamischen Gemeinde.<\/p>\n<\/div><\/section><\/div><div class=\"flex_column av_one_fourth  no_margin flex_column_table_cell av-equal-height-column av-align-middle av-zero-column-padding   \" style='border-radius:0px; '><div class='av-hotspot-image-container avia_animate_when_almost_visible  av-hotspot-blank   hotspot-proizvodnja-2 av-non-fullwidth-hotspot-image '  itemscope=\"itemscope\" itemtype=\"https:\/\/schema.org\/ImageObject\"  ><div class='av-hotspot-container'><div class='av-hotspot-container-inner-cell'><div class='av-hotspot-container-inner-wrap'><div class='av-image-hotspot' data-avia-tooltip-position='top' data-avia-tooltip-alignment='left' data-avia-tooltip-class='av-tt-default-width av-tt-pos-above av-tt-align-left  main_color av-tt-hotspot' data-avia-tooltip='' style='top: 4.7%; left: 14%; '><a href=https:\/\/static.halalguda.com\/uploads\/HG_izjava_zdravje_NEM-1.jpg  target=\"_blank\"  class='av-image-hotspot_inner' style=' '>1<\/a><div class='av-image-hotspot-pulse' ><\/div><\/div><div class='av-image-hotspot' data-avia-tooltip-position='top' data-avia-tooltip-alignment='left' data-avia-tooltip-class='av-tt-default-width av-tt-pos-above av-tt-align-left  main_color av-tt-hotspot' data-avia-tooltip='' style='top: 55.8%; left: 15.5%; '><a href=https:\/\/static.halalguda.com\/uploads\/HG_izjava_halal_NEM-1.jpg  target=\"_blank\"  class='av-image-hotspot_inner' style=' '>2<\/a><div class='av-image-hotspot-pulse' ><\/div><\/div><img class='avia_image ' src='https:\/\/static.halalguda.com\/uploads\/proizvodnja_2.png' alt='Upo\u0161tevanje Halal standardov' title='Upo\u0161tevanje Halal standardov'   itemprop=\"contentURL\"  \/><\/div><\/div><\/div><\/div><\/div><div class=\"flex_column av_one_fourth  no_margin flex_column_table_cell av-equal-height-column av-align-middle av-zero-column-padding   \" style='border-radius:0px; '><section class=\"av_textblock_section\"  itemscope=\"itemscope\" itemtype=\"https:\/\/schema.org\/CreativeWork\" ><div class='avia_textblock '   itemprop=\"text\" ><h3>F\u00fcr einen ausgezeichneten D\u00f6ner Kebab ben\u00f6tigen wir hochwertige Zutaten<\/h3>\n<p>Wir glauben an eine nat\u00fcrliche Bearbeitung und Vertrauen in die Herkunft der Zutaten aus der Europ\u00e4ischen Union mit strenger Kontrolle.<\/p>\n<\/div><\/section><\/div><\/div><!--close column table wrapper. Autoclose:  -->\n\n<\/div><\/div><\/div><!-- close content main div --><\/div><div class='av-extra-border-element border-extra-arrow-down'><div class='av-extra-border-outer'><div class='av-extra-border-inner'  style='background-color:#ffffff;' ><\/div><\/div><\/div><\/div><div id='av_section_2' class='avia-section main_color avia-section-no-padding avia-shadow avia-bg-style-scroll   container_wrap fullsize'   ><div class='container' ><div class='template-page content  av-content-full alpha units'><div class='post-entry post-entry-type-page post-entry-493'><div class='entry-content-wrapper clearfix'>\n<div class='flex_column_table av-equal-height-column-flextable' ><div class=\"flex_column av_one_fourth  no_margin flex_column_table_cell av-equal-height-column av-align-middle av-zero-column-padding first   \" style='border-radius:0px; '><section class=\"av_textblock_section\"  itemscope=\"itemscope\" itemtype=\"https:\/\/schema.org\/CreativeWork\" ><div class='avia_textblock '   itemprop=\"text\" ><h3>Umgeben von Bergen<\/h3>\n<p>Es ist kein Zufall, dass wir als Standort unseres Unternehmens und unseres Betriebswerks zur Herstellung von Fleischerzeugnissen die Umgebung von Bergen ausgew\u00e4hlt haben, die uns au\u00dferordentlich sauberes Trinkwasser versichern.<\/p>\n<p>Die Produktion von rotierenden Spie\u00dfen &#8211; D\u00f6ner-Kebab erfordert gro\u00dfe Mengen an Wasser und sauberes Wasser ist eine der Grundzutaten, die die Qualit\u00e4t des Endproduktes beeinflussen.<\/p>\n<p>Schauen Sie sich die Forschung auf dem Gebiet sauberes Wasser in der EU an.<\/p>\n<\/div><\/section><\/div><div class=\"flex_column av_one_fourth  no_margin flex_column_table_cell av-equal-height-column av-align-middle av-zero-column-padding   \" style='border-radius:0px; '><div class='av-hotspot-image-container avia_animate_when_almost_visible  av-hotspot-blank   hotspot-proizvodnja-3 av-non-fullwidth-hotspot-image '  itemscope=\"itemscope\" itemtype=\"https:\/\/schema.org\/ImageObject\"  ><div class='av-hotspot-container'><div class='av-hotspot-container-inner-cell'><div class='av-hotspot-container-inner-wrap'><div class='av-image-hotspot' data-avia-tooltip-position='top' data-avia-tooltip-alignment='left' data-avia-tooltip-class='av-tt-default-width av-tt-pos-above av-tt-align-left  main_color av-tt-hotspot' data-avia-tooltip='' style='top: 65.9%; left: 51.3%; '><a href=https:\/\/de.wikipedia.org\/wiki\/Slowenien  target=\"_blank\"  class='av-image-hotspot_inner' style=' '>1<\/a><div class='av-image-hotspot-pulse' ><\/div><\/div><img class='avia_image ' src='https:\/\/static.halalguda.com\/uploads\/proizvodnja_3_nem.png' alt='' title='proizvodnja_3_nem'   itemprop=\"contentURL\"  \/><\/div><\/div><\/div><\/div><\/div><div class=\"flex_column av_one_fourth  no_margin flex_column_table_cell av-equal-height-column av-align-middle av-zero-column-padding   \" style='border-radius:0px; '><section class=\"av_textblock_section\"  itemscope=\"itemscope\" itemtype=\"https:\/\/schema.org\/CreativeWork\" ><div class='avia_textblock '   itemprop=\"text\" ><h3>Unsere Standards<\/h3>\n<p>Die Sauberkeit unserer R\u00e4ume, die Sorge um die h\u00f6chsten Hygienestandards und strenge Einhaltung der HACCP-Standards bedeuten f\u00fcr uns nicht nur Einhaltung der Vorschriften, sondern sie sind eine Basis, bei der unsere Arbeit beginnt.<\/p>\n<p>Wir respektieren, ber\u00fccksichtigen und erf\u00fcllen alle strengen Standards im Bereich der Sauberkeit und Hygiene, alle HACCP-Richtlinien und alle Anforderungen sowie Regelungen im Bereich der Lebensmittelproduktion.<\/p>\n<p>Schauen Sie sich die Liste der zugelassenen Betriebe an.<\/p>\n<\/div><\/section><\/div><div class=\"flex_column av_one_fourth  no_margin flex_column_table_cell av-equal-height-column av-align-middle av-zero-column-padding   \" style='border-radius:0px; '><div class='av-hotspot-image-container avia_animate_when_almost_visible  av-hotspot-blank   hotspot-proizvodnja-4 av-non-fullwidth-hotspot-image '  itemscope=\"itemscope\" itemtype=\"https:\/\/schema.org\/ImageObject\"  ><div class='av-hotspot-container'><div class='av-hotspot-container-inner-cell'><div class='av-hotspot-container-inner-wrap'><img class='avia_image ' src='https:\/\/static.halalguda.com\/uploads\/proizvodnja_4.png' alt='' title='Proizvodnji proces'   itemprop=\"contentURL\"  \/><\/div><\/div><\/div><\/div><\/div><\/div><!--close column table wrapper. Autoclose:  --><\/div><\/div><\/div><!-- close content main div --><\/div><div class='av-extra-border-element border-extra-arrow-down'><div class='av-extra-border-outer'><div class='av-extra-border-inner'  style='background-color:#ffffff;' ><\/div><\/div><\/div><\/div><div id='av_section_3' class='avia-section main_color avia-section-no-padding avia-shadow avia-bg-style-scroll   container_wrap fullsize'   ><div class='container' ><div class='template-page content  av-content-full alpha units'><div class='post-entry post-entry-type-page post-entry-493'><div class='entry-content-wrapper clearfix'>\n<div class='flex_column_table av-equal-height-column-flextable' ><div class=\"flex_column av_one_fourth  no_margin flex_column_table_cell av-equal-height-column av-align-middle av-zero-column-padding first   \" style='border-radius:0px; '><div class='avia-image-container  av-styling-no-styling    avia-align-center '  itemscope=\"itemscope\" itemtype=\"https:\/\/schema.org\/ImageObject\"  ><div class='avia-image-container-inner'><img class='avia_image ' src='https:\/\/static.halalguda.com\/uploads\/proizvodnja_5.png' alt='' title='proizvodnja_5'   itemprop=\"contentURL\"  \/><\/div><\/div><\/div><div class=\"flex_column av_one_fourth  no_margin flex_column_table_cell av-equal-height-column av-align-middle av-zero-column-padding   \" style='border-radius:0px; '><section class=\"av_textblock_section\"  itemscope=\"itemscope\" itemtype=\"https:\/\/schema.org\/CreativeWork\" ><div class='avia_textblock '   itemprop=\"text\" ><h3>Fleischverarbeitung<\/h3>\n<p>Frisches Fleisch wird manuell zubereitet und\u00a0 in Steaks oder Scheiben geformt, die dann durch maschinelle Bearbeitung d\u00fcnner und weicher und so schmackhaft, wie gebratene D\u00f6ner Kebab gemacht werden.<\/p>\n<\/div><\/section><\/div><div class=\"flex_column av_one_fourth  no_margin flex_column_table_cell av-equal-height-column av-align-middle av-zero-column-padding   \" style='border-radius:0px; '><div class='avia-image-container  av-styling-no-styling    avia-align-center '  itemscope=\"itemscope\" itemtype=\"https:\/\/schema.org\/ImageObject\"  ><div class='avia-image-container-inner'><img class='avia_image ' src='https:\/\/static.halalguda.com\/uploads\/proizvodnja_6.png' alt='' title='Mariniranje mesa v masirnem stroju'   itemprop=\"contentURL\"  \/><\/div><\/div><\/div><div class=\"flex_column av_one_fourth  no_margin flex_column_table_cell av-equal-height-column av-align-middle av-zero-column-padding   \" style='border-radius:0px; '><section class=\"av_textblock_section\"  itemscope=\"itemscope\" itemtype=\"https:\/\/schema.org\/CreativeWork\" ><div class='avia_textblock '   itemprop=\"text\" ><h3>Marinieren von Fleisch in Massiermaschinen<\/h3>\n<p>Die Marinade besteht aus Wasser und einer ausgew\u00e4hlten Mischung von Gew\u00fcrzen, die komplett an Ihre W\u00fcnsche angepasst werden k\u00f6nnen und auf diese Weise Ihr Geschmack und der Geschmack Ihrer Kunden befriedigt werden kann.<\/p>\n<\/div><\/section><\/div><\/div><!--close column table wrapper. Autoclose:  -->\n<\/p>\n<p><\/div><\/div><\/div><!-- close content main div --><\/div><div class='av-extra-border-element border-extra-arrow-down'><div class='av-extra-border-outer'><div class='av-extra-border-inner'  style='background-color:#ffffff;' ><\/div><\/div><\/div><\/div><div id='av_section_4' class='avia-section main_color avia-section-no-padding avia-shadow avia-bg-style-scroll   container_wrap fullsize'   ><div class='container' ><div class='template-page content  av-content-full alpha units'><div class='post-entry post-entry-type-page post-entry-493'><div class='entry-content-wrapper clearfix'>\n<div class='flex_column_table av-equal-height-column-flextable' ><div class=\"flex_column av_one_fourth  no_margin flex_column_table_cell av-equal-height-column av-align-middle av-zero-column-padding first   \" style='border-radius:0px; '><section class=\"av_textblock_section\"  itemscope=\"itemscope\" itemtype=\"https:\/\/schema.org\/CreativeWork\" ><div class='avia_textblock '   itemprop=\"text\" ><h3>Manuelles Sortieren und Formen von gew\u00fcrztem Fleisch in rotierende Spie\u00dfe \u2013 D\u00f6ner Kebab<\/h3>\n<p>Alle rotierenden Spie\u00dfe \u2013 D\u00f6ner Kebab werden manuell gefertigt, deshalb k\u00f6nnen wir die Dimensionen vollkommen den W\u00fcnschen des Kunden anpassen.<\/p>\n<p>\u00dcbliches Nettogewicht: 5 kg, 7 kg, 10 kg, 15 kg, 20 kg, 25 kg, 30 kg<\/p>\n<\/div><\/section><\/div><div class=\"flex_column av_one_fourth  no_margin flex_column_table_cell av-equal-height-column av-align-middle av-zero-column-padding   \" style='border-radius:0px; '><div class='av-hotspot-image-container avia_animate_when_almost_visible  av-hotspot-blank   hotspot-proizvodnja-7 av-non-fullwidth-hotspot-image '  itemscope=\"itemscope\" itemtype=\"https:\/\/schema.org\/ImageObject\"  ><div class='av-hotspot-container'><div class='av-hotspot-container-inner-cell'><div class='av-hotspot-container-inner-wrap'><div class='av-image-hotspot' data-avia-tooltip-position='top' data-avia-tooltip-alignment='left' data-avia-tooltip-class='av-tt-default-width av-tt-pos-above av-tt-align-left  main_color av-tt-hotspot' data-avia-tooltip='' style='top: 67.2%; left: 63.2%; '><a href=https:\/\/de.wikipedia.org\/wiki\/Slowenien  target=\"_blank\"  class='av-image-hotspot_inner' style=' '>1<\/a><div class='av-image-hotspot-pulse' ><\/div><\/div><img class='avia_image ' src='https:\/\/static.halalguda.com\/uploads\/proizvodnja_7.png' alt='' title='proizvodnja_7'   itemprop=\"contentURL\"  \/><\/div><\/div><\/div><\/div><\/div><div class=\"flex_column av_one_fourth  no_margin flex_column_table_cell av-equal-height-column av-align-middle av-zero-column-padding   \" style='border-radius:0px; '><section class=\"av_textblock_section\"  itemscope=\"itemscope\" itemtype=\"https:\/\/schema.org\/CreativeWork\" ><div class='avia_textblock '   itemprop=\"text\" ><h4>Etiketten und Verpackung der rotierenden Spie\u00dfe D\u00f6ner Kebab in Kunststofffolien auf drehbaren St\u00e4ndern.<\/h4>\n<p>Auf drehbaren St\u00e4ndern werden die zusammengesetzten und geformten D\u00f6ner Kebab in Plastikfolie verpackt und mit entsprechenden Kennzeichnungen markiert sowie auf Transportwagen sortiert, auf denen sie dann in unsere Schockkammer kommen.<\/p>\n<\/div><\/section><\/div><div class=\"flex_column av_one_fourth  no_margin flex_column_table_cell av-equal-height-column av-align-middle av-zero-column-padding   \" style='border-radius:0px; '><p><div class='avia-image-container  av-styling-no-styling    avia-align-center '  itemscope=\"itemscope\" itemtype=\"https:\/\/schema.org\/ImageObject\"  ><div class='avia-image-container-inner'><img class='avia_image ' src='https:\/\/static.halalguda.com\/uploads\/proizvodnja_8.png' alt='' title='Proizvodnji proces'   itemprop=\"contentURL\"  \/><\/div><\/div><br \/>\n<section class=\"av_textblock_section\"  itemscope=\"itemscope\" itemtype=\"https:\/\/schema.org\/CreativeWork\" ><div class='avia_textblock oznacbe clearfix'   itemprop=\"text\" ><h4><strong>Kennzeichnungen:<\/strong><\/h4>\n<p>&#8211; (<a href=\"http:\/\/www.uradni-list.si\/1\/content?id=116104\" target=\"_blank\">Ur. l. RS, \u0161t. 6\/14<\/a>)<br \/>\n&#8211; (<a href=\"http:\/\/www.pisrs.si\/Pis.web\/pregledPredpisa?id=PRAV5391\" target=\"_blank\">Ur. l. RS, \u0161t. 36\/14<\/a>)<br \/>\n&#8211; <a href=\"http:\/\/eur-lex.europa.eu\/LexUriServ\/LexUriServ.do?uri=OJ:L:2011:304:0018:0063:SL:PDF\" target=\"_blank\">\u0161t. 1169\/2011<\/a><\/p>\n<p>&#8211; <a href=\"http:\/\/www.uvhvvr.gov.si\/fileadmin\/uvhvvr.gov.si\/pageuploads\/DELOVNA_PODROCJA\/Krma\/02004R0852-20090420-sl.pdf\" target=\"_blank\">\u0161t. 853\/2004<\/a><br \/>\n&#8211; (<a href=\"http:\/\/www.pisrs.si\/Pis.web\/pregledPredpisa?id=PRAV5670\" target=\"_blank\">Ur. l. RS, \u0161t. 59\/2012<\/a>)<\/p>\n<\/div><\/section><\/p><\/div><\/div><!--close column table wrapper. Autoclose:  -->\n<\/p>\n<\/div><\/div><\/div><!-- close content main div --><\/div><div class='av-extra-border-element border-extra-arrow-down'><div class='av-extra-border-outer'><div class='av-extra-border-inner'  style='background-color:#ffffff;' ><\/div><\/div><\/div><\/div><div id='av_section_5' class='avia-section main_color avia-section-no-padding avia-shadow avia-bg-style-scroll   container_wrap fullsize'   ><div class='container' ><div class='template-page content  av-content-full alpha units'><div class='post-entry post-entry-type-page post-entry-493'><div class='entry-content-wrapper clearfix'>\n<div class='flex_column_table av-equal-height-column-flextable' ><div class=\"flex_column av_one_fourth  no_margin flex_column_table_cell av-equal-height-column av-align-middle av-zero-column-padding first   \" style='border-radius:0px; '><div class='av-hotspot-image-container avia_animate_when_almost_visible  av-hotspot-blank   hotspot-proizvodnja-9 av-non-fullwidth-hotspot-image '  itemscope=\"itemscope\" itemtype=\"https:\/\/schema.org\/ImageObject\"  ><div class='av-hotspot-container'><div class='av-hotspot-container-inner-cell'><div class='av-hotspot-container-inner-wrap'><div class='av-image-hotspot' data-avia-tooltip-position='top' data-avia-tooltip-alignment='left' data-avia-tooltip-class='av-tt-default-width av-tt-pos-above av-tt-align-left  main_color av-tt-hotspot' data-avia-tooltip='' style='top: 71.9%; left: 55.3%; '><a href=https:\/\/static.halalguda.com\/uploads\/HG_izjava_zdravje_NEM-1.jpg  target=\"_blank\"  class='av-image-hotspot_inner' style=' '>1<\/a><div class='av-image-hotspot-pulse' ><\/div><\/div><img class='avia_image ' src='https:\/\/static.halalguda.com\/uploads\/proizvodnja_9.png' alt='' title='proizvodnja_9'   itemprop=\"contentURL\"  \/><\/div><\/div><\/div><\/div><\/div><div class=\"flex_column av_one_fourth  no_margin flex_column_table_cell av-equal-height-column av-align-middle av-zero-column-padding   \" style='border-radius:0px; '><section class=\"av_textblock_section\"  itemscope=\"itemscope\" itemtype=\"https:\/\/schema.org\/CreativeWork\" ><div class='avia_textblock '   itemprop=\"text\" ><h3>Einfrieren in der Schockkammer<\/h3>\n<p>Mit Verwendung der Schockkammer werden die verpackten und entsprechend markierten D\u00f6ner Kebab bei &#8211; 40\u00b0C tiefgefroren und auf diese Weise erhalten wir die gesundheitliche Eignung bis zum Fristablauf.<\/p>\n<p><span style=\"line-height: 1.5;\">&#8211; (<a href=\"http:\/\/www.pisrs.si\/Pis.web\/pregledPredpisa?id=PRAV5670\" target=\"_blank\">Ur. l. RS, \u0161t. 59\/2012<\/a>)<br \/>\n<\/span>&#8211; <a href=\"http:\/\/eur-lex.europa.eu\/LexUriServ\/LexUriServ.do?uri=OJ:L:2005:338:0001:0026:SL:PDF\" target=\"_blank\">\u0161t. 2073\/2005<\/a><\/p>\n<\/div><\/section><\/div><div class=\"flex_column av_one_fourth  no_margin flex_column_table_cell av-equal-height-column av-align-middle av-zero-column-padding   \" style='border-radius:0px; '><div class='avia-image-container  av-styling-no-styling    avia-align-center '  itemscope=\"itemscope\" itemtype=\"https:\/\/schema.org\/ImageObject\"  ><div class='avia-image-container-inner'><img class='avia_image ' src='https:\/\/static.halalguda.com\/uploads\/proizvodnja_10.png' alt='' title='proizvodnja_10'   itemprop=\"contentURL\"  \/><\/div><\/div><\/div><div class=\"flex_column av_one_fourth  no_margin flex_column_table_cell av-equal-height-column av-align-middle av-zero-column-padding   \" style='border-radius:0px; '><section class=\"av_textblock_section\"  itemscope=\"itemscope\" itemtype=\"https:\/\/schema.org\/CreativeWork\" ><div class='avia_textblock '   itemprop=\"text\" ><h3>Aufbewahrung<\/h3>\n<p>Die eingefrorenen D\u00f6ner Kebab werden im Gefrierraum bei \u2013 18\u00b0C aufbewahrt. Die Haltbarkeit betr\u00e4gt mindestens ein Jahr ab dem Datum der Herstellung und dem Einfrieren.<\/p>\n<\/div><\/section><\/div><\/div><!--close column table wrapper. Autoclose:  -->\n\n<\/div><\/div><\/div><!-- close content main div --><\/div><div class='av-extra-border-element border-extra-arrow-down'><div class='av-extra-border-outer'><div class='av-extra-border-inner'  style='background-color:#ffffff;' ><\/div><\/div><\/div><\/div><div id='av_section_6' class='avia-section main_color avia-section-no-padding avia-shadow avia-bg-style-scroll   container_wrap fullsize'   ><div class='container' ><div class='template-page content  av-content-full alpha units'><div class='post-entry post-entry-type-page post-entry-493'><div class='entry-content-wrapper clearfix'>\n<div class='flex_column_table av-equal-height-column-flextable' ><div class=\"flex_column av_one_fourth  no_margin flex_column_table_cell av-equal-height-column av-align-middle av-zero-column-padding first   \" style='border-radius:0px; '><section class=\"av_textblock_section\"  itemscope=\"itemscope\" itemtype=\"https:\/\/schema.org\/CreativeWork\" ><div class='avia_textblock '   itemprop=\"text\" ><h3>Lieferung und Abnahme<\/h3>\n<p>Eingefrorene D\u00f6ner Kebab, eingewickelt in Plastikfolie und\/oder in\u00a0 Paletten-Kartonschachteln geeignet f\u00fcr den Transport,\u00a0 k\u00f6nnen an die Adresse des Auftraggebers geliefert werden, aber Sie k\u00f6nnen auch von den Kunden selbst \u00fcbernommen werden und diese organisieren den eigenen Transport. Die Transporttemperatur betr\u00e4gt \u00a0\u2013 18\u00b0C.<\/p>\n<\/div><\/section><\/div><div class=\"flex_column av_one_fourth  no_margin flex_column_table_cell av-equal-height-column av-align-middle av-zero-column-padding   \" style='border-radius:0px; '><div class='avia-image-container  av-styling-no-styling    avia-align-center '  itemscope=\"itemscope\" itemtype=\"https:\/\/schema.org\/ImageObject\"  ><div class='avia-image-container-inner'><img class='avia_image ' src='https:\/\/static.halalguda.com\/uploads\/proizvodnja_11.png' alt='' title='proizvodnja_11'   itemprop=\"contentURL\"  \/><\/div><\/div><\/div><div class=\"flex_column av_one_half  no_margin flex_column_table_cell av-equal-height-column av-align-middle av-zero-column-padding   \" style='border-radius:0px; '><section class=\"av_textblock_section\"  itemscope=\"itemscope\" itemtype=\"https:\/\/schema.org\/CreativeWork\" ><div class='avia_textblock calltoaction'   itemprop=\"text\" ><h2 style=\"text-align: center;\">M\u00f6chten Sie das Kebab-Angebot \u00fcberpr\u00fcfen oder diese einfach bestellen?<\/h2>\n<div class=\"buttons_wrapper\"><div class='avia-button-wrap avia-button-center  '><a href='https:\/\/www.halalguda.com\/de\/produkte\/' class='avia-button  avia-icon_select-no avia-color-theme-color avia-size-small avia-position-center '   ><span class='avia_iconbox_title' >Schauen Sie sich das Angebot an<\/span><\/a><\/div>Oder<div class='avia-button-wrap avia-button-center  '><a href='https:\/\/www.halalguda.com\/de\/kontakt\/' class='avia-button  avia-icon_select-no avia-color-theme-color avia-size-small avia-position-center '   ><span class='avia_iconbox_title' >Kontaktieren Sie uns<\/span><\/a><\/div><\/div>\n<\/div><\/section><\/div><\/div><!--close column table wrapper. Autoclose:  -->\n\n","protected":false},"excerpt":{"rendered":"","protected":false},"author":2,"featured_media":0,"parent":0,"menu_order":0,"comment_status":"closed","ping_status":"closed","template":"","meta":{"footnotes":""},"_links":{"self":[{"href":"https:\/\/www.halalguda.com\/de\/wp-json\/wp\/v2\/pages\/493"}],"collection":[{"href":"https:\/\/www.halalguda.com\/de\/wp-json\/wp\/v2\/pages"}],"about":[{"href":"https:\/\/www.halalguda.com\/de\/wp-json\/wp\/v2\/types\/page"}],"author":[{"embeddable":true,"href":"https:\/\/www.halalguda.com\/de\/wp-json\/wp\/v2\/users\/2"}],"replies":[{"embeddable":true,"href":"https:\/\/www.halalguda.com\/de\/wp-json\/wp\/v2\/comments?post=493"}],"version-history":[{"count":8,"href":"https:\/\/www.halalguda.com\/de\/wp-json\/wp\/v2\/pages\/493\/revisions"}],"predecessor-version":[{"id":867,"href":"https:\/\/www.halalguda.com\/de\/wp-json\/wp\/v2\/pages\/493\/revisions\/867"}],"wp:attachment":[{"href":"https:\/\/www.halalguda.com\/de\/wp-json\/wp\/v2\/media?parent=493"}],"curies":[{"name":"wp","href":"https:\/\/api.w.org\/{rel}","templated":true}]}}