{"id":491,"date":"2015-12-08T09:54:40","date_gmt":"2015-12-08T09:54:40","guid":{"rendered":"https:\/\/www.halalguda.com\/de\/prodajna-mreza\/"},"modified":"2016-06-01T08:17:51","modified_gmt":"2016-06-01T08:17:51","slug":"verkaufsnetz","status":"publish","type":"page","link":"https:\/\/www.halalguda.com\/de\/verkaufsnetz\/","title":{"rendered":"Verkaufsnetz"},"content":{"rendered":"<\/div><\/div><\/div><!-- close content main div --><\/div><\/div><div id='av_section_1' class='avia-section main_color avia-section-default avia-no-shadow avia-bg-style-scroll  subheader container_wrap fullsize'   ><div class='container' ><div class='template-page content  av-content-full alpha units'><div class='post-entry post-entry-type-page post-entry-491'><div class='entry-content-wrapper clearfix'>\n<section class=\"av_textblock_section\"  itemscope=\"itemscope\" itemtype=\"https:\/\/schema.org\/CreativeWork\" ><div class='avia_textblock '   itemprop=\"text\" ><h1 style=\"text-align: center;\">Vertriebsnetz von Halal Guda D\u00f6ner Kebab-Fleischprodukte<\/h1>\n<p style=\"text-align: center;\">Unser Vertriebsnetz besteht aus jenen in- und ausl\u00e4ndischen H\u00e4ndlern und Gastronomen, die die hohe Qualit\u00e4t unserer D\u00f6ner-Kebab und anderer Halal-Fleischprodukte zu sch\u00e4tzen wissen und die uns, weil sie die strengen Normen respektieren, vertrauen und deshalb Ihren Kunden und G\u00e4sten nur das Beste anbieten m\u00f6chten.<\/p>\n<\/div><\/section>\n\n<div id='av_gmap_1' class='avia-google-map-container' data-mapid='1' style='height: 764px;'><\/div>\n<\/div><\/div><\/div><!-- close content main div --><\/div><\/div><div id='testimonials' class='avia-section main_color avia-section-no-padding avia-no-border-styling avia-bg-style-scroll   container_wrap fullsize'   ><div class='container' ><div class='template-page content  av-content-full alpha units'><div class='post-entry post-entry-type-page post-entry-491'><div class='entry-content-wrapper clearfix'>\n<section class=\"av_textblock_section\"  itemscope=\"itemscope\" itemtype=\"https:\/\/schema.org\/CreativeWork\" ><div class='avia_textblock '   itemprop=\"text\" ><h3 style=\"text-align: center;\">Vertrauen und Zufriedenheit<\/h3>\n<p style=\"text-align: center;\">Unsere H\u00e4ndler, Gastronomen und ihre Kunden sind f\u00fcr uns die gr\u00f6\u00dfte Best\u00e4tigung f\u00fcr unsere M\u00fche und Arbeit.<\/p>\n<\/div><\/section>\n<section class=\"avia_codeblock_section avia_code_block_0\"  itemscope=\"itemscope\" itemtype=\"https:\/\/schema.org\/CreativeWork\" ><div class='avia_codeblock '  itemprop=\"text\" > [avia_codeblock_placeholder uid=\"0\"] <\/div><\/section>\n\n<\/div><\/div><\/div><!-- close content main div --><\/div><\/div><div id='calltoaction' class='avia-section main_color avia-section-no-padding avia-no-border-styling avia-bg-style-scroll  section-extra-side-padding container_wrap fullsize'   ><div class='container' ><div class='template-page content  av-content-full alpha units'><div class='post-entry post-entry-type-page post-entry-491'><div class='entry-content-wrapper clearfix'>\n<section class=\"av_textblock_section\"  itemscope=\"itemscope\" itemtype=\"https:\/\/schema.org\/CreativeWork\" ><div class='avia_textblock '   itemprop=\"text\" ><h3 style=\"text-align: center;\">M\u00f6chten Sie unsere Produkte testen oder mit uns zusammenarbeiten?<\/h3>\n<p style=\"text-align: center;\">Wenn auch Sie die Qualit\u00e4t sch\u00e4tzen und ihren Kunden nur qualitativ hochwertige und leckere D\u00f6ner Kebab und andere Halal- Fleischprodukte anbieten m\u00f6chten oder wenn Sie unsere Produkte nur testen wollen oder uns nur kennenlernen wollen, dann laden wir Sie ein, uns zu kontaktieren.<\/p>\n<\/div><\/section>\n<div class='avia-button-wrap avia-button-center  '><a href='https:\/\/www.halalguda.com\/de\/produktion\/' class='avia-button  avia-icon_select-no avia-color-theme-color avia-size-small avia-position-center '   ><span class='avia_iconbox_title' >Besichtigung der Produktion<\/span><\/a><\/div>\n\n","protected":false},"excerpt":{"rendered":"","protected":false},"author":2,"featured_media":0,"parent":0,"menu_order":0,"comment_status":"closed","ping_status":"closed","template":"","meta":{"footnotes":""},"_links":{"self":[{"href":"https:\/\/www.halalguda.com\/de\/wp-json\/wp\/v2\/pages\/491"}],"collection":[{"href":"https:\/\/www.halalguda.com\/de\/wp-json\/wp\/v2\/pages"}],"about":[{"href":"https:\/\/www.halalguda.com\/de\/wp-json\/wp\/v2\/types\/page"}],"author":[{"embeddable":true,"href":"https:\/\/www.halalguda.com\/de\/wp-json\/wp\/v2\/users\/2"}],"replies":[{"embeddable":true,"href":"https:\/\/www.halalguda.com\/de\/wp-json\/wp\/v2\/comments?post=491"}],"version-history":[{"count":6,"href":"https:\/\/www.halalguda.com\/de\/wp-json\/wp\/v2\/pages\/491\/revisions"}],"predecessor-version":[{"id":555,"href":"https:\/\/www.halalguda.com\/de\/wp-json\/wp\/v2\/pages\/491\/revisions\/555"}],"wp:attachment":[{"href":"https:\/\/www.halalguda.com\/de\/wp-json\/wp\/v2\/media?parent=491"}],"curies":[{"name":"wp","href":"https:\/\/api.w.org\/{rel}","templated":true}]}}