{"id":486,"date":"2015-12-08T09:54:51","date_gmt":"2015-12-08T09:54:51","guid":{"rendered":"https:\/\/www.halalguda.com\/de\/o-podjetju\/"},"modified":"2016-06-30T07:20:51","modified_gmt":"2016-06-30T07:20:51","slug":"uber-das-unternehmen","status":"publish","type":"page","link":"https:\/\/www.halalguda.com\/de\/uber-das-unternehmen\/","title":{"rendered":"\u00dcber das Unternehmen"},"content":{"rendered":"<\/div><\/div><\/div><!-- close content main div --><\/div><\/div><div id='av_section_1' class='avia-section main_color avia-section-default avia-no-shadow avia-bg-style-scroll  subheader section-extra-side-padding container_wrap fullsize'   ><div class='container' ><div class='template-page content  av-content-full alpha units'><div class='post-entry post-entry-type-page post-entry-486'><div class='entry-content-wrapper clearfix'>\n<section class=\"av_textblock_section\"  itemscope=\"itemscope\" itemtype=\"https:\/\/schema.org\/CreativeWork\" ><div class='avia_textblock font-size-20'   itemprop=\"text\" ><h1 style=\"text-align: center;\">Vorstellung des Unternehmens<\/h1>\n<p style=\"text-align: center;\">Halal Guda Doner Kebap ist das gr\u00f6\u00dfte und erfolgreichste slowenische Unternehmen f\u00fcr die Produktion und\u00a0 den Verkauf von gew\u00fcrzten\u00a0\u00a0 drehbaren Fleischspie\u00dfen oder D\u00f6ner-Kebab. Es wurde im Jahr 2013 gegr\u00fcndet, die Gesch\u00e4ftsr\u00e4ume befinden sich bei Mlaka bei Kranj, umgeben von der unber\u00fchrten Natur der Region Gorenjska.<\/p>\n<\/div><\/section>\n<section class=\"av_textblock_section\"  itemscope=\"itemscope\" itemtype=\"https:\/\/schema.org\/CreativeWork\" ><div class='avia_textblock font-size-20'   itemprop=\"text\" ><p><span class=\"av_dropcap1 \" >24<\/span> Das Team besteht aus 24 engagierten, pr\u00e4zisen und zuverl\u00e4ssigen Kollegen, die stets bem\u00fcht sind, alle W\u00fcnsche der Kunden zu erf\u00fcllen.<\/p>\n<\/div><\/section>\n<section class=\"av_textblock_section\"  itemscope=\"itemscope\" itemtype=\"https:\/\/schema.org\/CreativeWork\" ><div class='avia_textblock font-size-20'   itemprop=\"text\" ><p style=\"text-align: center;\">Die H\u00e4ndler von Fleischerzeugnissen sch\u00e4tzen am meisten unsere Reaktionsf\u00e4higkeit, Zuverl\u00e4ssigkeit und Flexibilit\u00e4t, die Endkunden bleiben uns treu aufgrund des ausgezeichneten Geschmacks und h\u00f6chster Qualit\u00e4t.<\/p>\n<\/div><\/section>\n\n<\/div><\/div><\/div><!-- close content main div --><\/div><\/div><div id='av_section_2' class='avia-section main_color avia-section-no-padding avia-no-border-styling avia-bg-style-scroll  section-fullwidth section-slike-podjetja container_wrap fullsize'   ><div class='container' ><div class='template-page content  av-content-full alpha units'><div class='post-entry post-entry-type-page post-entry-486'><div class='entry-content-wrapper clearfix'>\n<div class='flex_column_table av-equal-height-column-flextable' ><div class=\"flex_column av_one_half  avia-full-stretch no_margin flex_column_table_cell av-equal-height-column av-align-top av-zero-column-padding first   \" style='border-radius:0px; '><div class='avia-image-container  av-styling-no-styling    avia-align-center '  itemscope=\"itemscope\" itemtype=\"https:\/\/schema.org\/ImageObject\"  ><div class='avia-image-container-inner'><img class='avia_image ' src='https:\/\/static.halalguda.com\/uploads\/o-podjetju_1.jpg' alt='' title='Poslovna stavba podjetja Halal Guda'   itemprop=\"contentURL\"  \/><\/div><\/div><\/div><div class=\"flex_column av_one_half  avia-full-stretch no_margin flex_column_table_cell av-equal-height-column av-align-top av-zero-column-padding    \" style='border-radius:0px; '><div class='avia-image-container  av-styling-no-styling    avia-align-center '  itemscope=\"itemscope\" itemtype=\"https:\/\/schema.org\/ImageObject\"  ><div class='avia-image-container-inner'><img class='avia_image ' src='https:\/\/static.halalguda.com\/uploads\/o-podjetju_2.jpg' alt='Proizvodnja podjetja Halal Guda' title='Proizvodnja podjetja Halal Guda'   itemprop=\"contentURL\"  \/><\/div><\/div><\/div><\/div><!--close column table wrapper. Autoclose:  -->\n\n<\/div><\/div><\/div><!-- close content main div --><\/div><\/div><div id='av_section_3' class='avia-section main_color avia-section-default avia-no-border-styling avia-bg-style-scroll  section-background-sivorjav container_wrap fullsize'   ><div class='container' ><div class='template-page content  av-content-full alpha units'><div class='post-entry post-entry-type-page post-entry-486'><div class='entry-content-wrapper clearfix'>\n<div class='flex_column_table av-equal-height-column-flextable' ><div class=\"flex_column av_two_fifth  flex_column_table_cell av-equal-height-column av-align-top av-zero-column-padding first   \" style='border-radius:0px; '><section class=\"av_textblock_section\"  itemscope=\"itemscope\" itemtype=\"https:\/\/schema.org\/CreativeWork\" ><div class='avia_textblock '   itemprop=\"text\" ><h2>An was wir glauben<\/h2>\n<p style=\"text-align: left;\">In unserem Unternehmen Halal Guda glauben wir an Qualit\u00e4t und Tradition, deshalb w\u00e4hlen wir bei der Zubereitung unserer Produkte nur das sauberste Wasser und die besten Zutaten aus verifizierter Quellen aus und halten uns streng an alle Halal und HACCP-Standards w\u00e4hrend des gesamten Herstellungsprozesses.<\/p>\n<p style=\"text-align: left;\">Wir sind besonders stolz auf das Halal-Zertifikat und das Goldene Zeichen f\u00fcr ausgezeichneten Geschmack im Bereich der kleinen und mittleren Unternehmen, die die hohe Qualit\u00e4t unserer Produkte und die Zuverl\u00e4ssigkeit und Professionalit\u00e4t unseres Unternehmens zeigen.<\/p>\n<\/div><\/section><\/div><div class='av-flex-placeholder'><\/div><div class=\"flex_column av_two_fifth  flex_column_table_cell av-equal-height-column av-align-top av-zero-column-padding   \" style='border-radius:0px; '><section class=\"av_textblock_section\"  itemscope=\"itemscope\" itemtype=\"https:\/\/schema.org\/CreativeWork\" ><div class='avia_textblock '   itemprop=\"text\" ><h2>Wo Sie uns finden?<\/h2>\n<p>Wir befinden uns bei Mlaka bei Kranj.<\/p>\n<p>Derzeit sind wie in f\u00fcnf L\u00e4ndern t\u00e4tig und arbeiten mit sieben H\u00e4ndlern zusammen.<\/p>\n<p>Unser Vertriebsnetz und die Anzahl der zufriedenen Kunden wachsen stetig, da sich immer mehr Menschen bewusst sind, wie wichtig gesunde und hochwertige Lebensmittel sind.<\/p>\n<\/div><\/section><\/div><div class='av-flex-placeholder'><\/div><div class=\"flex_column av_one_fifth  flex_column_table_cell av-equal-height-column av-align-top av-zero-column-padding   cta \" style='border-radius:0px; '><section class=\"av_textblock_section\"  itemscope=\"itemscope\" itemtype=\"https:\/\/schema.org\/CreativeWork\" ><div class='avia_textblock '   itemprop=\"text\" ><p><em>Besuchen Sie uns und probieren Sie unsere ausgezeichneten Produkte, bestimmt werden Sie sich entscheiden, ein Teil unserer Familie zu werden.<\/em><\/p>\n<\/div><\/section><\/div><\/div><!--close column table wrapper. Autoclose:  -->\n\n<\/div><\/div><\/div><!-- close content main div --><\/div><\/div><div id='av_section_4' class='avia-section main_color avia-section-default avia-no-shadow avia-bg-style-scroll  section-certifikati container_wrap fullsize'   ><div class='container' ><div class='template-page content  av-content-full alpha units'><div class='post-entry post-entry-type-page post-entry-486'><div class='entry-content-wrapper clearfix'>\n<div class='flex_column_table av-equal-height-column-flextable' ><div class=\"flex_column av_two_fifth  flex_column_table_cell av-equal-height-column av-align-middle av-zero-column-padding first   \" style='border-radius:0px; '><section class=\"av_textblock_section\"  itemscope=\"itemscope\" itemtype=\"https:\/\/schema.org\/CreativeWork\" ><div class='avia_textblock '   itemprop=\"text\" ><h2>Zertifikate<\/h2>\n<p>Die Qualit\u00e4t und das Vertrauen in unsere Produktion best\u00e4tigen die Einhaltung aller gesetzlichen Normen und Zertifikate \u00fcber die Eignung und Qualit\u00e4t.<\/p>\n<\/div><\/section><\/div><div class='av-flex-placeholder'><\/div><div class=\"flex_column av_three_fifth  flex_column_table_cell av-equal-height-column av-align-middle av-zero-column-padding   certifikati \" style='border-radius:0px; '><p><div class='avia-image-container  av-styling-    avia-align-center '  itemscope=\"itemscope\" itemtype=\"https:\/\/schema.org\/ImageObject\"  ><div class='avia-image-container-inner'><a href='https:\/\/static.halalguda.com\/uploads\/HG_izjava_halal_NEM-1.jpg' class='avia_image'   target=\"_blank\" ><img class='avia_image ' src='https:\/\/static.halalguda.com\/uploads\/standard-halal-hand.png' alt='' title='Certifikat Halalguda'  itemprop=\"contentURL\"  \/><\/a><\/div><\/div><br \/>\n<div class='avia-image-container  av-styling-    avia-align-center '  itemscope=\"itemscope\" itemtype=\"https:\/\/schema.org\/ImageObject\"  ><div class='avia-image-container-inner'><img class='avia_image ' src='https:\/\/static.halalguda.com\/uploads\/nemska_znacka.png' alt='' title='nemska_znacka'   itemprop=\"contentURL\"  \/><\/div><\/div><br \/>\n<div class='avia-image-container  av-styling-    avia-align-center '  itemscope=\"itemscope\" itemtype=\"https:\/\/schema.org\/ImageObject\"  ><div class='avia-image-container-inner'><a href='\/\/static.halalguda.com\/uploads\/certifikat-sme-excellent.png' class='avia_image'   target=\"_blank\" ><img class='avia_image ' src='https:\/\/static.halalguda.com\/uploads\/certifikat-excellent-sme.png' alt='' title='Certifikat Excellent SME'  itemprop=\"contentURL\"  \/><\/a><\/div><\/div><br \/>\n<div class='avia-image-container  av-styling-    avia-align-center '  itemscope=\"itemscope\" itemtype=\"https:\/\/schema.org\/ImageObject\"  ><div class='avia-image-container-inner'><a href='\/\/static.halalguda.com\/uploads\/certifikat-bonitetna-ocena-de.png' class='avia_image'   target=\"_blank\" ><img class='avia_image ' src='https:\/\/static.halalguda.com\/uploads\/certifikat-bonitetna-ocena-znak-de.png' alt='Bonit\u00e4t Exzellenz' title='Bonit\u00e4t Exzellenz'  itemprop=\"contentURL\"  \/><\/a><\/div><\/div><\/p><\/div><\/div><!--close column table wrapper. Autoclose:  --><\/div><\/div><\/div><!-- close content main div --><\/div><\/div><div id='testimonials' class='avia-section main_color avia-section-no-padding avia-no-border-styling avia-bg-style-scroll   container_wrap fullsize'   ><div class='container' ><div class='template-page content  av-content-full alpha units'><div class='post-entry post-entry-type-page post-entry-486'><div class='entry-content-wrapper clearfix'>\n<section class=\"av_textblock_section\"  itemscope=\"itemscope\" itemtype=\"https:\/\/schema.org\/CreativeWork\" ><div class='avia_textblock '   itemprop=\"text\" ><h3 style=\"text-align: center;\">Vertrauen und Zufriedenheit<\/h3>\n<p style=\"text-align: center;\">Unsere H\u00e4ndler, Gastronomen und ihre Kunden sind f\u00fcr uns die gr\u00f6\u00dfte Best\u00e4tigung f\u00fcr unsere M\u00fche und Arbeit.<\/p>\n<\/div><\/section>\n<section class=\"avia_codeblock_section avia_code_block_0\"  itemscope=\"itemscope\" itemtype=\"https:\/\/schema.org\/CreativeWork\" ><div class='avia_codeblock '  itemprop=\"text\" > [avia_codeblock_placeholder uid=\"0\"] <\/div><\/section>\n<\/p>\n","protected":false},"excerpt":{"rendered":"","protected":false},"author":2,"featured_media":0,"parent":0,"menu_order":0,"comment_status":"closed","ping_status":"closed","template":"","meta":{"footnotes":""},"_links":{"self":[{"href":"https:\/\/www.halalguda.com\/de\/wp-json\/wp\/v2\/pages\/486"}],"collection":[{"href":"https:\/\/www.halalguda.com\/de\/wp-json\/wp\/v2\/pages"}],"about":[{"href":"https:\/\/www.halalguda.com\/de\/wp-json\/wp\/v2\/types\/page"}],"author":[{"embeddable":true,"href":"https:\/\/www.halalguda.com\/de\/wp-json\/wp\/v2\/users\/2"}],"replies":[{"embeddable":true,"href":"https:\/\/www.halalguda.com\/de\/wp-json\/wp\/v2\/comments?post=486"}],"version-history":[{"count":8,"href":"https:\/\/www.halalguda.com\/de\/wp-json\/wp\/v2\/pages\/486\/revisions"}],"predecessor-version":[{"id":837,"href":"https:\/\/www.halalguda.com\/de\/wp-json\/wp\/v2\/pages\/486\/revisions\/837"}],"wp:attachment":[{"href":"https:\/\/www.halalguda.com\/de\/wp-json\/wp\/v2\/media?parent=486"}],"curies":[{"name":"wp","href":"https:\/\/api.w.org\/{rel}","templated":true}]}}