{"id":482,"date":"2016-04-11T08:07:44","date_gmt":"2016-04-11T08:07:44","guid":{"rendered":"https:\/\/www.halalguda.com\/de\/kontakt\/hvala\/"},"modified":"2016-05-27T05:36:05","modified_gmt":"2016-05-27T05:36:05","slug":"hvala","status":"publish","type":"page","link":"https:\/\/www.halalguda.com\/de\/kontakt\/hvala\/","title":{"rendered":"Zahvala za poslano sporo\u010dilo"},"content":{"rendered":"<\/div><\/div><\/div><!-- close content main div --><\/div><\/div><div id='av_section_1' class='avia-section main_color avia-section-default avia-no-shadow avia-bg-style-scroll  container_wrap fullsize'   ><div class='container' ><div class='template-page content  av-content-full alpha units'><div class='post-entry post-entry-type-page post-entry-482'><div class='entry-content-wrapper clearfix'>\n<section class=\"av_textblock_section\"  itemscope=\"itemscope\" itemtype=\"https:\/\/schema.org\/CreativeWork\" ><div class='avia_textblock '   itemprop=\"text\" ><h1 style=\"text-align: center;\">&#8222;Die Nachricht wurde gesendet!<\/h1>\n<p style=\"text-align: center;\">Wir bedanken uns f\u00fcr Ihre gesendete Nachricht. Wir werden Sie in der k\u00fcrzest m\u00f6glichsten Zeit kontaktieren.&#8220;<\/p>\n<p style=\"text-align: center;\"><em>Das Team von Halal-Guda <\/em><\/p>\n<\/div><\/section>\n<\/div><\/div><\/div><!-- close content main div --><\/div><\/div><div id='av_section_2' class='avia-section main_color avia-section-no-padding avia-no-border-styling avia-bg-style-scroll  section-fullwidth container_wrap fullsize'   ><div class='container' ><div class='template-page content  av-content-full alpha units'><div class='post-entry post-entry-type-page post-entry-482'><div class='entry-content-wrapper clearfix'>\n<div class='avia-image-container  av-styling-no-styling    avia-align-center '  itemscope=\"itemscope\" itemtype=\"https:\/\/schema.org\/ImageObject\"  ><div class='avia-image-container-inner'><img class='avia_image ' src='https:\/\/static.halalguda.com\/uploads\/zahvala-background.jpg' alt='' title=''   itemprop=\"contentURL\"  \/><\/div><\/div>\n<\/p>\n","protected":false},"excerpt":{"rendered":"","protected":false},"author":2,"featured_media":0,"parent":480,"menu_order":0,"comment_status":"closed","ping_status":"closed","template":"","meta":{"footnotes":""},"_links":{"self":[{"href":"https:\/\/www.halalguda.com\/de\/wp-json\/wp\/v2\/pages\/482"}],"collection":[{"href":"https:\/\/www.halalguda.com\/de\/wp-json\/wp\/v2\/pages"}],"about":[{"href":"https:\/\/www.halalguda.com\/de\/wp-json\/wp\/v2\/types\/page"}],"author":[{"embeddable":true,"href":"https:\/\/www.halalguda.com\/de\/wp-json\/wp\/v2\/users\/2"}],"replies":[{"embeddable":true,"href":"https:\/\/www.halalguda.com\/de\/wp-json\/wp\/v2\/comments?post=482"}],"version-history":[{"count":3,"href":"https:\/\/www.halalguda.com\/de\/wp-json\/wp\/v2\/pages\/482\/revisions"}],"predecessor-version":[{"id":748,"href":"https:\/\/www.halalguda.com\/de\/wp-json\/wp\/v2\/pages\/482\/revisions\/748"}],"up":[{"embeddable":true,"href":"https:\/\/www.halalguda.com\/de\/wp-json\/wp\/v2\/pages\/480"}],"wp:attachment":[{"href":"https:\/\/www.halalguda.com\/de\/wp-json\/wp\/v2\/media?parent=482"}],"curies":[{"name":"wp","href":"https:\/\/api.w.org\/{rel}","templated":true}]}}