{"id":477,"date":"2015-11-30T10:06:41","date_gmt":"2015-11-30T10:06:41","guid":{"rendered":"https:\/\/www.halalguda.com\/?page_id=477&#038;lang=de"},"modified":"2016-06-30T07:14:41","modified_gmt":"2016-06-30T07:14:41","slug":"startsite","status":"publish","type":"page","link":"https:\/\/www.halalguda.com\/de\/","title":{"rendered":"Startsite"},"content":{"rendered":"<\/div><\/div><\/div><!-- close content main div --><\/div><\/div><div id='av-layout-grid-1' class='av-layout-grid-container entry-content-wrapper main_color av-flex-cells  subheader container_wrap fullsize'   >\n<div class=\"flex_cell no_margin av_one_half  left  avia-full-stretch av-zero-padding \" style='background-image:url(https:\/\/static.halalguda.com\/uploads\/domov-proizvodnja.jpg); background-position:center left; background-repeat:no-repeat; background-attachment:scroll; vertical-align:middle; padding:0; '><div class='flex_cell_inner' ><div class=\"flex_column av_one_full  flex_column_div av-zero-column-padding first  top \" style='border-radius:0px; '><section class=\"av_textblock_section\"  itemscope=\"itemscope\" itemtype=\"https:\/\/schema.org\/CreativeWork\" ><div class='avia_textblock '   itemprop=\"text\" ><h1>Herstellung von Fleischerzeugnissen<\/h1>\n<\/div><\/section><br \/>\n<div class='avia-button-wrap avia-button-left  '><a href='https:\/\/www.halalguda.com\/de\/produkte\/' class='avia-button  avia-icon_select-no avia-color-custom avia-size-small avia-position-left '  style='background-color:; border-color:; color:; ' ><span class='avia_iconbox_title' >Kebab-Angebot<\/span><\/a><\/div><\/p><\/div>\n<\/div><\/div><div class=\"flex_cell no_margin av_one_half  right  av-zero-padding \" style='vertical-align:top; padding:0px; '><div class='flex_cell_inner' ><p><div class=\"flex_column av_one_full  avia-full-stretch no_margin flex_column_div av-zero-column-padding first  top \" style='background-image:url(https:\/\/static.halalguda.com\/uploads\/domov-proizvodnja-2.jpg); background-position:center left; background-repeat:no-repeat; border-radius:0px; '><section class=\"av_textblock_section\"  itemscope=\"itemscope\" itemtype=\"https:\/\/schema.org\/CreativeWork\" ><div class='avia_textblock '   itemprop=\"text\" ><h2>Unsere Produktion<\/h2>\n<\/div><\/section><br \/>\n<div class='avia-button-wrap avia-button-left  '><a href='https:\/\/www.halalguda.com\/de\/produktion\/' class='avia-button  avia-icon_select-no avia-color-custom avia-size-small avia-position-left '  style='background-color:; border-color:; color:; ' ><span class='avia_iconbox_title' >Schauen Sie sich unsere Produktion an<\/span><\/a><\/div><\/p><\/div><div class=\"flex_column av_one_full  no_margin flex_column_div av-zero-column-padding first  bottom \" style='background-image:url(https:\/\/static.halalguda.com\/uploads\/footer-background.png); background-position:top left; background-repeat:repeat-x; border-radius:0px; '><p><section class=\"av_textblock_section\"  itemscope=\"itemscope\" itemtype=\"https:\/\/schema.org\/CreativeWork\" ><div class='avia_textblock '   itemprop=\"text\" ><p>Wir halten uns streng an die Normen<\/p>\n<\/div><\/section><br \/>\n<span class=\"av_font_icon avia_animate_when_visible av-icon-style-border ikona-euporeklo av-no-color avia-icon-pos-center \" style=\"\"><span class='av-icon-char' style='font-size:40px;line-height:40px;width:40px;' aria-hidden='true' data-av_icon='\ue800' data-av_iconfont='entypo-fontello' ><\/span><span class='av_icon_caption av-special-font'>Zutaten aus der Europ\u00e4ischen Union<\/span><\/span><br \/>\n<span class=\"av_font_icon avia_animate_when_visible av-icon-style-border ikona-cistavoda av-no-color avia-icon-pos-center \" style=\"\"><span class='av-icon-char' style='font-size:40px;line-height:40px;width:40px;' aria-hidden='true' data-av_icon='\ue800' data-av_iconfont='entypo-fontello' ><\/span><span class='av_icon_caption av-special-font'>Sauberes Wasser<\/span><\/span><br \/>\n<span class=\"av_font_icon avia_animate_when_visible av-icon-style-border ikona-naravnapridelava av-no-color avia-icon-pos-center \" style=\"\"><span class='av-icon-char' style='font-size:40px;line-height:40px;width:40px;' aria-hidden='true' data-av_icon='\ue800' data-av_iconfont='entypo-fontello' ><\/span><span class='av_icon_caption av-special-font'>Nat\u00fcrlich und \u00fcberpr\u00fcft<\/span><\/span><br \/>\n<span class=\"av_font_icon avia_animate_when_visible av-icon-style-border ikona-standardcistoce av-no-color avia-icon-pos-center \" style=\"\"><span class='av-icon-char' style='font-size:40px;line-height:40px;width:40px;' aria-hidden='true' data-av_icon='\ue800' data-av_iconfont='entypo-fontello' ><\/span><span class='av_icon_caption av-special-font'>Strenge Sauberkeitsstandards<\/span><\/span><br \/>\n<span class=\"av_font_icon avia_animate_when_visible av-icon-style-border ikona-halalstandard av-no-color avia-icon-pos-center \" style=\"\"><span class='av-icon-char' style='font-size:40px;line-height:40px;width:40px;' aria-hidden='true' data-av_icon='\ue800' data-av_iconfont='entypo-fontello' ><\/span><span class='av_icon_caption av-special-font'>Halal-Standards<\/span><\/span><br \/>\n<span class=\"av_font_icon avia_animate_when_visible av-icon-style-border ikona-redneanalize av-no-color avia-icon-pos-center \" style=\"\"><span class='av-icon-char' style='font-size:40px;line-height:40px;width:40px;' aria-hidden='true' data-av_icon='\ue800' data-av_iconfont='entypo-fontello' ><\/span><span class='av_icon_caption av-special-font'>Qualit\u00e4tsanalyse<\/span><\/span><\/p><\/div><\/p>\n<\/div><\/div>\n<\/div>\n<\/div><\/div><\/div><!-- close content main div --><\/div><\/div><div id='av_section_1' class='avia-section main_color avia-section-default avia-no-shadow avia-bg-style-scroll  standardi header container_wrap fullsize' style = 'background-repeat: no-repeat; background-image: url(https:\/\/static.halalguda.com\/uploads\/domov-section-background1.png); background-attachment: scroll; background-position: center center; ' data-section-bg-repeat='no-repeat' ><div class='container' ><div class='template-page content  av-content-full alpha units'><div class='post-entry post-entry-type-page post-entry-477'><div class='entry-content-wrapper clearfix'>\n<section class=\"av_textblock_section\"  itemscope=\"itemscope\" itemtype=\"https:\/\/schema.org\/CreativeWork\" ><div class='avia_textblock '   itemprop=\"text\" ><p style=\"text-align: center;\">Aus sorgf\u00e4ltig ausgew\u00e4hlten und hochwertigen Zutaten, unter Ber\u00fccksichtigung aller HACCP und HALAL-Standards und strengen Sauberkeitsnormen und Qualit\u00e4tsstandards, produzieren wir nach einem traditionellen t\u00fcrkischen Rezept auf umweltfreundliche und nat\u00fcrliche Art und Weise k\u00f6stliche, gesunde und qualitativ hochwertige drehbare gew\u00fcrzte Fleischspie\u00dfe-D\u00f6ner-Kebab. Unser Produktionsprogramm umfasst auch andere Halal-Fleischprodukte.<\/p>\n<\/div><\/section>\n\n<\/div><\/div><\/div><!-- close content main div --><\/div><\/div><div id='av_section_2' class='avia-section main_color avia-section-small avia-no-border-styling avia-bg-style-scroll  standardi content container_wrap fullsize'   ><div class='container' ><div class='template-page content  av-content-full alpha units'><div class='post-entry post-entry-type-page post-entry-477'><div class='entry-content-wrapper clearfix'>\n<section class=\"av_textblock_section\"  itemscope=\"itemscope\" itemtype=\"https:\/\/schema.org\/CreativeWork\" ><div class='avia_textblock '   itemprop=\"text\" ><h2 style=\"text-align: center;\">Wir halten uns streng an die Normen<\/h2>\n<\/div><\/section>\n<div class=\"flex_column av_one_third  flex_column_div av-zero-column-padding first  \" style='border-radius:0px; '><p><span class=\"av_font_icon avia_animate_when_visible av-icon-style-border ikona-euporeklo av-no-color avia-icon-pos-center \" style=\"\"><span class='av-icon-char' style='font-size:40px;line-height:40px;width:40px;' aria-hidden='true' data-av_icon='\ue800' data-av_iconfont='entypo-fontello' ><\/span><span class='av_icon_caption av-special-font'>Herkunft der Zutaten aus der Europ\u00e4ischen Union<\/span><\/span><br \/>\n<section class=\"av_textblock_section\"  itemscope=\"itemscope\" itemtype=\"https:\/\/schema.org\/CreativeWork\" ><div class='avia_textblock '   itemprop=\"text\" ><p>Alle Zutaten unserer Produkte stammen aus der Europ\u00e4ischen Union\u00a0 und sind strengen Kontrollen in Bezug auf die Qualit\u00e4t, R\u00fcckverfolgbarkeit, Gesundheit und die Einhaltung der gesetzlichen Normen und Anforderungen unterworfen.<\/p>\n<\/div><\/section><\/p><\/div><div class=\"flex_column av_one_third  flex_column_div av-zero-column-padding   \" style='border-radius:0px; '><p><span class=\"av_font_icon avia_animate_when_visible av-icon-style-border ikona-standardcistoce av-no-color avia-icon-pos-center \" style=\"\"><span class='av-icon-char' style='font-size:40px;line-height:40px;width:40px;' aria-hidden='true' data-av_icon='\ue800' data-av_iconfont='entypo-fontello' ><\/span><span class='av_icon_caption av-special-font'>Strenge Sauberkeitsstandards<\/span><\/span><br \/>\n<section class=\"av_textblock_section\"  itemscope=\"itemscope\" itemtype=\"https:\/\/schema.org\/CreativeWork\" ><div class='avia_textblock '   itemprop=\"text\" ><p>Einhaltung strenger Sauberkeitsstandards, gute Hygienepraxis und regul\u00e4re maschinelle und manuelle Entfernung von Verunreinigungen, sind die Basis f\u00fcr die Qualit\u00e4tssicherung und gesundheitsfreundliche und sichere Verbraucherlebensmittel.<\/p>\n<\/div><\/section><\/p><\/div><div class=\"flex_column av_one_third  flex_column_div av-zero-column-padding   \" style='border-radius:0px; '><p><span class=\"av_font_icon avia_animate_when_visible av-icon-style-border ikona-cistavoda av-no-color avia-icon-pos-center \" style=\"\"><span class='av-icon-char' style='font-size:40px;line-height:40px;width:40px;' aria-hidden='true' data-av_icon='\ue800' data-av_iconfont='entypo-fontello' ><\/span><span class='av_icon_caption av-special-font'>Sauberes Wasser<\/span><\/span><br \/>\n<section class=\"av_textblock_section\"  itemscope=\"itemscope\" itemtype=\"https:\/\/schema.org\/CreativeWork\" ><div class='avia_textblock '   itemprop=\"text\" ><p>Eine Voraussetzung f\u00fcr qualit\u00e4tsvolle und gesunde Lebensmittel ist die Verwendung von sauberem, nicht verschmutztem und f\u00fcr den Menschen geeignetem Trinkwasser. Trotz der Tatsache, dass wir in unserer Umgebung ausreichend sauberes Wasser haben, f\u00fchren wir regelm\u00e4\u00dfige Kontrollen durch.<\/p>\n<\/div><\/section><\/p><\/div><div class=\"flex_column av_one_third  flex_column_div av-zero-column-padding first  \" style='border-radius:0px; '><p><span class=\"av_font_icon avia_animate_when_visible av-icon-style-border ikona-naravnapridelava av-no-color avia-icon-pos-center \" style=\"\"><span class='av-icon-char' style='font-size:40px;line-height:40px;width:40px;' aria-hidden='true' data-av_icon='\ue800' data-av_iconfont='entypo-fontello' ><\/span><span class='av_icon_caption av-special-font'>Nat\u00fcrliche Produktion und gepr\u00fcfte Lieferanten<\/span><\/span><br \/>\n<section class=\"av_textblock_section\"  itemscope=\"itemscope\" itemtype=\"https:\/\/schema.org\/CreativeWork\" ><div class='avia_textblock '   itemprop=\"text\" ><p>Wir arbeiten ausschlie\u00dflich mit gepr\u00fcften Lieferanten zusammen, die die HACCP und HALAL-Standards ber\u00fccksichtigen und das Rohmaterial auf eine nat\u00fcrliche und umweltfreundlich Art und Weise, ohne den Einsatz von f\u00fcr Tiere und Menschen gef\u00e4hrliche\u00a0 oder ungesunde Zusatzstoffe, verarbeiten.<\/p>\n<\/div><\/section><\/p><\/div><div class=\"flex_column av_one_third  flex_column_div av-zero-column-padding   \" style='border-radius:0px; '><p><span class=\"av_font_icon avia_animate_when_visible av-icon-style-border ikona-halalstandard av-no-color avia-icon-pos-center \" style=\"\"><span class='av-icon-char' style='font-size:40px;line-height:40px;width:40px;' aria-hidden='true' data-av_icon='\ue800' data-av_iconfont='entypo-fontello' ><\/span><span class='av_icon_caption av-special-font'>Halal-Standards<\/span><\/span><br \/>\n<section class=\"av_textblock_section\"  itemscope=\"itemscope\" itemtype=\"https:\/\/schema.org\/CreativeWork\" ><div class='avia_textblock '   itemprop=\"text\" ><p>Beim Produktionsprozess halten wir uns strikt an alle Halal-Standards und wir verwenden ausschlie\u00dflich Zutaten mit Halal-Zertifikaten und garantieren dadurch die Eignung unserer Produkte f\u00fcr Mitglieder der islamischen Gemeinde.<\/p>\n<\/div><\/section><\/p><\/div><div class=\"flex_column av_one_third  flex_column_div av-zero-column-padding   \" style='border-radius:0px; '><p><span class=\"av_font_icon avia_animate_when_visible av-icon-style-border ikona-redneanalize av-no-color avia-icon-pos-center \" style=\"\"><span class='av-icon-char' style='font-size:40px;line-height:40px;width:40px;' aria-hidden='true' data-av_icon='\ue800' data-av_iconfont='entypo-fontello' ><\/span><span class='av_icon_caption av-special-font'>Regelm\u00e4\u00dfige Analysen und Qualit\u00e4tskontrolle<\/span><\/span><br \/>\n<section class=\"av_textblock_section\"  itemscope=\"itemscope\" itemtype=\"https:\/\/schema.org\/CreativeWork\" ><div class='avia_textblock '   itemprop=\"text\" ><p>In Zusammenarbeit mit dem nationalen Labor f\u00fcr die menschliche Gesundheit, Umwelt und Nahrung sorgen wir f\u00fcr regul\u00e4re w\u00f6chentliche Analysen der Gesundheitseignung unserer Produkte und \u00fcberpr\u00fcfen die Qualit\u00e4t, die f\u00fcr uns von gr\u00f6\u00dfter Bedeutung ist.<\/p>\n<\/div><\/section><\/p><\/div>\n\n<\/div><\/div><\/div><!-- close content main div --><\/div><\/div><div id='av_section_3' class='avia-section main_color avia-section-no-padding avia-no-border-styling avia-bg-style-scroll  section-no-min-height container_wrap fullsize'   ><div class='container' ><div class='template-page content  av-content-full alpha units'><div class='post-entry post-entry-type-page post-entry-477'><div class='entry-content-wrapper clearfix'>\n<div style=' margin-top:0; margin-bottom:0;'  class='hr hr-custom hr-center hr-icon-no  '><span class='hr-inner   inner-border-av-border-thin' style=' width:100%;' ><span class='hr-inner-style'><\/span><\/span><\/div>\n\n<\/div><\/div><\/div><!-- close content main div --><\/div><\/div><div id='av_section_4' class='avia-section main_color avia-section-default avia-no-shadow avia-bg-style-scroll  section-certifikati container_wrap fullsize'   ><div class='container' ><div class='template-page content  av-content-full alpha units'><div class='post-entry post-entry-type-page post-entry-477'><div class='entry-content-wrapper clearfix'>\n<div class='flex_column_table av-equal-height-column-flextable' ><div class=\"flex_column av_two_fifth  flex_column_table_cell av-equal-height-column av-align-middle av-zero-column-padding first   \" style='border-radius:0px; '><section class=\"av_textblock_section\"  itemscope=\"itemscope\" itemtype=\"https:\/\/schema.org\/CreativeWork\" ><div class='avia_textblock '   itemprop=\"text\" ><h2>Zertifikate<\/h2>\n<p>Die Qualit\u00e4t und das Vertrauen in unsere Produktion best\u00e4tigen die Einhaltung aller gesetzlichen Normen und Zertifikate \u00fcber die Eignung und Qualit\u00e4t.<\/p>\n<\/div><\/section><\/div><div class='av-flex-placeholder'><\/div><div class=\"flex_column av_three_fifth  flex_column_table_cell av-equal-height-column av-align-middle av-zero-column-padding   certifikati \" style='border-radius:0px; '><p><div class='avia-image-container  av-styling-    avia-align-center '  itemscope=\"itemscope\" itemtype=\"https:\/\/schema.org\/ImageObject\"  ><div class='avia-image-container-inner'><a href='https:\/\/static.halalguda.com\/uploads\/HG_izjava_halal_NEM-1.jpg' class='avia_image'   target=\"_blank\" ><img class='avia_image ' src='https:\/\/static.halalguda.com\/uploads\/standard-halal-hand.png' alt='' title='Certifikat Halalguda'  itemprop=\"contentURL\"  \/><\/a><\/div><\/div><br \/>\n<div class='avia-image-container  av-styling-    avia-align-center '  itemscope=\"itemscope\" itemtype=\"https:\/\/schema.org\/ImageObject\"  ><div class='avia-image-container-inner'><img class='avia_image ' src='https:\/\/static.halalguda.com\/uploads\/certifikat-proizvedeno-v-sloveniji.png' alt='Proizvedeno v Sloveniji' title='Proizvedeno v Sloveniji'   itemprop=\"contentURL\"  \/><\/div><\/div><br \/>\n<div class='avia-image-container  av-styling-    avia-align-center '  itemscope=\"itemscope\" itemtype=\"https:\/\/schema.org\/ImageObject\"  ><div class='avia-image-container-inner'><a href='\/\/static.halalguda.com\/uploads\/certifikat-sme-excellent.png' class='avia_image'   target=\"_blank\" ><img class='avia_image ' src='https:\/\/static.halalguda.com\/uploads\/certifikat-excellent-sme.png' alt='' title='Certifikat Excellent SME'  itemprop=\"contentURL\"  \/><\/a><\/div><\/div><br \/>\n<div class='avia-image-container  av-styling-    avia-align-center '  itemscope=\"itemscope\" itemtype=\"https:\/\/schema.org\/ImageObject\"  ><div class='avia-image-container-inner'><a href='\/\/static.halalguda.com\/uploads\/certifikat-bonitetna-ocena-de.png' class='avia_image'   target=\"_blank\" ><img class='avia_image ' src='https:\/\/static.halalguda.com\/uploads\/certifikat-bonitetna-ocena-znak-de.png' alt='Bonit\u00e4t Exzellenz' title='Bonit\u00e4t Exzellenz'  itemprop=\"contentURL\"  \/><\/a><\/div><\/div><\/p><\/div><\/div><!--close column table wrapper. Autoclose:  -->\n","protected":false},"excerpt":{"rendered":"","protected":false},"author":2,"featured_media":0,"parent":0,"menu_order":0,"comment_status":"closed","ping_status":"open","template":"","meta":{"footnotes":""},"_links":{"self":[{"href":"https:\/\/www.halalguda.com\/de\/wp-json\/wp\/v2\/pages\/477"}],"collection":[{"href":"https:\/\/www.halalguda.com\/de\/wp-json\/wp\/v2\/pages"}],"about":[{"href":"https:\/\/www.halalguda.com\/de\/wp-json\/wp\/v2\/types\/page"}],"author":[{"embeddable":true,"href":"https:\/\/www.halalguda.com\/de\/wp-json\/wp\/v2\/users\/2"}],"replies":[{"embeddable":true,"href":"https:\/\/www.halalguda.com\/de\/wp-json\/wp\/v2\/comments?post=477"}],"version-history":[{"count":10,"href":"https:\/\/www.halalguda.com\/de\/wp-json\/wp\/v2\/pages\/477\/revisions"}],"predecessor-version":[{"id":830,"href":"https:\/\/www.halalguda.com\/de\/wp-json\/wp\/v2\/pages\/477\/revisions\/830"}],"wp:attachment":[{"href":"https:\/\/www.halalguda.com\/de\/wp-json\/wp\/v2\/media?parent=477"}],"curies":[{"name":"wp","href":"https:\/\/api.w.org\/{rel}","templated":true}]}}